{"id":10056,"date":"2016-12-05T15:30:26","date_gmt":"2016-12-05T18:30:26","guid":{"rendered":"http:\/\/setorindustria.com.br\/?page_id=10056"},"modified":"2025-05-28T12:51:41","modified_gmt":"2025-05-28T15:51:41","slug":"retifica-para-corpo-de-provas-set-50-p-linha-pro","status":"publish","type":"page","link":"https:\/\/setorindustria.com.br\/en\/maquinas\/retifica-para-corpo-de-provas-set-50-p-linha-pro\/","title":{"rendered":"Ret\u00edfica semi-manual para corpo de provas &#8211; SET 50 P Linha PRO"},"content":{"rendered":"<p class=\"qtranxs-available-languages-message qtranxs-available-languages-message-en\">Sorry, this entry is only available in <a href=\"https:\/\/setorindustria.com.br\/pb\/wp-json\/wp\/v2\/pages\/10056\" class=\"qtranxs-available-language-link qtranxs-available-language-link-pb\" title=\"Portugu\u00eas do Brasil\">Portugu\u00eas do Brasil<\/a>. For the sake of viewer convenience, the content is shown below in the alternative language. You may click the link to switch the active language.<\/p><div class=\"wpb-content-wrapper\"><p>[vc_row css=&#8221;.vc_custom_1491406364398{margin-top: 0px !important;}&#8221; expanded=&#8221;&#8221; background_type=&#8221;image&#8221; background_style=&#8221;cover&#8221;][vc_column width=&#8221;1\/1&#8243;][vc_column_text]<\/p>\n<h2 class=\"page-title\"><strong>Ret\u00edfica\u00a0Semi-Manual para corpo de provas &#8211; SET 50P Linha PRO<\/strong><\/h2>\n<hr style=\"height: 2px; background: #a7a7a7; margin-top: -35px; margin-bottom: 20px;\" \/>\n<p>[\/vc_column_text][\/vc_column][\/vc_row][vc_row expanded=&#8221;&#8221; background_type=&#8221;image&#8221; background_style=&#8221;cover&#8221; full_width=&#8221;stretch_row&#8221;][vc_column width=&#8221;1\/2&#8243; css=&#8221;.vc_custom_1479919203340{border-bottom-width: 60px !important;}&#8221;][vc_column_text]<\/p>\n<h3 style=\"text-align: left;\"><strong>Marca:<\/strong> Setor Ind\u00ae<\/h3>\n<h3 style=\"text-align: left;\"><strong>Modelo:<\/strong> SET 50P Linha PRO<\/h3>\n<h3 style=\"text-align: left;\"><strong>Tens\u00e3o:<\/strong> Trif\u00e1sica 220V\/380V ou 220V monof\u00e1sica\/bif\u00e1sica<\/h3>\n<h3 style=\"text-align: left;\"><strong>Garantia:<\/strong> 12 meses<\/h3>\n<p>[\/vc_column_text][vc_column_text]<a class=\"botao-pdf\" href=\"\/arquivos\/2016\/12\/Ret\u00edfica-para-Corpo-de-Provas-SET-50P.pdf\">FOLDER<\/a><\/p>\n<p><a class=\"botao-pdf botaoOrcamento\" href=\"http:\/\/setorindustria.com.br\/orcamento\/\">OR\u00c7AMENTO<\/a>[\/vc_column_text][vc_empty_space height=&#8221;12px&#8221;][\/vc_column][vc_column width=&#8221;1\/2&#8243; el_class=&#8221;produtos-slider&#8221;][vc_raw_html]<\/p>\n<p>JTNDJTIxLS0lMjBTTElERVIlMjAtLSUzRSUwQSUzQ2RpdiUyMGNsYXNzJTNEJTIyc2xpZGVyX3Byb2Rfd3JhcHBlciUyMiUzRSUwQSUyMCUyMCUzQ2RpdiUyMGNsYXNzJTNEJTIyc2xpZGVyX3Byb2Rfc2xpZGVzJTIyJTNFJTBBJTIwJTIwJTIwJTIwJTNDZGl2JTIwY2xhc3MlM0QlMjJzbGlkZXJfY2FyZCUyMiUzRSUwQSUyMCUyMCUyMCUyMCUyMCUyMCUzQ2ltZyUyMHNyYyUzRCUyMmh0dHBzJTNBJTJGJTJGc2V0b3JpbmR1c3RyaWEuY29tLmJyJTJGYXJxdWl2b3MlMkYyMDE2JTJGMTIlMkZSZXQlQzMlQURmaWNhLWZhY2VhZG9yYS1wYXJhLWNvcnBvLWRlLXByb3Zhcy1kZS1jb25jcmV0by1NYW51YWwtU0VULTUwUC0xLnMuanBlZyUyMiUyMGFsdCUzRCUyMkltYWdlbSUyMDElMjIlM0UlMEElMjAlMjAlMjAlMjAlM0MlMkZkaXYlM0UlMEElMjAlMjAlMjAlMjAlM0NkaXYlMjBjbGFzcyUzRCUyMnNsaWRlcl9jYXJkJTIyJTNFJTBBJTIwJTIwJTIwJTIwJTIwJTIwJTNDaW1nJTIwc3JjJTNEJTIyaHR0cHMlM0ElMkYlMkZzZXRvcmluZHVzdHJpYS5jb20uYnIlMkZhcnF1aXZvcyUyRjIwMTYlMkYxMiUyRlJldCVDMyVBRGZpY2EtZmFjZWFkb3JhLXBhcmEtY29ycG8tZGUtcHJvdmFzLWRlLWNvbmNyZXRvLU1hbnVhbC1TRVQtNTBQLTIucy5qcGVnJTIyJTIwYWx0JTNEJTIySW1hZ2VtJTIwMiUyMiUzRSUwQSUyMCUyMCUyMCUyMCUzQyUyRmRpdiUzRSUwQSUyMCUyMCUyMCUyMCUzQ2RpdiUyMGNsYXNzJTNEJTIyc2xpZGVyX2NhcmQlMjIlM0UlMEElMjAlMjAlMjAlMjAlMjAlMjAlM0NpbWclMjBzcmMlM0QlMjJodHRwcyUzQSUyRiUyRnNldG9yaW5kdXN0cmlhLmNvbS5iciUyRmFycXVpdm9zJTJGMjAxNiUyRjEyJTJGUmV0JUMzJUFEZmljYS1mYWNlYWRvcmEtcGFyYS1jb3Jwby1kZS1wcm92YXMtZGUtY29uY3JldG8tTWFudWFsLVNFVC01MFAtMy5zLmpwZWclMjIlMjBhbHQlM0QlMjJJbWFnZW0lMjAzJTIyJTNFJTBBJTIwJTIwJTIwJTIwJTNDJTJGZGl2JTNFJTBBJTIwJTIwJTNDJTJGZGl2JTNFJTBBJTIwJTIwJTNDYnV0dG9uJTIwY2xhc3MlM0QlMjJzbGlkZXJfbmF2JTIwcHJldiUyMiUzRSUyNiUyMzEwMDk0JTNCJTNDJTJGYnV0dG9uJTNFJTBBJTIwJTIwJTNDYnV0dG9uJTIwY2xhc3MlM0QlMjJzbGlkZXJfbmF2JTIwbmV4dCUyMiUzRSUyNiUyMzEwMDk1JTNCJTNDJTJGYnV0dG9uJTNFJTBBJTNDJTJGZGl2JTNFJTBBJTBBJTNDJTIxLS0lMjBCVUxMRVRTJTIwLS0lM0UlMEElM0NkaXYlMjBjbGFzcyUzRCUyMnNsaWRlcl9idWxsZXRzJTIyJTNFJTNDJTJGZGl2JTNFJTBBJTBBJTNDJTIxLS0lMjBMSUdIVEJPWCUyMC0tJTNFJTBBJTNDZGl2JTIwaWQlM0QlMjJsaWdodGJveF9vdmVybGF5JTIyJTNFJTBBJTIwJTIwJTNDc3BhbiUyMGNsYXNzJTNEJTIyY2xvc2VfbGlnaHRib3glMjIlM0UlMjZ0aW1lcyUzQiUzQyUyRnNwYW4lM0UlMEElMjAlMjAlM0NpbWclMjBjbGFzcyUzRCUyMmxpZ2h0Ym94X2ltZyUyMiUyMHNyYyUzRCUyMiUyMiUyMGFsdCUzRCUyMkltYWdlbSUyMEFtcGxpYWRhJTIyJTNFJTBBJTNDJTJGZGl2JTNFJTBBJTBBJTBBJTBBJTBBJTNDJTIxLS0lMjBTQ1JJUFQlMjAtLSUzRSUwQSUzQ3NjcmlwdCUzRSUwQSUyMCUyMGNvbnN0JTIwc2xpZGVzJTIwJTNEJTIwZG9jdW1lbnQucXVlcnlTZWxlY3RvciUyOCUyNy5zbGlkZXJfcHJvZF9zbGlkZXMlMjclMjklM0IlMEElMjAlMjBjb25zdCUyMGNhcmRzJTIwJTNEJTIwc2xpZGVzLnF1ZXJ5U2VsZWN0b3JBbGwlMjglMjcuc2xpZGVyX2NhcmQlMjclMjklM0IlMEElMjAlMjBjb25zdCUyMGJ1bGxldHNDb250YWluZXIlMjAlM0QlMjBkb2N1bWVudC5xdWVyeVNlbGVjdG9yJTI4JTI3LnNsaWRlcl9idWxsZXRzJTI3JTI5JTNCJTBBJTIwJTIwbGV0JTIwaW5kZXglMjAlM0QlMjAwJTNCJTBBJTBBJTIwJTIwJTJGJTJGJTIwQ3JpYSUyMG9zJTIwYnVsbGV0cyUwQSUyMCUyMGNhcmRzLmZvckVhY2glMjglMjhfJTJDJTIwaSUyOSUyMCUzRCUzRSUyMCU3QiUwQSUyMCUyMCUyMCUyMGNvbnN0JTIwZG90JTIwJTNEJTIwZG9jdW1lbnQuY3JlYXRlRWxlbWVudCUyOCUyN3NwYW4lMjclMjklM0IlMEElMjAlMjAlMjAlMjBpZiUyMCUyOGklMjAlM0QlM0QlM0QlMjAwJTI5JTIwZG90LmNsYXNzTGlzdC5hZGQlMjglMjdhY3RpdmUlMjclMjklM0IlMEElMjAlMjAlMjAlMjBkb3QuYWRkRXZlbnRMaXN0ZW5lciUyOCUyN2NsaWNrJTI3JTJDJTIwJTI4JTI5JTIwJTNEJTNFJTIwJTdCJTBBJTIwJTIwJTIwJTIwJTIwJTIwaW5kZXglMjAlM0QlMjBpJTNCJTBBJTIwJTIwJTIwJTIwJTIwJTIwdXBkYXRlU2xpZGUlMjglMjklM0IlMEElMjAlMjAlMjAlMjAlN0QlMjklM0IlMEElMjAlMjAlMjAlMjBidWxsZXRzQ29udGFpbmVyLmFwcGVuZENoaWxkJTI4ZG90JTI5JTNCJTBBJTIwJTIwJTdEJTI5JTNCJTBBJTBBJTIwJTIwZnVuY3Rpb24lMjB1cGRhdGVTbGlkZSUyOCUyOSUyMCU3QiUwQSUyMCUyMCUyMCUyMHNsaWRlcy5zdHlsZS50cmFuc2Zvcm0lMjAlM0QlMjAlNjB0cmFuc2xhdGVYJTI4LSUyNCU3QmluZGV4JTIwJTJBJTIwMTAwJTdEJTI1JTI5JTYwJTNCJTBBJTIwJTIwJTIwJTIwZG9jdW1lbnQucXVlcnlTZWxlY3RvckFsbCUyOCUyNy5zbGlkZXJfYnVsbGV0cyUyMHNwYW4lMjclMjkuZm9yRWFjaCUyOCUyOGIlMkMlMjBpJTI5JTIwJTNEJTNFJTIwJTdCJTBBJTIwJTIwJTIwJTIwJTIwJTIwYi5jbGFzc0xpc3QudG9nZ2xlJTI4JTI3YWN0aXZlJTI3JTJDJTIwaSUyMCUzRCUzRCUzRCUyMGluZGV4JTI5JTNCJTBBJTIwJTIwJTIwJTIwJTdEJTI5JTNCJTBBJTIwJTIwJTdEJTBBJTBBJTIwJTIwZG9jdW1lbnQucXVlcnlTZWxlY3RvciUyOCUyNy5zbGlkZXJfbmF2Lm5leHQlMjclMjkuYWRkRXZlbnRMaXN0ZW5lciUyOCUyN2NsaWNrJTI3JTJDJTIwJTI4JTI5JTIwJTNEJTNFJTIwJTdCJTBBJTIwJTIwJTIwJTIwaW5kZXglMjAlM0QlMjAlMjhpbmRleCUyMCUyQiUyMDElMjklMjAlMjUlMjBjYXJkcy5sZW5ndGglM0IlMEElMjAlMjAlMjAlMjB1cGRhdGVTbGlkZSUyOCUyOSUzQiUwQSUyMCUyMCU3RCUyOSUzQiUwQSUwQSUyMCUyMGRvY3VtZW50LnF1ZXJ5U2VsZWN0b3IlMjglMjcuc2xpZGVyX25hdi5wcmV2JTI3JTI5LmFkZEV2ZW50TGlzdGVuZXIlMjglMjdjbGljayUyNyUyQyUyMCUyOCUyOSUyMCUzRCUzRSUyMCU3QiUwQSUyMCUyMCUyMCUyMGluZGV4JTIwJTNEJTIwJTI4aW5kZXglMjAtJTIwMSUyMCUyQiUyMGNhcmRzLmxlbmd0aCUyOSUyMCUyNSUyMGNhcmRzLmxlbmd0aCUzQiUwQSUyMCUyMCUyMCUyMHVwZGF0ZVNsaWRlJTI4JTI5JTNCJTBBJTIwJTIwJTdEJTI5JTNCJTBBJTBBJTIwJTIwJTJGJTJGJTIwTGlnaHRib3glMEElMjAlMjBzbGlkZXMucXVlcnlTZWxlY3RvckFsbCUyOCUyN2ltZyUyNyUyOS5mb3JFYWNoJTI4aW1nJTIwJTNEJTNFJTIwJTdCJTBBJTIwJTIwJTIwJTIwaW1nLmFkZEV2ZW50TGlzdGVuZXIlMjglMjdjbGljayUyNyUyQyUyMCUyOCUyOSUyMCUzRCUzRSUyMCU3QiUwQSUyMCUyMCUyMCUyMCUyMCUyMGRvY3VtZW50LnF1ZXJ5U2VsZWN0b3IlMjglMjcubGlnaHRib3hfaW1nJTI3JTI5LnNyYyUyMCUzRCUyMGltZy5zcmMlM0IlMEElMjAlMjAlMjAlMjAlMjAlMjBkb2N1bWVudC5nZXRFbGVtZW50QnlJZCUyOCUyN2xpZ2h0Ym94X292ZXJsYXklMjclMjkuc3R5bGUuZGlzcGxheSUyMCUzRCUyMCUyN2ZsZXglMjclM0IlMEElMjAlMjAlMjAlMjAlN0QlMjklM0IlMEElMjAlMjAlN0QlMjklM0IlMEElMEElMjAlMjBkb2N1bWVudC5xdWVyeVNlbGVjdG9yJTI4JTI3LmNsb3NlX2xpZ2h0Ym94JTI3JTI5LmFkZEV2ZW50TGlzdGVuZXIlMjglMjdjbGljayUyNyUyQyUyMCUyOCUyOSUyMCUzRCUzRSUyMCU3QiUwQSUyMCUyMCUyMCUyMGRvY3VtZW50LmdldEVsZW1lbnRCeUlkJTI4JTI3bGlnaHRib3hfb3ZlcmxheSUyNyUyOS5zdHlsZS5kaXNwbGF5JTIwJTNEJTIwJTI3bm9uZSUyNyUzQiUwQSUyMCUyMCU3RCUyOSUzQiUwQSUwQSUyMCUyMGRvY3VtZW50LmdldEVsZW1lbnRCeUlkJTI4JTI3bGlnaHRib3hfb3ZlcmxheSUyNyUyOS5hZGRFdmVudExpc3RlbmVyJTI4JTI3Y2xpY2slMjclMkMlMjAlMjhlJTI5JTIwJTNEJTNFJTIwJTdCJTBBJTIwJTIwJTIwJTIwaWYlMjAlMjhlLnRhcmdldCUyMCUzRCUzRCUzRCUyMGUuY3VycmVudFRhcmdldCUyOSUyMCU3QiUwQSUyMCUyMCUyMCUyMCUyMCUyMGUuY3VycmVudFRhcmdldC5zdHlsZS5kaXNwbGF5JTIwJTNEJTIwJTI3bm9uZSUyNyUzQiUwQSUyMCUyMCUyMCUyMCU3RCUwQSUyMCUyMCU3RCUyOSUzQiUwQSUzQyUyRnNjcmlwdCUzRSUwQQ==<\/p>\n<p>[\/vc_raw_html][\/vc_column][\/vc_row][vc_row el_class=&#8221;aba-horizontal&#8221; expanded=&#8221;&#8221; background_type=&#8221;image&#8221; background_style=&#8221;cover&#8221;][vc_column width=&#8221;1\/1&#8243;][vc_tabs interval=&#8221;0&#8243;][vc_tab title=&#8221;DESCRI\u00c7\u00c3O&#8221; tab_id=&#8221;5216b294-bbf5-9&#8243;][vc_column_text]<span style=\"font-weight: 400;\">A Ret\u00edfica para Corpo de Provas de Concreto <\/span><b>SET 50P PRO<\/b><span style=\"font-weight: 400;\">, da <\/span><b>SETOR\u00ae<\/b><span style=\"font-weight: 400;\">, \u00e9 a escolha definitiva para laborat\u00f3rios que exigem <\/span><b>m\u00e1xima qualidade, resist\u00eancia e desempenho superior<\/b><span style=\"font-weight: 400;\"> na retifica\u00e7\u00e3o de <\/span><b>corpos de prova cil\u00edndricos de concreto \u00d805&#215;10, \u00d810&#215;20 e \u00d815&#215;30 cm<\/b><span style=\"font-weight: 400;\">, al\u00e9m de materiais rochosos nesses di\u00e2metros. Desenvolvida com tecnologia de ponta, essa retificadora semi-manual <\/span><b>garante alta precis\u00e3o e durabilidade para demandas intensivas<\/b><span style=\"font-weight: 400;\">.<\/span><\/p>\n<p><b>Diferenciais Exclusivos da SET 50P PRO:<\/b><\/p>\n<ul>\n<li style=\"font-weight: 400;\"><b>Pot\u00eancia do Motor:<\/b><span style=\"font-weight: 400;\"> Motor robusto de <\/span><b>3HP<\/b><span style=\"font-weight: 400;\"> (220V ou 380V trif\u00e1sico) para m\u00e1xima efici\u00eancia em trabalhos cont\u00ednuos (H\u00e1 tamb\u00e9m vers\u00e3o 220V 60Hz Monof\u00e1sico, consulte)<\/span><\/li>\n<li style=\"font-weight: 400;\"><b>Opera\u00e7\u00e3o Semi-Manual:<\/b><span style=\"font-weight: 400;\"> Equipado com <\/span><b>disco\/rebolo diamantado <\/b><span style=\"font-weight: 400;\">com avan\u00e7o manual atrav\u00e9s de manopla ergom\u00e9trica e sistema de fixa\u00e7\u00e3o pneum\u00e1tica tornando o equipamento semi-manual.<\/span><\/li>\n<li style=\"font-weight: 400;\"><b>Precis\u00e3o Inigual\u00e1vel:<\/b><span style=\"font-weight: 400;\"> Bases planificadas pelo exclusivo <\/span><b>Flatland Process\u2122<\/b><span style=\"font-weight: 400;\">, garantindo superf\u00edcies perfeitamente niveladas e estabilidade na calibra\u00e7\u00e3o.<\/span><\/li>\n<li style=\"font-weight: 400;\"><b>Fixa\u00e7\u00e3o Segura e Estrutura Premium: <\/b><span style=\"font-weight: 400;\">Sistema de fixa\u00e7\u00e3o autom\u00e1tico pneum\u00e1tico trazendo agilidade e praticidade, aliado a um robusto prisma\/ber\u00e7o em \u201cV\u201d com refil retificado em a\u00e7o SAE 1045 temperado, garantindo a aferi\u00e7\u00e3o, estabilidade absoluta e maior durabilidade.<\/span><b>\u00a0<\/b><\/li>\n<li style=\"font-weight: 400;\"><b>Acabamento Profissional:<\/b><span style=\"font-weight: 400;\"> Equipado com <\/span><b>disco\/rebolo diamantado<\/b><span style=\"font-weight: 400;\"> silencioso e de alto desempenho para desbastes de extrema qualidade.<\/span><\/li>\n<li style=\"font-weight: 400;\"><b>Ajuste Mec\u00e2nico de Alta Precis\u00e3o:<\/b><span style=\"font-weight: 400;\"> Permite regulagem exata da espessura do desbaste para total controle no processo.<\/span><\/li>\n<li style=\"font-weight: 400;\"><b>Sistema de Refrigera\u00e7\u00e3o Autom\u00e1tico Inteligente:<\/b><span style=\"font-weight: 400;\"> Sistema de entrada de \u00e1gua <\/span><b>com acionamento autom\u00e1tico<\/b><span style=\"font-weight: 400;\">, promovendo economia e sustentabilidade.<\/span><\/li>\n<li style=\"font-weight: 400;\"><b>Constru\u00e7\u00e3o Refor\u00e7ada:<\/b><span style=\"font-weight: 400;\"> Possui o chassi mais robusto da categoria e Mancais fabricados em <\/span><b>a\u00e7o ASTM A36<\/b><span style=\"font-weight: 400;\"> com retentores e rolamentos blindados, garantindo resist\u00eancia extrema e longa vida \u00fatil.<\/span><\/li>\n<li style=\"font-weight: 400;\"><b>Facilidade de Manuten\u00e7\u00e3o e Limpeza:<\/b><span style=\"font-weight: 400;\"> Bandeja integrada para <\/span><b>recolhimento de res\u00edduos<\/b><span style=\"font-weight: 400;\">, mantendo o ambiente organizado e eficiente.<\/span><\/li>\n<\/ul>\n<p><span style=\"font-weight: 400;\">*Para fixa\u00e7\u00e3o de corpos de prova \u00d805&#215;10 cm, \u00e9 necess\u00e1rio um dispositivo opcional.<\/span><\/p>\n<p><span style=\"font-weight: 400;\">A Ret\u00edfica faceadora de CP de Concreto <\/span><b>SET 50 PRO<\/b><span style=\"font-weight: 400;\"> foi projetada para quem busca <\/span><b>alto desempenho, precis\u00e3o absoluta e resist\u00eancia para uso profissional<\/b><span style=\"font-weight: 400;\">, elevando o padr\u00e3o dos ensaios laboratoriais.<\/span>[\/vc_column_text][\/vc_tab][vc_tab title=&#8221;CARACTER\u00cdSTICAS T\u00c9CNICA&#8221; tab_id=&#8221;1491404568132-2-1&#8243;][vc_column_text]<\/p>\n<ol>\n<li style=\"font-weight: 400;\"><b>Marca<\/b><span style=\"font-weight: 400;\">: Setor Ind\u00fastria\u00ae<\/span><\/li>\n<li style=\"font-weight: 400;\"><b>Modelo<\/b><span style=\"font-weight: 400;\">: SET 50P<\/span><\/li>\n<li style=\"font-weight: 400;\"><b>Linha<\/b><span style=\"font-weight: 400;\">: Linha PRO<\/span><\/li>\n<li style=\"font-weight: 400;\"><b>Tipo de Equipamento<\/b><span style=\"font-weight: 400;\">: Retificadora Horizontal Semi-Manual\u00a0<\/span><\/li>\n<li style=\"font-weight: 400;\"><b>Motoriza\u00e7\u00e3o<\/b><span style=\"font-weight: 400;\">: 3 hp trif\u00e1sico 220V 60Hz ou 380V 60Hz\u00a0<\/span><\/li>\n<li style=\"font-weight: 400;\"><b>Materiais Compat\u00edveis<\/b><span style=\"font-weight: 400;\">: Concreto, Argamassa, Rochas e outros materiais cer\u00e2micos<\/span><\/li>\n<li style=\"font-weight: 400;\"><b>Dimens\u00f5es das Amostras Suportadas:<\/b><span style=\"font-weight: 400;\"> \u00d805&#215;10 cm, \u00d810&#215;20 cm e \u00d815&#215;30 cm<\/span><\/li>\n<li style=\"font-weight: 400;\"><b>Sistema de Fixa\u00e7\u00e3o:<\/b><span style=\"font-weight: 400;\"> Autom\u00e1tico Pneum\u00e1tico<\/span><\/li>\n<li style=\"font-weight: 400;\"><b>Refrigera\u00e7\u00e3o<\/b><span style=\"font-weight: 400;\">: Acionamento autom\u00e1tico<\/span><\/li>\n<li style=\"font-weight: 400;\"><b>Bandeja de Recolhimento de Res\u00edduos:<\/b><span style=\"font-weight: 400;\"> Possui bandeja para recolhimento e direcionamento<\/span><\/li>\n<li style=\"font-weight: 400;\"><b>Disco\/Rebolo:<\/b><span style=\"font-weight: 400;\"> Disco\/Rebolo diamantado linha GOLD Alto acabamento de f\u00e1cil remo\u00e7\u00e3o e baixo ru\u00eddo<\/span><\/li>\n<li style=\"font-weight: 400;\"><b>Sistema de Ajuste de Espessura:<\/b><span style=\"font-weight: 400;\"> Mec\u00e2nico\u00a0<\/span><\/li>\n<li style=\"font-weight: 400;\"><b>Processo de Retifica\u00e7\u00e3o:<\/b><span style=\"font-weight: 400;\"> Semi-Manual<\/span><\/li>\n<li style=\"font-weight: 400;\"><b>Tecnologia Exclusiva: <\/b><span style=\"font-weight: 400;\">Flatland Process\u2122<\/span><\/li>\n<li style=\"font-weight: 400;\"><b>Seguran\u00e7a:<\/b><span style=\"font-weight: 400;\"> Capa de prote\u00e7\u00e3o para o motor e disco<\/span><\/li>\n<li style=\"font-weight: 400;\"><b>Dimens\u00f5es F\u00edsicas do Equipamento (AxCxL):<\/b><span style=\"font-weight: 400;\"> 690 x 940 x 550 (mm)<\/span><\/li>\n<li style=\"font-weight: 400;\"><b>\u00a0Peso Total<\/b><span style=\"font-weight: 400;\">: 115 Kg<\/span><\/li>\n<li style=\"font-weight: 400;\"><b>\u00a0Acess\u00f3rios Inclusos<\/b><span style=\"font-weight: 400;\">: Rebolo diamantado e manual de instru\u00e7\u00f5es em portugu\u00eas.<\/span><\/li>\n<li style=\"font-weight: 400;\"><b>N\u00e3o Incluso<\/b><span style=\"font-weight: 400;\">: Compressor de ar n\u00e3o incluso, treinamento e instala\u00e7\u00e3o<\/span><\/li>\n<li style=\"font-weight: 400;\"><b>Acess\u00f3rios Opcionais<\/b><span style=\"font-weight: 400;\">: Dispositivo para retificar CP \u00d805&#215;10 cm e Motoriza\u00e7\u00e3o 220V 60Hz Monof\u00e1sica<\/span><\/li>\n<li style=\"font-weight: 400;\"><b>Garantia<\/b><span style=\"font-weight: 400;\">: 12 meses<\/span><\/li>\n<\/ol>\n<p>[\/vc_column_text][\/vc_tab][vc_tab title=&#8221;V\u00cdDEO&#8221; tab_id=&#8221;7c582eb1-75f7-5&#8243;][vc_column_text]<\/p>\n<p style=\"text-align: left;\"><span style=\"color: #333333;\"><strong>RET\u00cdFICA MANUAL SET 50 \/ 50 P<\/strong><\/span><\/p>\n<p><iframe loading=\"lazy\" src=\"https:\/\/www.youtube.com\/embed\/WaqpOR-ZKao\" width=\"560\" height=\"315\" frameborder=\"0\" allowfullscreen=\"allowfullscreen\"><\/iframe>[\/vc_column_text][\/vc_tab][\/vc_tabs][\/vc_column][\/vc_row]<\/p>\n<\/div>","protected":false},"excerpt":{"rendered":"<p>Sorry, this entry is only available in Portugu\u00eas do Brasil. For the sake of viewer convenience, the content is shown below in the alternative language. You may click the link to switch the active language.[vc_row css=&#8221;.vc_custom_1491406364398{margin-top: 0px !important;}&#8221; expanded=&#8221;&#8221; background_type=&#8221;image&#8221; background_style=&#8221;cover&#8221;][vc_column width=&#8221;1\/1&#8243;][vc_column_text] Ret\u00edfica\u00a0Semi-Manual para corpo de provas &#8211; SET 50P Linha PRO [\/vc_column_text][\/vc_column][\/vc_row][vc_row expanded=&#8221;&#8221; background_type=&#8221;image&#8221;&hellip;<\/p>\n","protected":false},"author":1,"featured_media":0,"parent":7780,"menu_order":0,"comment_status":"closed","ping_status":"closed","template":"fullwidth.php","meta":{"_joinchat":[],"footnotes":""},"class_list":["post-10056","page","type-page","status-publish","hentry"],"_links":{"self":[{"href":"https:\/\/setorindustria.com.br\/en\/wp-json\/wp\/v2\/pages\/10056","targetHints":{"allow":["GET"]}}],"collection":[{"href":"https:\/\/setorindustria.com.br\/en\/wp-json\/wp\/v2\/pages"}],"about":[{"href":"https:\/\/setorindustria.com.br\/en\/wp-json\/wp\/v2\/types\/page"}],"author":[{"embeddable":true,"href":"https:\/\/setorindustria.com.br\/en\/wp-json\/wp\/v2\/users\/1"}],"replies":[{"embeddable":true,"href":"https:\/\/setorindustria.com.br\/en\/wp-json\/wp\/v2\/comments?post=10056"}],"version-history":[{"count":3,"href":"https:\/\/setorindustria.com.br\/en\/wp-json\/wp\/v2\/pages\/10056\/revisions"}],"predecessor-version":[{"id":10707,"href":"https:\/\/setorindustria.com.br\/en\/wp-json\/wp\/v2\/pages\/10056\/revisions\/10707"}],"up":[{"embeddable":true,"href":"https:\/\/setorindustria.com.br\/en\/wp-json\/wp\/v2\/pages\/7780"}],"wp:attachment":[{"href":"https:\/\/setorindustria.com.br\/en\/wp-json\/wp\/v2\/media?parent=10056"}],"curies":[{"name":"wp","href":"https:\/\/api.w.org\/{rel}","templated":true}]}}