{"id":10469,"date":"2017-05-22T15:28:04","date_gmt":"2017-05-22T18:28:04","guid":{"rendered":"http:\/\/setorindustria.com.br\/?page_id=10469"},"modified":"2017-05-24T10:32:49","modified_gmt":"2017-05-24T13:32:49","slug":"retificas-para-blocos-de-concreto","status":"publish","type":"page","link":"https:\/\/setorindustria.com.br\/en\/maquinas\/retificas-para-blocos-de-concreto\/","title":{"rendered":"(Portugu\u00eas do Brasil) Ret\u00edficas para Blocos de Concreto"},"content":{"rendered":"<p class=\"qtranxs-available-languages-message qtranxs-available-languages-message-en\">Sorry, this entry is only available in <a href=\"https:\/\/setorindustria.com.br\/pb\/wp-json\/wp\/v2\/pages\/10469\" class=\"qtranxs-available-language-link qtranxs-available-language-link-pb\" title=\"Portugu\u00eas do Brasil\">Portugu\u00eas do Brasil<\/a>. For the sake of viewer convenience, the content is shown below in the alternative language. You may click the link to switch the active language.<\/p><div class=\"wpb-content-wrapper\"><p>[vc_row][vc_column width=&#8221;1\/2&#8243;][vc_single_image border_color=&#8221;grey&#8221; img_link_large=&#8221;&#8221; img_link_target=&#8221;_blank&#8221; image_hover=&#8221;text&#8221; image_hover_type=&#8221;default&#8221; image_hover_text=&#8221;Ret\u00edfica para blocos de Concreto SET 1000&#8243; image=&#8221;10191&#8243; img_size=&#8221;full&#8221; el_class=&#8221;overlay-50&#8243; link=&#8221;http:\/\/setorindustria.com.br\/maquinas\/set-1000\/&#8221; image_hover_pre_text=&#8221;Saiba Mais&#8221; css=&#8221;.vc_custom_1495632823239{background-color: #a8a8a8 !important;}&#8221; alignment=&#8221;center&#8221;][vc_column_text]<\/p>\n<p style=\"text-align: justify;\"><span style=\"color: #333333;\">Com um projeto inovador utilizando os mesmos componentes empregados em m\u00e1quinas CNC, a retificadora para blocos e pisos inter-travados (paver) da Setor Ind\u00fastria\u00ae conta com a mesma qualidade das retificadoras para corpo de provas cil\u00edndricos em um projeto de engenharia \u00fanico, \u00e1gil e preciso.<\/span><\/p>\n<p style=\"text-align: right;\"><strong><a href=\"http:\/\/setorindustria.com.br\/maquinas\/set-1000\/\" target=\"_blank\">SAIBA MAIS<\/a><\/strong><\/p>\n<p>[\/vc_column_text][\/vc_column][vc_column width=&#8221;1\/2&#8243;][vc_single_image image=&#8221;10193&#8243; border_color=&#8221;grey&#8221; img_link_large=&#8221;&#8221; img_link_target=&#8221;_blank&#8221; image_hover=&#8221;text&#8221; image_hover_type=&#8221;default&#8221; image_hover_text=&#8221;Ret\u00edfica para Blocos de Concreto SET 1012&#8243; img_size=&#8221;full&#8221; alignment=&#8221;center&#8221; link=&#8221;http:\/\/setorindustria.com.br\/maquinas\/retifica-para-blocos-de-concreto-set-1012\/&#8221; el_class=&#8221;overlay-50&#8243; css=&#8221;.vc_custom_1495632729619{background-color: #a8a8a8 !important;}&#8221; image_hover_pre_text=&#8221;Saiba Mais&#8221;][vc_column_text]<\/p>\n<p style=\"text-align: justify;\"><span style=\"color: #333333;\">Obedecendo integralmente as normas de seguran\u00e7a do trabalho NR12, a ret\u00edfica SET 1012 conta com carenagens, sensores e dispositivos de seguran\u00e7a monitorados para assegurar ao m\u00e1ximo a integridade f\u00edsica de seus operadores. A SET 1012 \u00e9 um upgrade da vers\u00e3o SET 1000.<\/span><\/p>\n<p style=\"text-align: right;\"><strong><a href=\"http:\/\/setorindustria.com.br\/maquinas\/retifica-para-blocos-de-concreto-set-1012\/\" target=\"_blank\">SAIBA MAIS<\/a><\/strong><\/p>\n<p>[\/vc_column_text][\/vc_column][\/vc_row]<\/p>\n<\/div>","protected":false},"excerpt":{"rendered":"<p>Sorry, this entry is only available in Portugu\u00eas do Brasil. For the sake of viewer convenience, the content is shown below in the alternative language. You may click the link to switch the active language.[vc_row][vc_column width=&#8221;1\/2&#8243;][vc_single_image border_color=&#8221;grey&#8221; img_link_large=&#8221;&#8221; img_link_target=&#8221;_blank&#8221; image_hover=&#8221;text&#8221; image_hover_type=&#8221;default&#8221; image_hover_text=&#8221;Ret\u00edfica para blocos de Concreto SET 1000&#8243; image=&#8221;10191&#8243; img_size=&#8221;full&#8221; el_class=&#8221;overlay-50&#8243; link=&#8221;http:\/\/setorindustria.com.br\/maquinas\/set-1000\/&#8221; image_hover_pre_text=&#8221;Saiba Mais&#8221; css=&#8221;.vc_custom_1495632823239{background-color:&hellip;<\/p>\n","protected":false},"author":1,"featured_media":0,"parent":7780,"menu_order":0,"comment_status":"closed","ping_status":"closed","template":"fullwidth.php","meta":{"_joinchat":[],"footnotes":""},"class_list":["post-10469","page","type-page","status-publish","hentry"],"_links":{"self":[{"href":"https:\/\/setorindustria.com.br\/en\/wp-json\/wp\/v2\/pages\/10469","targetHints":{"allow":["GET"]}}],"collection":[{"href":"https:\/\/setorindustria.com.br\/en\/wp-json\/wp\/v2\/pages"}],"about":[{"href":"https:\/\/setorindustria.com.br\/en\/wp-json\/wp\/v2\/types\/page"}],"author":[{"embeddable":true,"href":"https:\/\/setorindustria.com.br\/en\/wp-json\/wp\/v2\/users\/1"}],"replies":[{"embeddable":true,"href":"https:\/\/setorindustria.com.br\/en\/wp-json\/wp\/v2\/comments?post=10469"}],"version-history":[{"count":3,"href":"https:\/\/setorindustria.com.br\/en\/wp-json\/wp\/v2\/pages\/10469\/revisions"}],"predecessor-version":[{"id":10495,"href":"https:\/\/setorindustria.com.br\/en\/wp-json\/wp\/v2\/pages\/10469\/revisions\/10495"}],"up":[{"embeddable":true,"href":"https:\/\/setorindustria.com.br\/en\/wp-json\/wp\/v2\/pages\/7780"}],"wp:attachment":[{"href":"https:\/\/setorindustria.com.br\/en\/wp-json\/wp\/v2\/media?parent=10469"}],"curies":[{"name":"wp","href":"https:\/\/api.w.org\/{rel}","templated":true}]}}