{"id":10475,"date":"2017-05-22T15:47:43","date_gmt":"2017-05-22T18:47:43","guid":{"rendered":"http:\/\/setorindustria.com.br\/?page_id=10475"},"modified":"2017-05-24T10:51:12","modified_gmt":"2017-05-24T13:51:12","slug":"retificas-para-corpo-de-prova-de-concreto","status":"publish","type":"page","link":"https:\/\/setorindustria.com.br\/en\/maquinas\/retificas-para-corpo-de-prova-de-concreto\/","title":{"rendered":"(Portugu\u00eas do Brasil) Ret\u00edficas para Corpo de Prova de Concreto"},"content":{"rendered":"<p class=\"qtranxs-available-languages-message qtranxs-available-languages-message-en\">Sorry, this entry is only available in <a href=\"https:\/\/setorindustria.com.br\/pb\/wp-json\/wp\/v2\/pages\/10475\" class=\"qtranxs-available-language-link qtranxs-available-language-link-pb\" title=\"Portugu\u00eas do Brasil\">Portugu\u00eas do Brasil<\/a>. For the sake of viewer convenience, the content is shown below in the alternative language. You may click the link to switch the active language.<\/p><div class=\"wpb-content-wrapper\"><p>[vc_row][vc_column width=&#8221;1\/1&#8243;][vc_empty_space height=&#8221;32px&#8221;][\/vc_column][\/vc_row][vc_row][vc_column width=&#8221;1\/2&#8243;][vc_single_image image=&#8221;10204&#8243; border_color=&#8221;grey&#8221; img_link_large=&#8221;&#8221; img_link_target=&#8221;_blank&#8221; image_hover=&#8221;text&#8221; image_hover_type=&#8221;default&#8221; image_hover_text=&#8221;Ret\u00edfica para Corpo de provas FULL&#8221; img_size=&#8221;full&#8221; alignment=&#8221;center&#8221; link=&#8221;http:\/\/setorindustria.com.br\/maquinas\/retifica-para-corpo-de-provas-full\/&#8221; el_class=&#8221;overlay-50&#8243; css=&#8221;.vc_custom_1495632998222{background-color: #8a8a8a !important;}&#8221; image_hover_pre_text=&#8221;Saiba Mais&#8221;][vc_column_text]<\/p>\n<p style=\"text-align: justify;\"><span style=\"color: #333333;\">Retificadora Autom\u00e1tica Horizontal para corpo de provas cil\u00edndricos de concreto \u00d805\u00d710, \u00d810\u00d720 e \u00d815\u00d730 (cm) ou materiais rochosos nesses di\u00e2metros. Equipado com motor 3hp 220 ou 380 Volts trif\u00e1sico, disco\/rebolo diamantado, fixa\u00e7\u00e3o pneum\u00e1tica dos corpos de provas.<\/span><\/p>\n<p style=\"text-align: right;\"><strong><a href=\"http:\/\/setorindustria.com.br\/maquinas\/retifica-para-corpo-de-provas-full\/\" target=\"_blank\">SAIBA MAIS<\/a><\/strong><\/p>\n<p>[\/vc_column_text][\/vc_column][vc_column width=&#8221;1\/2&#8243;][vc_single_image image=&#8221;10466&#8243; border_color=&#8221;grey&#8221; img_link_large=&#8221;&#8221; img_link_target=&#8221;_blank&#8221; image_hover=&#8221;text&#8221; image_hover_type=&#8221;default&#8221; image_hover_text=&#8221;Ret\u00edfica Autom\u00e1tica para Corpo de Provas Multi CP&#8221; img_size=&#8221;full&#8221; alignment=&#8221;center&#8221; link=&#8221;http:\/\/setorindustria.com.br\/maquinas\/10451-2\/&#8221; el_class=&#8221;overlay-50&#8243; css=&#8221;.vc_custom_1495632968208{background-color: #8a8a8a !important;}&#8221; image_hover_pre_text=&#8221;Saiba Mais&#8221;][vc_column_text]<\/p>\n<p style=\"text-align: justify;\"><span style=\"color: #333333;\">Retificadora Autom\u00e1tica Horizontal para 4 (quatro) corpos de provas cil\u00edndricos de concreto \u00d805\u00d710, \u00d810\u00d720 e \u00d815\u00d730 (cm) ou materiais rochosos nesses di\u00e2metros.Equipado com disco\/rebolo diamantado, motor de 5 hp para o disco e 0,75 hp para a movimenta\u00e7\u00e3o do carrinho do disco.<\/span><\/p>\n<p style=\"text-align: right;\"><strong><a href=\"http:\/\/setorindustria.com.br\/maquinas\/10451-2\/\" target=\"_blank\">SAIBA MAIS<\/a><\/strong><\/p>\n<p>[\/vc_column_text][\/vc_column][\/vc_row][vc_row][vc_column width=&#8221;1\/2&#8243;][vc_single_image image=&#8221;10030&#8243; border_color=&#8221;grey&#8221; img_link_large=&#8221;&#8221; img_link_target=&#8221;_self&#8221; image_hover=&#8221;text&#8221; image_hover_type=&#8221;default&#8221; image_hover_text=&#8221;Ret\u00edfica para corpo de provas SET 100&#8243; img_size=&#8221;full&#8221; el_class=&#8221;overlay-50&#8243; css=&#8221;.vc_custom_1495633039183{background-color: #8a8a8a !important;}&#8221; image_hover_pre_text=&#8221;Saiba Mais&#8221; alignment=&#8221;center&#8221;][vc_column_text]<\/p>\n<p style=\"text-align: justify;\"><span style=\"color: #333333;\">A ret\u00edfica autom\u00e1tica da Setor Ind\u00fastria \u00e9 uma extens\u00e3o do projeto das ret\u00edficas manuais SET 50. Com velocidade de avan\u00e7o controlado sua qualidade, durabilidade e robustez, aliado \u00e0 sua precis\u00e3o, asseguram um faceamento preciso e uniforme sem influ\u00eancia do operador no resultado final.<\/span><\/p>\n<p style=\"text-align: right;\"><strong><a href=\"http:\/\/setorindustria.com.br\/maquinas\/retifica-para-corpo-de-provas-set-100\/\" target=\"_blank\">SAIBA MAIS<\/a><\/strong><\/p>\n<p>[\/vc_column_text][vc_empty_space height=&#8221;32px&#8221;][\/vc_column][vc_column width=&#8221;1\/2&#8243;][vc_single_image image=&#8221;10024&#8243; border_color=&#8221;grey&#8221; img_link_large=&#8221;&#8221; img_link_target=&#8221;_self&#8221; image_hover=&#8221;text&#8221; image_hover_type=&#8221;default&#8221; image_hover_text=&#8221;Ret\u00edfica para corpo de provas SET 100 P&#8221; img_size=&#8221;full&#8221; alignment=&#8221;center&#8221; el_class=&#8221;overlay-50&#8243; css=&#8221;.vc_custom_1495633061888{background-color: #8a8a8a !important;}&#8221; image_hover_pre_text=&#8221;Saiba Mais&#8221;][vc_column_text]<\/p>\n<p style=\"text-align: justify;\"><span style=\"color: #333333;\">A ret\u00edfica autom\u00e1tica da Setor Ind\u00fastria \u00e9 uma extens\u00e3o do projeto das ret\u00edficas manuais SET 50. Com velocidade de avan\u00e7o controlado sua qualidade, durabilidade e robustez, aliado \u00e0 sua precis\u00e3o, asseguram um faceamento preciso e uniforme sem influ\u00eancia do operador no resultado final.<\/span><\/p>\n<p style=\"text-align: right;\"><strong><a href=\"http:\/\/setorindustria.com.br\/maquinas\/retifica-para-corpo-de-provas-set-100-p\/\" target=\"_blank\">SAIBA MAIS<\/a><\/strong><\/p>\n<p>[\/vc_column_text][vc_empty_space height=&#8221;32px&#8221;][\/vc_column][\/vc_row][vc_row][vc_column width=&#8221;1\/1&#8243;][vc_column_text]<\/p>\n<h3 style=\"text-align: center;\"><span style=\"color: #333333;\"><strong>Ret\u00edficas para Corpo de Provas Manuais<\/strong><\/span><\/h3>\n<p>[\/vc_column_text][vc_empty_space height=&#8221;32px&#8221;][\/vc_column][\/vc_row][vc_row][vc_column width=&#8221;1\/2&#8243;][vc_single_image image=&#8221;10208&#8243; border_color=&#8221;grey&#8221; img_link_large=&#8221;&#8221; img_link_target=&#8221;_self&#8221; image_hover=&#8221;text&#8221; image_hover_type=&#8221;default&#8221; image_hover_text=&#8221;Ret\u00edfica para corpo de provas SET 40&#8243; img_size=&#8221;full&#8221; alignment=&#8221;center&#8221; el_class=&#8221;overlay-50&#8243; css=&#8221;.vc_custom_1495633081796{background-color: #8a8a8a !important;}&#8221; image_hover_pre_text=&#8221;Saiba Mais&#8221;][vc_column_text]<\/p>\n<p style=\"text-align: justify;\"><span style=\"color: #333333;\">Retificador manual para corpo de provas \u00f810\u00d720 cm.<\/span><\/p>\n<p style=\"text-align: justify;\"><span style=\"color: #333333;\">Projetada pela Setor Ind\u00fastria\u00ae, a retificadora manual SET 40 Eco \u00e9 nossa linha de entrada e apresenta \u00f3timo rendimento em laborat\u00f3rios de baixo volume de amostras, canteiro de obra, universidades dentre outros.<\/span><\/p>\n<p style=\"text-align: right;\"><strong><a href=\"http:\/\/setorindustria.com.br\/maquinas\/retifica-para-corpo-de-provas-set-40\/\" target=\"_blank\">SAIBA MAIS<\/a><\/strong><\/p>\n<p>[\/vc_column_text][\/vc_column][vc_column width=&#8221;1\/2&#8243;][vc_single_image image=&#8221;10218&#8243; border_color=&#8221;grey&#8221; img_link_large=&#8221;&#8221; img_link_target=&#8221;_self&#8221; image_hover=&#8221;text&#8221; image_hover_type=&#8221;default&#8221; image_hover_text=&#8221;Ret\u00edfica para corpo de provas SET 50&#8243; img_size=&#8221;full&#8221; alignment=&#8221;center&#8221; el_class=&#8221;overlay-50&#8243; css=&#8221;.vc_custom_1495633101393{background-color: #8a8a8a !important;}&#8221; image_hover_pre_text=&#8221;Saiba Mais&#8221;][vc_column_text]<\/p>\n<p style=\"text-align: justify;\"><span style=\"color: #333333;\">A primeira ret\u00edfica horizontal do Brasil, as ret\u00edficas da linha SET 50 foram desenvolvidas pela Setor Ind\u00fastria\u00ae no in\u00edcio dos anos 2000 e at\u00e9 os dias de hoje \u00e9 o equipamento mais aceito e vendido em terras Brasileiras.<\/span><\/p>\n<p style=\"text-align: right;\"><strong><a href=\"http:\/\/setorindustria.com.br\/http:\/\/setorindustria.com.br\/maquinas\/retifica-para-corpo-de-provas-set-50\/\" target=\"_blank\">SAIBA MAIS<\/a><\/strong><\/p>\n<p>[\/vc_column_text][\/vc_column][\/vc_row][vc_row][vc_column width=&#8221;1\/2&#8243;][vc_single_image image=&#8221;10211&#8243; border_color=&#8221;grey&#8221; img_link_large=&#8221;&#8221; img_link_target=&#8221;_self&#8221; image_hover=&#8221;text&#8221; image_hover_type=&#8221;default&#8221; image_hover_text=&#8221;Ret\u00edfica para corpo de provas SET 50 P&#8221; img_size=&#8221;full&#8221; alignment=&#8221;center&#8221; el_class=&#8221;overlay-50&#8243; css=&#8221;.vc_custom_1495633122489{background-color: #8a8a8a !important;}&#8221; image_hover_pre_text=&#8221;Saiba Mais&#8221;][vc_column_text]<\/p>\n<p style=\"text-align: justify;\">\n<p style=\"text-align: justify;\"><span style=\"color: #333333;\">A primeira ret\u00edfica horizontal do Brasil, as ret\u00edficas da linha SET 50 foram desenvolvidas pela Setor Ind\u00fastria\u00ae no in\u00edcio dos anos 2000 e at\u00e9 os dias de hoje \u00e9 o equipamento mais aceito e vendido em terras Brasileiras.<\/span><\/p>\n<p style=\"text-align: right;\"><strong><a href=\"http:\/\/setorindustria.com.br\/maquinas\/retifica-para-corpo-de-provas-set-50-p\/\" target=\"_blank\">SAIBA MAIS<\/a><\/strong><\/p>\n<p>[\/vc_column_text][\/vc_column][vc_column width=&#8221;1\/2&#8243;][vc_column_text]<br \/>\n[\/vc_column_text][\/vc_column][\/vc_row]<\/p>\n<\/div>","protected":false},"excerpt":{"rendered":"<p>Sorry, this entry is only available in Portugu\u00eas do Brasil. For the sake of viewer convenience, the content is shown below in the alternative language. You may click the link to switch the active language.[vc_row][vc_column width=&#8221;1\/1&#8243;][vc_empty_space height=&#8221;32px&#8221;][\/vc_column][\/vc_row][vc_row][vc_column width=&#8221;1\/2&#8243;][vc_single_image image=&#8221;10204&#8243; border_color=&#8221;grey&#8221; img_link_large=&#8221;&#8221; img_link_target=&#8221;_blank&#8221; image_hover=&#8221;text&#8221; image_hover_type=&#8221;default&#8221; image_hover_text=&#8221;Ret\u00edfica para Corpo de provas FULL&#8221; img_size=&#8221;full&#8221; alignment=&#8221;center&#8221; link=&#8221;http:\/\/setorindustria.com.br\/maquinas\/retifica-para-corpo-de-provas-full\/&#8221; el_class=&#8221;overlay-50&#8243; css=&#8221;.vc_custom_1495632998222{background-color:&hellip;<\/p>\n","protected":false},"author":1,"featured_media":0,"parent":7780,"menu_order":0,"comment_status":"closed","ping_status":"closed","template":"fullwidth.php","meta":{"_joinchat":[],"footnotes":""},"class_list":["post-10475","page","type-page","status-publish","hentry"],"_links":{"self":[{"href":"https:\/\/setorindustria.com.br\/en\/wp-json\/wp\/v2\/pages\/10475","targetHints":{"allow":["GET"]}}],"collection":[{"href":"https:\/\/setorindustria.com.br\/en\/wp-json\/wp\/v2\/pages"}],"about":[{"href":"https:\/\/setorindustria.com.br\/en\/wp-json\/wp\/v2\/types\/page"}],"author":[{"embeddable":true,"href":"https:\/\/setorindustria.com.br\/en\/wp-json\/wp\/v2\/users\/1"}],"replies":[{"embeddable":true,"href":"https:\/\/setorindustria.com.br\/en\/wp-json\/wp\/v2\/comments?post=10475"}],"version-history":[{"count":3,"href":"https:\/\/setorindustria.com.br\/en\/wp-json\/wp\/v2\/pages\/10475\/revisions"}],"predecessor-version":[{"id":10504,"href":"https:\/\/setorindustria.com.br\/en\/wp-json\/wp\/v2\/pages\/10475\/revisions\/10504"}],"up":[{"embeddable":true,"href":"https:\/\/setorindustria.com.br\/en\/wp-json\/wp\/v2\/pages\/7780"}],"wp:attachment":[{"href":"https:\/\/setorindustria.com.br\/en\/wp-json\/wp\/v2\/media?parent=10475"}],"curies":[{"name":"wp","href":"https:\/\/api.w.org\/{rel}","templated":true}]}}