{"id":10597,"date":"2025-05-06T16:32:12","date_gmt":"2025-05-06T19:32:12","guid":{"rendered":"http:\/\/setorindustria.com.br\/?page_id=10597"},"modified":"2025-05-06T16:47:39","modified_gmt":"2025-05-06T19:47:39","slug":"retificadora-para-pisos-intertravado-semi-manual-horizontal-set-paver-linha-pro","status":"publish","type":"page","link":"https:\/\/setorindustria.com.br\/en\/maquinas\/retificadora-para-pisos-intertravado-semi-manual-horizontal-set-paver-linha-pro\/","title":{"rendered":"Retificadora para Pisos Intertravados Semi-Manual Horizontal SET PAVER &#8211; Linha PRO"},"content":{"rendered":"<p class=\"qtranxs-available-languages-message qtranxs-available-languages-message-en\">Sorry, this entry is only available in <a href=\"https:\/\/setorindustria.com.br\/pb\/wp-json\/wp\/v2\/pages\/10597\" class=\"qtranxs-available-language-link qtranxs-available-language-link-pb\" title=\"Portugu\u00eas do Brasil\">Portugu\u00eas do Brasil<\/a>. For the sake of viewer convenience, the content is shown below in the alternative language. You may click the link to switch the active language.<\/p><div class=\"wpb-content-wrapper\"><p>[vc_row css=&#8221;.vc_custom_1495210976635{margin-top: -144px !important;margin-bottom: -24px !important;background-color: #ffffff !important;}&#8221; expanded=&#8221;&#8221; background_type=&#8221;image&#8221; background_style=&#8221;cover&#8221; el_class=&#8221;aba-horizontal&#8221; el_id=&#8221;PaginaRetifica&#8221;][vc_column width=&#8221;1\/1&#8243;][vc_empty_space height=&#8221;32px&#8221;][vc_row_inner][vc_column_inner width=&#8221;1\/1&#8243;][vc_column_text]<\/p>\n<hr \/>\n<h2><b>Retificadora para Pisos Intertravados Semi-Manual Horizontal SET PAVER &#8211; Linha PRO \u2013 Precis\u00e3o, Desempenho e Robustez para Profissionais<\/b><\/h2>\n<p>[\/vc_column_text][\/vc_column_inner][\/vc_row_inner][vc_row_inner][vc_column_inner width=&#8221;1\/2&#8243;][vc_column_text]<\/p>\n<h3><b>Marca<\/b><span style=\"font-weight: 400;\">: Setor Ind\u00fastria\u00ae<\/span><\/h3>\n<h3><b>Modelo<\/b><span style=\"font-weight: 400;\">: SET PAVER<\/span><\/h3>\n<h3><b>Linha<\/b><span style=\"font-weight: 400;\">: Linha PRO<\/span><\/h3>\n<h3><span style=\"font-weight: 400;\"><b>Tens\u00e3o<\/b><\/span><span style=\"font-weight: 400;\">: 3 hp trif\u00e1sico 220V 60Hz ou 380V 60Hz<\/span><\/h3>\n<h3><b>Garantia<\/b><span style=\"font-weight: 400;\">: 12 meses<\/span><\/h3>\n<p>[\/vc_column_text][vc_empty_space height=&#8221;32px&#8221;][vc_column_text]<a class=\"botao-pdf botaoOrcamento\" href=\"http:\/\/setorindustria.com.br\/orcamento\/\">OR\u00c7AMENTO<\/a>[\/vc_column_text][\/vc_column_inner][vc_column_inner width=&#8221;1\/2&#8243;][vc_gallery type=&#8221;flexslider_slide&#8221; interval=&#8221;3&#8243; onclick=&#8221;link_image&#8221; custom_links_target=&#8221;_self&#8221; img_size=&#8221;400&#215;300 &#8221; images=&#8221;10590,10589&#8243;][vc_column_text]<br \/>\n[\/vc_column_text][\/vc_column_inner][\/vc_row_inner][vc_tabs interval=&#8221;0&#8243; el_class=&#8221;aba-horizontal&#8221;][vc_tab title=&#8221;DESCRI\u00c7\u00c3O&#8221; tab_id=&#8221;5216b294-bbf5-9&#8243;][vc_column_text]<span style=\"font-weight: 400;\">A Ret\u00edfica para Pisos Intertravados de Concreto\u00a0<\/span><b>SET PAVER PRO<\/b><span style=\"font-weight: 400;\">, da\u00a0<\/span><b>SETOR\u00ae<\/b><span style=\"font-weight: 400;\">, \u00e9 a escolha definitiva para laborat\u00f3rios que exigem\u00a0<\/span><b>m\u00e1xima qualidade, resist\u00eancia e desempenho superior<\/b><span style=\"font-weight: 400;\">\u00a0na retifica\u00e7\u00e3o de\u00a0<\/span><b>Pisos Intertravados de Concreto (PAVER)<\/b><span style=\"font-weight: 400;\">. Desenvolvida com tecnologia de ponta, essa retificadora semi-manual\u00a0<\/span><b>garante alta precis\u00e3o e durabilidade para demandas intensivas<\/b><span style=\"font-weight: 400;\">.<\/span><\/p>\n<h3><b>Diferenciais Exclusivos:<\/b><\/h3>\n<ul>\n<li style=\"font-weight: 400;\"><b>Pot\u00eancia do Motor:<\/b><span style=\"font-weight: 400;\">\u00a0Motor robusto de\u00a0<\/span><b>3HP<\/b><span style=\"font-weight: 400;\"><span style=\"font-weight: 400;\">\u00a0(220V ou 380V trif\u00e1sico) para m\u00e1xima efici\u00eancia em trabalhos cont\u00ednuos (H\u00e1 tamb\u00e9m vers\u00e3o 220V 60Hz Monof\u00e1sico, consulte)<\/span><\/span><\/li>\n<li style=\"font-weight: 400;\"><b>Opera\u00e7\u00e3o Semi-Manual:<\/b><span style=\"font-weight: 400;\">\u00a0Equipado com\u00a0<\/span><b>disco\/rebolo diamantado\u00a0<\/b><span style=\"font-weight: 400;\"><span style=\"font-weight: 400;\">com avan\u00e7o manual atrav\u00e9s de manopla ergom\u00e9trica e sistema de fixa\u00e7\u00e3o pneum\u00e1tica tornando o equipamento semi-manual.<\/span><\/span><\/li>\n<li style=\"font-weight: 400;\"><b>Precis\u00e3o Inigual\u00e1vel:<\/b><span style=\"font-weight: 400;\">\u00a0Bases planificadas pelo exclusivo\u00a0<\/span><b>Flatland Process\u2122<\/b><span style=\"font-weight: 400;\"><span style=\"font-weight: 400;\">, garantindo superf\u00edcies perfeitamente niveladas e estabilidade na calibra\u00e7\u00e3o.<\/span><\/span><\/li>\n<li style=\"font-weight: 400;\"><b>Fixa\u00e7\u00e3o Segura e Estrutura Premium:\u00a0<\/b><span style=\"font-weight: 400;\">Sistema de fixa\u00e7\u00e3o autom\u00e1tico pneum\u00e1tico trazendo agilidade e praticidade, aliado a um robusto ber\u00e7o de alojamento, estabilidade absoluta durante o processo.<\/span><\/li>\n<li style=\"font-weight: 400;\"><b>Acabamento Profissional:<\/b><span style=\"font-weight: 400;\">\u00a0Equipado com\u00a0<\/span><b>disco\/rebolo diamantado<\/b><span style=\"font-weight: 400;\">\u00a0silencioso e de alto desempenho para desbastes de extrema qualidade.<\/span><\/li>\n<li style=\"font-weight: 400;\"><b>Ajuste Pneum\u00e1tico de Alta Precis\u00e3o:<\/b><span style=\"font-weight: 400;\"><span style=\"font-weight: 400;\">\u00a0Permite regulagem exata da espessura do desbaste para total controle no processo.<\/span><\/span><\/li>\n<li style=\"font-weight: 400;\"><b>Sistema de Refrigera\u00e7\u00e3o Autom\u00e1tico Inteligente:<\/b><span style=\"font-weight: 400;\">\u00a0Sistema de entrada de \u00e1gua\u00a0<\/span><b>com acionamento autom\u00e1tico<\/b><span style=\"font-weight: 400;\"><span style=\"font-weight: 400;\">, promovendo economia e sustentabilidade.<\/span><\/span><\/li>\n<li style=\"font-weight: 400;\"><b>Constru\u00e7\u00e3o Refor\u00e7ada:<\/b><span style=\"font-weight: 400;\">\u00a0Possui o chassi mais robusto da categoria e Mancais fabricados em\u00a0<\/span><b>a\u00e7o ASTM A36<\/b><span style=\"font-weight: 400;\"><span style=\"font-weight: 400;\">\u00a0com retentores e rolamentos blindados, garantindo resist\u00eancia extrema e longa vida \u00fatil.<\/span><\/span><\/li>\n<li style=\"font-weight: 400;\"><b>Facilidade de Manuten\u00e7\u00e3o e Limpeza:<\/b><span style=\"font-weight: 400;\">\u00a0Bandeja integrada para\u00a0<\/span><b>recolhimento de res\u00edduos<\/b><span style=\"font-weight: 400;\">, mantendo o ambiente organizado e eficiente.<\/span><\/li>\n<\/ul>\n<p><span style=\"font-weight: 400;\">A Ret\u00edfica faceadora de Pavers de Concreto\u00a0<\/span><b>SET PAVER<\/b><span style=\"font-weight: 400;\">\u00a0foi projetada para quem busca\u00a0<\/span><b>alto desempenho, precis\u00e3o absoluta e resist\u00eancia para uso profissional<\/b><span style=\"font-weight: 400;\">, elevando o padr\u00e3o dos ensaios laboratoriais.<\/span><\/p>\n<p>&nbsp;[\/vc_column_text][\/vc_tab][vc_tab title=&#8221;CARACTER\u00cdSTICAS T\u00c9CNICA&#8221; tab_id=&#8221;1491403363625-2-2&#8243;][vc_column_text]<b>Materiais Compat\u00edveis<\/b><span style=\"font-weight: 400;\">: Concreto, Argamassa, Rochas e outros materiais cer\u00e2micos<\/span><\/p>\n<p><b>Dimens\u00f5es das Amostras Suportadas:<\/b><span style=\"font-weight: 400;\">\u00a0Retangular, 16 faces e outros (Consulte dimens\u00f5es)<\/span><\/p>\n<p><b>Sistema de Fixa\u00e7\u00e3o:<\/b><span style=\"font-weight: 400;\">\u00a0Autom\u00e1tico Pneum\u00e1tico<\/span><\/p>\n<p><b>Refrigera\u00e7\u00e3o<\/b><span style=\"font-weight: 400;\">: Acionamento autom\u00e1tico<\/span><\/p>\n<p><b>Bandeja de Recolhimento de Res\u00edduos:<\/b><span style=\"font-weight: 400;\">\u00a0Possui bandeja para recolhimento e direcionamento<\/span><\/p>\n<p><b>Disco\/Rebolo:<\/b><span style=\"font-weight: 400;\">\u00a0Disco\/Rebolo diamantado linha GOLD Alto acabamento de f\u00e1cil remo\u00e7\u00e3o e baixo ru\u00eddo<\/span><\/p>\n<p><b>Sistema de Ajuste de Espessura:<\/b><span style=\"font-weight: 400;\">\u00a0Autom\u00e1tico Pneum\u00e1tico\u00a0<\/span><\/p>\n<p><b>Processo de Retifica\u00e7\u00e3o:<\/b><span style=\"font-weight: 400;\">\u00a0Semi-Manual<\/span><\/p>\n<p><b>Tecnologia Exclusiva:\u00a0<\/b><span style=\"font-weight: 400;\">Flatland Process\u2122<\/span><\/p>\n<p><b>Seguran\u00e7a:<\/b><span style=\"font-weight: 400;\">\u00a0Capa de prote\u00e7\u00e3o para o motor e disco<\/span><\/p>\n<p><b>Dimens\u00f5es F\u00edsicas do Equipamento (AxCxL):<\/b><span style=\"font-weight: 400;\">\u00a0 600 x 940 x 550 (mm)<\/span><\/p>\n<p><b>Peso Total<\/b><span style=\"font-weight: 400;\">: 120 Kg<\/span><\/p>\n<p><b>Acess\u00f3rios Inclusos<\/b><span style=\"font-weight: 400;\">: Rebolo diamantado e manual de instru\u00e7\u00f5es em portugu\u00eas.<\/span><\/p>\n<p><b>N\u00e3o Incluso<\/b><span style=\"font-weight: 400;\">: Compressor de ar n\u00e3o incluso, treinamento e instala\u00e7\u00e3o<\/span><\/p>\n<p><b>Acess\u00f3rios Opcionais<\/b><span style=\"font-weight: 400;\">: Motoriza\u00e7\u00e3o 220V 60Hz Monof\u00e1sica<\/span>[\/vc_column_text][\/vc_tab][vc_tab title=&#8221;V\u00cdDEO&#8221; tab_id=&#8221;7c582eb1-75f7-5&#8243;][vc_column_text]<\/p>\n<p style=\"text-align: left;\">\n<p>&nbsp;[\/vc_column_text][\/vc_tab][\/vc_tabs][vc_empty_space height=&#8221;32px&#8221;][\/vc_column][\/vc_row]<\/p>\n<\/div>","protected":false},"excerpt":{"rendered":"<p>Sorry, this entry is only available in Portugu\u00eas do Brasil. For the sake of viewer convenience, the content is shown below in the alternative language. You may click the link to switch the active language.[vc_row css=&#8221;.vc_custom_1495210976635{margin-top: -144px !important;margin-bottom: -24px !important;background-color: #ffffff !important;}&#8221; expanded=&#8221;&#8221; background_type=&#8221;image&#8221; background_style=&#8221;cover&#8221; el_class=&#8221;aba-horizontal&#8221; el_id=&#8221;PaginaRetifica&#8221;][vc_column width=&#8221;1\/1&#8243;][vc_empty_space height=&#8221;32px&#8221;][vc_row_inner][vc_column_inner width=&#8221;1\/1&#8243;][vc_column_text] Retificadora para Pisos Intertravados Semi-Manual&hellip;<\/p>\n","protected":false},"author":1,"featured_media":0,"parent":7780,"menu_order":0,"comment_status":"closed","ping_status":"closed","template":"fullwidth.php","meta":{"_joinchat":[],"footnotes":""},"class_list":["post-10597","page","type-page","status-publish","hentry"],"_links":{"self":[{"href":"https:\/\/setorindustria.com.br\/en\/wp-json\/wp\/v2\/pages\/10597","targetHints":{"allow":["GET"]}}],"collection":[{"href":"https:\/\/setorindustria.com.br\/en\/wp-json\/wp\/v2\/pages"}],"about":[{"href":"https:\/\/setorindustria.com.br\/en\/wp-json\/wp\/v2\/types\/page"}],"author":[{"embeddable":true,"href":"https:\/\/setorindustria.com.br\/en\/wp-json\/wp\/v2\/users\/1"}],"replies":[{"embeddable":true,"href":"https:\/\/setorindustria.com.br\/en\/wp-json\/wp\/v2\/comments?post=10597"}],"version-history":[{"count":3,"href":"https:\/\/setorindustria.com.br\/en\/wp-json\/wp\/v2\/pages\/10597\/revisions"}],"predecessor-version":[{"id":10600,"href":"https:\/\/setorindustria.com.br\/en\/wp-json\/wp\/v2\/pages\/10597\/revisions\/10600"}],"up":[{"embeddable":true,"href":"https:\/\/setorindustria.com.br\/en\/wp-json\/wp\/v2\/pages\/7780"}],"wp:attachment":[{"href":"https:\/\/setorindustria.com.br\/en\/wp-json\/wp\/v2\/media?parent=10597"}],"curies":[{"name":"wp","href":"https:\/\/api.w.org\/{rel}","templated":true}]}}