{"id":4941,"date":"2014-07-14T06:27:40","date_gmt":"2014-07-14T06:27:40","guid":{"rendered":"http:\/\/zeyn.detheme.com\/?page_id=4941"},"modified":"2025-11-12T22:34:07","modified_gmt":"2025-11-13T01:34:07","slug":"hosting","status":"publish","type":"page","link":"https:\/\/setorindustria.com.br\/en\/","title":{"rendered":"Home"},"content":{"rendered":"<div class=\"wpb-content-wrapper\"><p>[vc_row background_style=&#8221;fixed&#8221; css=&#8221;.vc_custom_1461679226476{margin-top: -105px !important;margin-bottom: 0px !important;background-color: #000000 !important;}&#8221;][vc_column][rev_slider_vc alias=&#8221;principal&#8221;][\/vc_column][\/vc_row][vc_row expanded=&#8221;2&#8243; css=&#8221;.vc_custom_1461786993428{margin-top: 0px !important;padding-top: 50px !important;padding-bottom: 50px !important;background-image: url(http:\/\/setorindustria.com.br\/arquivos\/2014\/07\/bgProdutos_3.jpg?id=9784) !important;}&#8221; el_class=&#8221;box-meio&#8221;][vc_column][vc_row_inner][vc_column_inner][section_header use_decoration=&#8221;0&#8243; main_heading=&#8221;NOSSOS PRODUTOS&#8221; font_size=&#8221;custom&#8221; custom_font_size=&#8221;40px&#8221; color=&#8221;#818181&#8243;][\/vc_column_inner][\/vc_row_inner][vc_row_inner][vc_column_inner width=&#8221;1\/3&#8243;][vc_single_image image=&#8221;10208&#8243; img_size=&#8221;400&#215;400&#8243; alignment=&#8221;center&#8221; css_animation=&#8221;right-to-left&#8221; css=&#8221;.vc_custom_1487002988239{margin-top: 6.5% !important;}&#8221;][vc_separator color=&#8221;custom&#8221; align=&#8221;align_left&#8221; border_width=&#8221;3&#8243; el_width=&#8221;60&#8243; accent_color=&#8221;#39486d&#8221;][vc_column_text css_animation=&#8221;right-to-left&#8221;]<\/p>\n<h3 style=\"text-align: justify;\"><a href=\"https:\/\/setorindustria.com.br\/maquinas\/retifica-para-corpo-de-provas-set-40-linha-compacta\/\"><strong>Ret\u00edfica Manual SET 40 Eco<\/strong><\/a><\/h3>\n<p style=\"text-align: justify;\"><span style=\"color: #333333;\">Retificador manual para corpo de provas \u00f810&#215;20 cm.<\/span><\/p>\n<p style=\"text-align: justify;\"><span style=\"color: #333333;\">Projetada pela Setor Ind\u00fastria\u00ae, a retificadora manual SET 40 Eco \u00e9 nossa linha de entrada e apresenta \u00f3timo rendimento em laborat\u00f3rios de baixo volume de amostras, canteiro de obra, universidades dentre outros.<\/span><\/p>\n<p>[\/vc_column_text][\/vc_column_inner][vc_column_inner width=&#8221;1\/3&#8243;][vc_single_image image=&#8221;10218&#8243; img_size=&#8221;400&#215;400&#8243; alignment=&#8221;center&#8221; css_animation=&#8221;right-to-left&#8221; css=&#8221;.vc_custom_1487003005263{margin-top: 6.5% !important;}&#8221;][vc_separator color=&#8221;custom&#8221; align=&#8221;align_left&#8221; border_width=&#8221;3&#8243; el_width=&#8221;60&#8243; accent_color=&#8221;#39486d&#8221;][vc_column_text css_animation=&#8221;right-to-left&#8221;]<\/p>\n<h3 style=\"text-align: justify;\"><a href=\"https:\/\/setorindustria.com.br\/maquinas\/retifica-para-corpo-de-provas-set-50-linha-pro\/\"><strong>Ret\u00edfica Manual SET 50 \/ SET 50P<\/strong><\/a><\/h3>\n<p style=\"text-align: justify;\"><span style=\"color: #333333;\">A primeira ret\u00edfica horizontal do Brasil, as ret\u00edficas da linha SET 50 foram desenvolvidas pela Setor Ind\u00fastria\u00ae no in\u00edcio dos anos 2000 e at\u00e9 os dias de hoje \u00e9 o equipamento mais aceito e vendido em terras Brasileiras.<\/span><\/p>\n<p>[\/vc_column_text][\/vc_column_inner][vc_column_inner width=&#8221;1\/3&#8243;][vc_single_image image=&#8221;10212&#8243; img_size=&#8221;400&#215;400&#8243; alignment=&#8221;center&#8221; css_animation=&#8221;right-to-left&#8221; css=&#8221;.vc_custom_1487003078925{margin-top: 6.5% !important;}&#8221;][vc_separator color=&#8221;custom&#8221; align=&#8221;align_left&#8221; border_width=&#8221;3&#8243; el_width=&#8221;60&#8243; accent_color=&#8221;#39486d&#8221;][vc_column_text css_animation=&#8221;right-to-left&#8221;]<\/p>\n<h3 style=\"text-align: justify;\"><a href=\"https:\/\/setorindustria.com.br\/maquinas\/retifica-para-corpo-de-provas-set-100-linha-pro\/\"><strong>Ret\u00edfica Autom\u00e1tica SET 100 \/ SET 100P<\/strong><\/a><\/h3>\n<p style=\"text-align: justify;\"><span style=\"color: #333333;\">A ret\u00edfica autom\u00e1tica da Setor Ind\u00fastria \u00e9 uma extens\u00e3o do projeto das ret\u00edficas manuais SET 50. Com velocidade de avan\u00e7o controlado sua qualidade, durabilidade e robustez, aliado \u00e0 sua precis\u00e3o, asseguram um faceamento preciso e uniforme sem influ\u00eancia do operador no resultado final.<\/span><\/p>\n<p>[\/vc_column_text][\/vc_column_inner][\/vc_row_inner][vc_row_inner][vc_column_inner width=&#8221;1\/3&#8243;][vc_single_image image=&#8221;10488&#8243; img_size=&#8221;full&#8221; alignment=&#8221;center&#8221; css_animation=&#8221;left-to-right&#8221; css=&#8221;.vc_custom_1495629734652{margin-top: 3.9% !important;}&#8221;][vc_separator color=&#8221;custom&#8221; align=&#8221;align_left&#8221; border_width=&#8221;3&#8243; el_width=&#8221;60&#8243; accent_color=&#8221;#39486d&#8221;][vc_column_text css_animation=&#8221;left-to-right&#8221;]<\/p>\n<h3 style=\"text-align: justify;\"><a href=\"https:\/\/setorindustria.com.br\/maquinas\/retifica-automatica-para-corpo-de-provas-multi-cp-linha-pro\/\"><strong><span style=\"color: #333333;\">Ret\u00edfica Autom\u00e1tica para Corpo de Provas Multi CP<\/span><\/strong><\/a><\/h3>\n<p style=\"text-align: justify;\"><span style=\"color: #333333;\">Retificadora Autom\u00e1tica Horizontal para 4 (quatro) corpos de provas cil\u00edndricos de concreto \u00d805&#215;10, \u00d810&#215;20 e \u00d815&#215;30 (cm) ou materiais rochosos nesses di\u00e2metros.Equipado com disco\/rebolo diamantado, motor de 5 hp para o disco e 0,75 hp para a movimenta\u00e7\u00e3o do carrinho do disco.<\/span><\/p>\n<p>[\/vc_column_text][\/vc_column_inner][vc_column_inner width=&#8221;1\/3&#8243;][vc_single_image image=&#8221;10213&#8243; img_size=&#8221;full&#8221; alignment=&#8221;center&#8221; css_animation=&#8221;left-to-right&#8221; css=&#8221;.vc_custom_1486993678671{margin-top: 15px !important;}&#8221;][vc_separator color=&#8221;custom&#8221; align=&#8221;align_left&#8221; border_width=&#8221;3&#8243; el_width=&#8221;60&#8243; accent_color=&#8221;#39486d&#8221;][vc_column_text css_animation=&#8221;left-to-right&#8221;]<\/p>\n<h3 style=\"text-align: justify;\"><a href=\"https:\/\/setorindustria.com.br\/maquinas\/retifica-automatica-para-blocos-de-concreto-e-ceramicos-set-1000-hp-linha-pro\/\"><strong><span style=\"color: #333333;\">Ret\u00edfica para Blocos de Concreto SET 1000<\/span><\/strong><\/a><\/h3>\n<p style=\"text-align: justify;\"><span style=\"color: #333333;\">Com um projeto inovador utilizando os mesmos componentes empregados em m\u00e1quinas CNC, a retificadora para blocos e pisos inter-travados (paver) da Setor Ind\u00fastria\u00ae conta com a mesma qualidade das retificadoras para corpo de provas cil\u00edndricos em um projeto de engenharia \u00fanico, \u00e1gil e preciso.<\/span><\/p>\n<h1 class=\"page-title\" style=\"text-align: center;\"><\/h1>\n<p>[\/vc_column_text][\/vc_column_inner][vc_column_inner width=&#8221;1\/3&#8243;][vc_single_image image=&#8221;10214&#8243; img_size=&#8221;full&#8221; alignment=&#8221;center&#8221; css_animation=&#8221;left-to-right&#8221; css=&#8221;.vc_custom_1487003124258{margin-top: 3.9% !important;}&#8221;][vc_separator color=&#8221;custom&#8221; align=&#8221;align_left&#8221; border_width=&#8221;3&#8243; el_width=&#8221;60&#8243; accent_color=&#8221;#39486d&#8221;][vc_column_text css_animation=&#8221;left-to-right&#8221;]<\/p>\n<h3 style=\"text-align: justify;\"><a href=\"https:\/\/setorindustria.com.br\/maquinas\/retifica-automatica-para-blocos-de-concreto-set-1012-hp-linha-pro\/\"><strong><span style=\"color: #333333;\">Ret\u00edfica para Blocos de Concreto SET 1012<\/span><\/strong><\/a><\/h3>\n<p style=\"text-align: justify;\"><span style=\"color: #333333;\">Obedecendo integralmente as normas de seguran\u00e7a do trabalho NR12, a ret\u00edfica SET 1012 conta com carenagens, sensores e dispositivos de seguran\u00e7a monitorados para assegurar ao m\u00e1ximo a integridade f\u00edsica de seus operadores. A SET 1012 \u00e9 um upgrade da vers\u00e3o SET 1000.<\/span><\/p>\n<h1 class=\"page-title\" style=\"text-align: justify;\"><span style=\"color: #333333;\">\u00a0<\/span><\/h1>\n<p>[\/vc_column_text][\/vc_column_inner][\/vc_row_inner][\/vc_column][\/vc_row][vc_row expanded=&#8221;2&#8243; css=&#8221;.vc_custom_1461777375333{margin-top: 0px !important;padding-top: 50px !important;padding-bottom: 50px !important;}&#8221;][vc_column][vc_row_inner][vc_column_inner][section_header use_decoration=&#8221;0&#8243; main_heading=&#8221;NOSSOS SERVI\u00c7OS&#8221; font_size=&#8221;custom&#8221; custom_font_size=&#8221;70px&#8221; color=&#8221;#a6a8ab&#8221;][\/vc_column_inner][\/vc_row_inner][vc_row_inner][vc_column_inner width=&#8221;1\/4&#8243;][vc_single_image image=&#8221;9814&#8243; alignment=&#8221;center&#8221; css=&#8221;.vc_custom_1461778759057{margin-top: 11px !important;}&#8221;][vc_separator color=&#8221;custom&#8221; border_width=&#8221;3&#8243; accent_color=&#8221;#39486d&#8221;][vc_column_text]<\/p>\n<h3 style=\"text-align: center;\"><span style=\"color: #333333;\"><strong>Fabrica\u00e7\u00e3o de Equipamentos<\/strong><\/span><\/h3>\n<p style=\"text-align: center;\"><span style=\"color: #333333;\">Fabrica\u00e7\u00e3o de equipamentos, m\u00e1quinas e dispositivos em s\u00e9rie ou sob encomenda.<\/span><\/p>\n<p>[\/vc_column_text][\/vc_column_inner][vc_column_inner width=&#8221;1\/4&#8243;][vc_single_image image=&#8221;9810&#8243; alignment=&#8221;center&#8221;][vc_separator color=&#8221;custom&#8221; border_width=&#8221;3&#8243; accent_color=&#8221;#39486d&#8221;][vc_column_text]<\/p>\n<h3 style=\"text-align: center;\"><span style=\"color: #333333;\"><strong>Manuten\u00e7\u00e3o de Equipamentos<\/strong><\/span><\/h3>\n<p style=\"text-align: center;\"><span style=\"color: #333333;\">Manuten\u00e7\u00e3o de equipamentos e maquinas leves ou pesadas de marca, modelo e fabrica\u00e7\u00e3o diversificada.<\/span><\/p>\n<p>[\/vc_column_text][\/vc_column_inner][vc_column_inner width=&#8221;1\/4&#8243;][vc_single_image image=&#8221;9811&#8243; alignment=&#8221;center&#8221; css=&#8221;.vc_custom_1461778789113{margin-top: 10px !important;}&#8221;][vc_separator color=&#8221;custom&#8221; border_width=&#8221;3&#8243; accent_color=&#8221;#39486d&#8221;][vc_column_text]<\/p>\n<h3 style=\"text-align: center;\"><strong>Servi\u00e7os em torno convencional e CNC<\/strong><\/h3>\n<p style=\"text-align: center;\"><span style=\"color: #333333;\">Contamos com profissionais com mais de 30 anos de experi\u00eancia em usinagem de manuten\u00e7\u00e3o e fabrica\u00e7\u00e3o seriada.<\/span><\/p>\n<p>[\/vc_column_text][\/vc_column_inner][vc_column_inner width=&#8221;1\/4&#8243;][vc_single_image image=&#8221;9812&#8243; alignment=&#8221;center&#8221; css=&#8221;.vc_custom_1461778819085{margin-top: 23px !important;}&#8221;][vc_separator color=&#8221;custom&#8221; border_width=&#8221;3&#8243; accent_color=&#8221;#39486d&#8221;][vc_column_text]<\/p>\n<h3 style=\"text-align: center;\"><strong>Engenharia<\/strong><\/h3>\n<p style=\"text-align: center;\"><span style=\"color: #333333;\">A Setor Ind\u00fastria\u00ae possui engenheiros mec\u00e2nicos, automa\u00e7\u00e3o e el\u00e9tricos que juntos desenvolvem projetos personalizados de acordo com as necessidades e aplica\u00e7\u00f5es de cada cliente.<\/span><\/p>\n<p>[\/vc_column_text][\/vc_column_inner][\/vc_row_inner][\/vc_column][\/vc_row][vc_row expanded=&#8221;2&#8243; css=&#8221;.vc_custom_1461783796381{margin-top: 0px !important;margin-bottom: -25px !important;padding-top: 50px !important;padding-bottom: 50px !important;background-image: url(http:\/\/setorindustria.com.br\/arquivos\/2014\/07\/imagem-grande.png?id=9820) !important;}&#8221;][vc_column][vc_row_inner][vc_column_inner][vc_empty_space height=&#8221;330px&#8221;][\/vc_column_inner][\/vc_row_inner][\/vc_column][\/vc_row][vc_row expanded=&#8221;2&#8243; css=&#8221;.vc_custom_1461786427359{margin-top: 0px !important;margin-bottom: -10px !important;padding-top: 50px !important;padding-bottom: 50px !important;background-color: #eaeaea !important;}&#8221; el_class=&#8221;box-emp&#8221;][vc_column][vc_row_inner][vc_column_inner][section_header use_decoration=&#8221;0&#8243; main_heading=&#8221;A EMPRESA&#8221; font_size=&#8221;custom&#8221; custom_font_size=&#8221;70px&#8221; color=&#8221;#a6a8ab&#8221;][\/vc_column_inner][\/vc_row_inner][vc_single_image image=&#8221;9828&#8243; img_size=&#8221;full&#8221; alignment=&#8221;right&#8221;][vc_row_inner css=&#8221;.vc_custom_1407403590831{margin-top: -15px !important;margin-bottom: 10px !important;}&#8221;][vc_column_inner width=&#8221;1\/2&#8243;][vc_single_image image=&#8221;10538&#8243; img_size=&#8221;full&#8221; alignment=&#8221;center&#8221;][\/vc_column_inner][vc_column_inner width=&#8221;1\/2&#8243;][vc_column_text]<\/p>\n<p style=\"text-align: justify;\"><span style=\"color: #333333;\">A Setor Ind\u00fastria\u00ae foi fundada em 1986 a princ\u00edpio no ramo de manuten\u00e7\u00e3o, usinagem e recupera\u00e7\u00e3o de pe\u00e7as. Com o passar dos anos ampliando nossas instala\u00e7\u00f5es, iniciamos tamb\u00e9m a fabrica\u00e7\u00e3o de equipamentos tais como perfuratrizes hidr\u00e1ulicas e el\u00e9tricas, maquinas bate-estacas dentre outros produtos conforme a necessidade de nossos clientes.\u00a0<\/span><\/p>\n<p style=\"text-align: justify;\"><span style=\"color: #333333;\">Contamos com uma \u00e1rea de quatro galp\u00f5es, sendo um de usinagem, um para armazenagem e outros dois para fabrica\u00e7\u00e3o e manuten\u00e7\u00e3o de equipamentos, totalizando uma ampla estrutura de 2.000m\u00b2 e com muita tecnologia para o desenvolvimento de nossos produtos.<\/span><\/p>\n<p style=\"text-align: justify;\"><span style=\"color: #333333;\">E \u00e9 com grande orgulho e satisfa\u00e7\u00e3o que comemoramos nossos mais de 30 anos no mercado e a consolida\u00e7\u00e3o da nossa marca em todos os estados brasileiros e pa\u00edses da Am\u00e9rica Latina. Confiabilidade, compromisso e inova\u00e7\u00e3o s\u00e3o valores que a empresa preza para continuar oferecendo sempre as melhores solu\u00e7\u00f5es e os melhores equipamentos do mercado.<\/span><\/p>\n<p style=\"text-align: justify;\"><span style=\"color: #333333;\">Por isso acreditamos que para mantermos essa nossa crescente jornada \u00e9 imprescind\u00edvel o aperfei\u00e7oamento constante de nossos produtos e servi\u00e7os, sempre com o objetivo de aumentar nossa qualidade satisfazendo assim a todos nossos clientes.<\/span><\/p>\n<p>[\/vc_column_text][\/vc_column_inner][\/vc_row_inner][vc_row_inner][vc_column_inner css=&#8221;.vc_custom_1484572715933{padding-top: 50px !important;}&#8221;][section_header use_decoration=&#8221;0&#8243; main_heading=&#8221;SUSTENTABILIDADE&#8221; font_size=&#8221;custom&#8221; custom_font_size=&#8221;70px&#8221; color=&#8221;#a6a8ab&#8221; css=&#8221;.vc_custom_1461783198084{margin-bottom: -40px !important;}&#8221;][vc_single_image image=&#8221;9834&#8243; img_size=&#8221;full&#8221; alignment=&#8221;center&#8221; css=&#8221;.vc_custom_1461782999712{margin-left: 8px !important;}&#8221;][vc_column_text]Fazer o meio ambiente mais limpo e saud\u00e1vel \u00e9 o objetivo que a Setor Usinagem. Nosso equipamentos s\u00e3o projetados para se obter o melhor rendimento poss\u00edvel causando o m\u00ednimo de impacto ao meio ambiente. De maneira muito simples e eficiente nossos funcion\u00e1rios e colaboradores s\u00e3o orientados a fim de que seja reciclado 90% do nosso lixo produzido sendo alguns deles o A\u00e7o Carbono, alum\u00ednio (Al) , Bronze, Lat\u00e3o, inox e outros.<\/p>\n<p>Nossos galp\u00f5es foram constru\u00eddos de forma que a fosse aproveitado ao Maximo a luz solar, assim mantendo o m\u00ednimo poss\u00edvel de luzes acesas.<\/p>\n<p>Com a nossa tecnologia na fabrica\u00e7\u00e3o de faceadoras de corpos de prova \u00e9 poss\u00edvel eliminar o uso de enxofre(S) no processo conhecido como capeamento realizado em usinas concreteiras e laborat\u00f3rios de teste de resist\u00eancia de materiais, poupando assim a sa\u00fade dos profissionais respons\u00e1veis pelos testes de concreto e tamb\u00e9m beneficiando o meio ambiente.<\/p>\n<p>Por isso acreditamos que pequenas a\u00e7\u00f5es individuais s\u00e3o a maior for\u00e7a transformadora que se conhece. Ter uma atitude consciente em rela\u00e7\u00e3o aos nossos h\u00e1bitos de consumo \u00e9 a melhor e talvez a \u00fanica maneira de se mudar o mundo. Economize \u00e1gua, luz, recicle seu lixo, fa\u00e7a parte e ajude a construir um futuro melhor a todos.[\/vc_column_text][\/vc_column_inner][\/vc_row_inner][\/vc_column][\/vc_row][vc_row expanded=&#8221;2&#8243; css=&#8221;.vc_custom_1461786321414{margin-top: 0px !important;margin-bottom: -25px !important;padding-top: 100px !important;padding-bottom: 100px !important;background-image: url(http:\/\/setorindustria.com.br\/arquivos\/2014\/07\/background-video.png?id=9861) !important;}&#8221;][vc_column][vc_row_inner][vc_column_inner][section_header use_decoration=&#8221;0&#8243; main_heading=&#8221;V\u00cdDEOS&#8221; font_size=&#8221;custom&#8221; custom_font_size=&#8221;70px&#8221; color=&#8221;#ffffff&#8221;][\/vc_column_inner][\/vc_row_inner][vc_row_inner][vc_column_inner width=&#8221;1\/5&#8243;][vc_video link=&#8221;https:\/\/www.youtube.com\/watch?v=-aXti9vRJbo&#8221;][\/vc_column_inner][vc_column_inner width=&#8221;1\/5&#8243;][vc_video link=&#8221;https:\/\/www.youtube.com\/watch?v=fwJWF1zBQSQ&#8221;][\/vc_column_inner][vc_column_inner width=&#8221;1\/5&#8243;][vc_video link=&#8221;https:\/\/www.youtube.com\/watch?v=WaqpOR-ZKao&#8221;][\/vc_column_inner][vc_column_inner width=&#8221;1\/5&#8243;][vc_video link=&#8221;https:\/\/www.youtube.com\/watch?v=-S76EOwwDvI&#8221;][\/vc_column_inner][vc_column_inner width=&#8221;1\/5&#8243;][vc_video link=&#8221;https:\/\/www.youtube.com\/watch?v=guCEiMOJJWA&#8221;][\/vc_column_inner][\/vc_row_inner][\/vc_column][\/vc_row][vc_row expanded=&#8221;2&#8243; css=&#8221;.vc_custom_1461783576368{margin-bottom: -35px !important;padding-top: 60px !important;padding-bottom: 60px !important;}&#8221; font_color=&#8221;#ffffff&#8221; background_image=&#8221;6201&#8243;][vc_column][vc_row_inner][vc_column_inner][section_header use_decoration=&#8221;0&#8243; main_heading=&#8221;NOT\u00cdCIAS&#8221; font_size=&#8221;custom&#8221; custom_font_size=&#8221;70px&#8221; color=&#8221;#aaaaaa&#8221;][\/vc_column_inner][\/vc_row_inner][vc_row_inner el_class=&#8221;setor-noticias&#8221;][vc_column_inner][vc_basic_grid post_type=&#8221;post&#8221; max_items=&#8221;3&#8243; gap=&#8221;20&#8243; item=&#8221;10530&#8243; grid_id=&#8221;vc_gid:1762997387495-e39ce7e552dac710fd8c94b0b8b760a7-3&#8243;][\/vc_column_inner][\/vc_row_inner][\/vc_column][\/vc_row][vc_row expanded=&#8221;2&#8243; css=&#8221;.vc_custom_1461786465503{margin-top: 0px !important;margin-bottom: -35px !important;padding-top: 100px !important;padding-bottom: 100px !important;background-image: url(http:\/\/setorindustria.com.br\/arquivos\/2014\/07\/background-contato.png?id=9840) !important;}&#8221;][vc_column][vc_row_inner][vc_column_inner width=&#8221;1\/4&#8243;][vc_column_text]<\/p>\n<h2 class=\"h1-contato\">Contato<\/h2>\n<p class=\"p-contato\" style=\"font-weight: 600;\">Se voc\u00ea tem alguma d\u00favida, entre em contato conosco!<\/p>\n<hr \/>\n<p class=\"p-contato\"><i class=\"fa fa-map-marker\"><\/i> Rua Jurandir Ferraz De Campos, 405, Nova Aparecida, Campinas \/ SP<\/p>\n<hr \/>\n<p class=\"p-contato\"><i class=\"fa fa-phone\"><\/i> (19) 3281-2981 \/\u00a0 3281-0612<\/p>\n<hr \/>\n<p class=\"p-contato\"><i class=\"fa fa-envelope-o\"><\/i>contato@setorindustria.com.br<\/p>\n<p>[\/vc_column_text][\/vc_column_inner][vc_column_inner width=&#8221;3\/4&#8243;]\n<div class=\"wpcf7 no-js\" id=\"wpcf7-f9854-o1\" lang=\"pt-BR\" dir=\"ltr\" data-wpcf7-id=\"9854\">\n<div class=\"screen-reader-response\"><p role=\"status\" aria-live=\"polite\" aria-atomic=\"true\"><\/p> <ul><\/ul><\/div>\n<form action=\"\/en\/wp-json\/wp\/v2\/pages\/4941#wpcf7-f9854-o1\" method=\"post\" class=\"wpcf7-form init\" aria-label=\"Formul\u00e1rios de contato\" novalidate=\"novalidate\" data-status=\"init\">\n<fieldset class=\"hidden-fields-container\"><input type=\"hidden\" name=\"_wpcf7\" value=\"9854\" \/><input type=\"hidden\" name=\"_wpcf7_version\" value=\"6.1.2\" \/><input type=\"hidden\" name=\"_wpcf7_locale\" value=\"pt_BR\" \/><input type=\"hidden\" name=\"_wpcf7_unit_tag\" value=\"wpcf7-f9854-o1\" \/><input type=\"hidden\" name=\"_wpcf7_container_post\" value=\"0\" \/><input type=\"hidden\" name=\"_wpcf7_posted_data_hash\" value=\"\" \/><input type=\"hidden\" name=\"_wpcf7_recaptcha_response\" value=\"\" \/>\n<\/fieldset>\n<div class=\"principal\">\n\t<div class=\"row dt-contact-form on-light \">\n\t\t<div class=\"col-xs-12 col-sm-12  margin_bottom_30\">\n\t\t\t<p><span class=\"wpcf7-form-control-wrap\" data-name=\"cnpj\"><input class=\"wpcf7-form-control wpcf7-number wpcf7-validates-as-required wpcf7-validates-as-number form-control\" aria-required=\"true\" aria-invalid=\"false\" placeholder=\"CNPJ(Somente N\u00fameros)*\" value=\"\" type=\"number\" name=\"cnpj\" \/><\/span>\n\t\t\t<\/p>\n\t\t<\/div>\n\t\t<div class=\"col-xs-12 col-sm-6 margin_bottom_30\">\n\t\t\t<p><span class=\"wpcf7-form-control-wrap\" data-name=\"your-name\"><input size=\"40\" maxlength=\"140\" minlength=\"10\" class=\"wpcf7-form-control wpcf7-text wpcf7-validates-as-required form-control\" aria-required=\"true\" aria-invalid=\"false\" placeholder=\"Nome*\" value=\"\" type=\"text\" name=\"your-name\" \/><\/span>\n\t\t\t<\/p>\n\t\t<\/div>\n\t\t<div class=\"col-xs-12 col-sm-6\">\n\t\t\t<p><span class=\"wpcf7-form-control-wrap\" data-name=\"your-email\"><input size=\"40\" maxlength=\"140\" minlength=\"10\" class=\"wpcf7-form-control wpcf7-email wpcf7-validates-as-required wpcf7-text wpcf7-validates-as-email form-control\" aria-required=\"true\" aria-invalid=\"false\" placeholder=\"E-mail*\" value=\"\" type=\"email\" name=\"your-email\" \/><\/span>\n\t\t\t<\/p>\n\t\t<\/div>\n\t\t<div class=\"col-xs-12 col-sm-12 margin_bottom_30\">\n\t\t\t<p><span class=\"wpcf7-form-control-wrap\" data-name=\"formaContato\"><input size=\"40\" maxlength=\"140\" minlength=\"5\" class=\"wpcf7-form-control wpcf7-text wpcf7-validates-as-required form-control\" aria-required=\"true\" aria-invalid=\"false\" placeholder=\"Como deseja que entremos em contato?*\" value=\"\" type=\"text\" name=\"formaContato\" \/><\/span>\n\t\t\t<\/p>\n\t\t<\/div>\n\t\t<div class=\"col-xs-12 col-sm-12 margin_bottom_30\">\n\t\t\t<p><span class=\"wpcf7-form-control-wrap\" data-name=\"your-message\"><textarea cols=\"40\" rows=\"4\" maxlength=\"140\" minlength=\"10\" class=\"wpcf7-form-control wpcf7-textarea wpcf7-validates-as-required textareaPrincipal\" aria-required=\"true\" aria-invalid=\"false\" placeholder=\"Mensagem*\" name=\"your-message\"><\/textarea><\/span>\n\t\t\t<\/p>\n\t\t<\/div>\n\t\t<div class=\"btn-contato-principal\">\n\t\t\t<p><input class=\"wpcf7-form-control wpcf7-submit has-spinner\" type=\"submit\" value=\"Enviar\" \/>\n\t\t\t<\/p>\n\t\t<\/div>\n\t<\/div>\n<\/div><div class=\"wpcf7-response-output\" aria-hidden=\"true\"><\/div>\n<\/form>\n<\/div>\n[vc_separator][vc_column_text]<\/p>\n<p style=\"color: #fff;\">SIGA NOSSAS REDES SOCIAIS \u00a0\u00a0<a href=\"https:\/\/www.facebook.com\/SetorIndustria\/?fref=ts\"><img decoding=\"async\" src=\"\/ldcms-conteudo\/themes\/setorindustria\/images\/facebook-contato.png\" alt=\"\" \/><\/a><\/p>\n<p>[\/vc_column_text][\/vc_column_inner][\/vc_row_inner][vc_separator][\/vc_column][\/vc_row]<\/p>\n<\/div>","protected":false},"excerpt":{"rendered":"<p>[vc_row background_style=&#8221;fixed&#8221; css=&#8221;.vc_custom_1461679226476{margin-top: -105px !important;margin-bottom: 0px !important;background-color: #000000 !important;}&#8221;][vc_column][rev_slider_vc alias=&#8221;principal&#8221;][\/vc_column][\/vc_row][vc_row expanded=&#8221;2&#8243; css=&#8221;.vc_custom_1461786993428{margin-top: 0px !important;padding-top: 50px !important;padding-bottom: 50px !important;background-image: url(http:\/\/setorindustria.com.br\/arquivos\/2014\/07\/bgProdutos_3.jpg?id=9784) !important;}&#8221; el_class=&#8221;box-meio&#8221;][vc_column][vc_row_inner][vc_column_inner][section_header use_decoration=&#8221;0&#8243; main_heading=&#8221;NOSSOS PRODUTOS&#8221; font_size=&#8221;custom&#8221; custom_font_size=&#8221;40px&#8221; color=&#8221;#818181&#8243;][\/vc_column_inner][\/vc_row_inner][vc_row_inner][vc_column_inner width=&#8221;1\/3&#8243;][vc_single_image image=&#8221;10208&#8243; img_size=&#8221;400&#215;400&#8243; alignment=&#8221;center&#8221; css_animation=&#8221;right-to-left&#8221; css=&#8221;.vc_custom_1487002988239{margin-top: 6.5% !important;}&#8221;][vc_separator color=&#8221;custom&#8221; align=&#8221;align_left&#8221; border_width=&#8221;3&#8243; el_width=&#8221;60&#8243; accent_color=&#8221;#39486d&#8221;][vc_column_text css_animation=&#8221;right-to-left&#8221;] Ret\u00edfica Manual SET 40 Eco Retificador manual para corpo de provas \u00f810&#215;20 cm. Projetada&hellip;<\/p>\n","protected":false},"author":1,"featured_media":0,"parent":0,"menu_order":0,"comment_status":"open","ping_status":"open","template":"fullwidth.php","meta":{"_joinchat":[],"footnotes":""},"class_list":["post-4941","page","type-page","status-publish","hentry"],"_links":{"self":[{"href":"https:\/\/setorindustria.com.br\/en\/wp-json\/wp\/v2\/pages\/4941","targetHints":{"allow":["GET"]}}],"collection":[{"href":"https:\/\/setorindustria.com.br\/en\/wp-json\/wp\/v2\/pages"}],"about":[{"href":"https:\/\/setorindustria.com.br\/en\/wp-json\/wp\/v2\/types\/page"}],"author":[{"embeddable":true,"href":"https:\/\/setorindustria.com.br\/en\/wp-json\/wp\/v2\/users\/1"}],"replies":[{"embeddable":true,"href":"https:\/\/setorindustria.com.br\/en\/wp-json\/wp\/v2\/comments?post=4941"}],"version-history":[{"count":4,"href":"https:\/\/setorindustria.com.br\/en\/wp-json\/wp\/v2\/pages\/4941\/revisions"}],"predecessor-version":[{"id":10863,"href":"https:\/\/setorindustria.com.br\/en\/wp-json\/wp\/v2\/pages\/4941\/revisions\/10863"}],"wp:attachment":[{"href":"https:\/\/setorindustria.com.br\/en\/wp-json\/wp\/v2\/media?parent=4941"}],"curies":[{"name":"wp","href":"https:\/\/api.w.org\/{rel}","templated":true}]}}