{"id":5156,"date":"2014-07-15T08:33:55","date_gmt":"2014-07-15T08:33:55","guid":{"rendered":"http:\/\/zeyn.detheme.com\/?page_id=5156"},"modified":"2025-11-13T11:16:33","modified_gmt":"2025-11-13T14:16:33","slug":"orcamento","status":"publish","type":"page","link":"https:\/\/setorindustria.com.br\/en\/orcamento\/","title":{"rendered":"Or\u00e7amento"},"content":{"rendered":"<div class=\"wpb-content-wrapper\"><p>[vc_row expanded=&#8221;2&#8243; css=&#8221;.vc_custom_1411019753291{margin-top: -60px !important;padding-top: 60px !important;padding-bottom: 60px !important;background-color: #f6f6f6 !important;}&#8221;][vc_column][section_header use_decoration=&#8221;1&#8243; layout_type=&#8221;section-heading-thin-border&#8221; separator_position=&#8221;left&#8221; main_heading=&#8221;Fa\u00e7a um or\u00e7amento conosco&#8221; text_align=&#8221;left&#8221;][vc_column_text]<\/p>\n<p style=\"text-align: justify;\"><span style=\"color: #333333;\">Entre em contato conosco para realizar um or\u00e7amento!<\/span><\/p>\n<p>[\/vc_column_text][vc_row_inner][vc_column_inner width=&#8221;2\/3&#8243;][vc_column_text]<script type=\"text\/javascript\">\n\/* <![CDATA[ *\/\nvar gform;gform||(document.addEventListener(\"gform_main_scripts_loaded\",function(){gform.scriptsLoaded=!0}),document.addEventListener(\"gform\/theme\/scripts_loaded\",function(){gform.themeScriptsLoaded=!0}),window.addEventListener(\"DOMContentLoaded\",function(){gform.domLoaded=!0}),gform={domLoaded:!1,scriptsLoaded:!1,themeScriptsLoaded:!1,isFormEditor:()=>\"function\"==typeof InitializeEditor,callIfLoaded:function(o){return!(!gform.domLoaded||!gform.scriptsLoaded||!gform.themeScriptsLoaded&&!gform.isFormEditor()||(gform.isFormEditor()&&console.warn(\"The use of gform.initializeOnLoaded() is deprecated in the form editor context and will be removed in Gravity Forms 3.1.\"),o(),0))},initializeOnLoaded:function(o){gform.callIfLoaded(o)||(document.addEventListener(\"gform_main_scripts_loaded\",()=>{gform.scriptsLoaded=!0,gform.callIfLoaded(o)}),document.addEventListener(\"gform\/theme\/scripts_loaded\",()=>{gform.themeScriptsLoaded=!0,gform.callIfLoaded(o)}),window.addEventListener(\"DOMContentLoaded\",()=>{gform.domLoaded=!0,gform.callIfLoaded(o)}))},hooks:{action:{},filter:{}},addAction:function(o,r,e,t){gform.addHook(\"action\",o,r,e,t)},addFilter:function(o,r,e,t){gform.addHook(\"filter\",o,r,e,t)},doAction:function(o){gform.doHook(\"action\",o,arguments)},applyFilters:function(o){return gform.doHook(\"filter\",o,arguments)},removeAction:function(o,r){gform.removeHook(\"action\",o,r)},removeFilter:function(o,r,e){gform.removeHook(\"filter\",o,r,e)},addHook:function(o,r,e,t,n){null==gform.hooks[o][r]&&(gform.hooks[o][r]=[]);var d=gform.hooks[o][r];null==n&&(n=r+\"_\"+d.length),gform.hooks[o][r].push({tag:n,callable:e,priority:t=null==t?10:t})},doHook:function(r,o,e){var t;if(e=Array.prototype.slice.call(e,1),null!=gform.hooks[r][o]&&((o=gform.hooks[r][o]).sort(function(o,r){return o.priority-r.priority}),o.forEach(function(o){\"function\"!=typeof(t=o.callable)&&(t=window[t]),\"action\"==r?t.apply(null,e):e[0]=t.apply(null,e)})),\"filter\"==r)return e[0]},removeHook:function(o,r,t,n){var e;null!=gform.hooks[o][r]&&(e=(e=gform.hooks[o][r]).filter(function(o,r,e){return!!(null!=n&&n!=o.tag||null!=t&&t!=o.priority)}),gform.hooks[o][r]=e)}});\n\/* ]]> *\/\n<\/script>\n\n                <div class='gf_browser_gecko gform_wrapper gravity-theme gform-theme--no-framework' data-form-theme='gravity-theme' data-form-index='0' id='gform_wrapper_2' style='display:none'>\n                        <div class='gform_heading'>\n                            <h2 class=\"gform_title\">Formul\u00e1rio de or\u00e7amento<\/h2>\n                            <p class='gform_description'><\/p>\n                        <\/div><form method='post' enctype='multipart\/form-data'  id='gform_2'  action='\/en\/wp-json\/wp\/v2\/pages\/5156' data-formid='2' novalidate>\n                        <div class='gform-body gform_body'><div id='gform_fields_2' class='gform_fields top_label form_sublabel_below description_below validation_below'><div id=\"field_2_1\" class=\"gfield gfield--type-text gfield--input-type-text gfield--width-half gfield_contains_required field_sublabel_below gfield--no-description field_description_below field_validation_below gfield_visibility_visible\"  ><label class='gfield_label gform-field-label' for='input_2_1'>Nome Completo<span class=\"gfield_required\"><span class=\"gfield_required gfield_required_text\">(Required)<\/span><\/span><\/label><div class='ginput_container ginput_container_text'><input name='input_1' id='input_2_1' type='text' value='' class='large'     aria-required=\"true\" aria-invalid=\"false\"   \/><\/div><\/div><div id=\"field_2_3\" class=\"gfield gfield--type-email gfield--input-type-email gfield--width-half gfield_contains_required field_sublabel_below gfield--no-description field_description_below field_validation_below gfield_visibility_visible\"  ><label class='gfield_label gform-field-label' for='input_2_3'>E-mail<span class=\"gfield_required\"><span class=\"gfield_required gfield_required_text\">(Required)<\/span><\/span><\/label><div class='ginput_container ginput_container_email'>\n                            <input name='input_3' id='input_2_3' type='email' value='' class='large'    aria-required=\"true\" aria-invalid=\"false\"  \/>\n                        <\/div><\/div><div id=\"field_2_5\" class=\"gfield gfield--type-text gfield--input-type-text gfield--width-half gfield_contains_required field_sublabel_below gfield--has-description field_description_below field_validation_below gfield_visibility_visible\"  ><label class='gfield_label gform-field-label' for='input_2_5'>CNPJ<span class=\"gfield_required\"><span class=\"gfield_required gfield_required_text\">(Required)<\/span><\/span><\/label><div class='ginput_container ginput_container_text'><input name='input_5' id='input_2_5' type='text' value='' class='large'  aria-describedby=\"gfield_description_2_5\"   aria-required=\"true\" aria-invalid=\"false\"   \/><\/div><div class='gfield_description' id='gfield_description_2_5'>(Apenas n\u00fameros)<\/div><\/div><div id=\"field_2_11\" class=\"gfield gfield--type-text gfield--input-type-text gfield--width-half gfield_contains_required field_sublabel_below gfield--no-description field_description_below field_validation_below gfield_visibility_visible\"  ><label class='gfield_label gform-field-label' for='input_2_11'>Empresa<span class=\"gfield_required\"><span class=\"gfield_required gfield_required_text\">(Required)<\/span><\/span><\/label><div class='ginput_container ginput_container_text'><input name='input_11' id='input_2_11' type='text' value='' class='large'     aria-required=\"true\" aria-invalid=\"false\"   \/><\/div><\/div><div id=\"field_2_12\" class=\"gfield gfield--type-select gfield--input-type-select gfield--width-full gfield_contains_required field_sublabel_below gfield--no-description field_description_below field_validation_below gfield_visibility_visible\"  ><label class='gfield_label gform-field-label' for='input_2_12'>Contato<span class=\"gfield_required\"><span class=\"gfield_required gfield_required_text\">(Required)<\/span><\/span><\/label><div class='ginput_container ginput_container_select'><select name='input_12' id='input_2_12' class='large gfield_select'    aria-required=\"true\" aria-invalid=\"false\" ><option value='' selected='selected' class='gf_placeholder'>Selecione<\/option><option value='Whatsapp' >Whatsapp<\/option><option value='Telefone Fixo' >Telefone Fixo<\/option><\/select><\/div><\/div><div id=\"field_2_7\" class=\"gfield gfield--type-text gfield--input-type-text gfield--width-full field_sublabel_below gfield--has-description field_description_below field_validation_below gfield_visibility_visible\"  ><label class='gfield_label gform-field-label' for='input_2_7'>N\u00famero de Whatsapp (Com DDD)<\/label><div class='ginput_container ginput_container_text'><input name='input_7' id='input_2_7' type='text' value='' class='large'  aria-describedby=\"gfield_description_2_7\"    aria-invalid=\"false\"   \/><\/div><div class='gfield_description' id='gfield_description_2_7'>(Apenas numeros)<\/div><\/div><div id=\"field_2_8\" class=\"gfield gfield--type-text gfield--input-type-text gfield--width-full field_sublabel_below gfield--has-description field_description_below field_validation_below gfield_visibility_visible\"  ><label class='gfield_label gform-field-label' for='input_2_8'>Telefone Fixo (Com DDD)<\/label><div class='ginput_container ginput_container_text'><input name='input_8' id='input_2_8' type='text' value='' class='large'  aria-describedby=\"gfield_description_2_8\"    aria-invalid=\"false\"   \/><\/div><div class='gfield_description' id='gfield_description_2_8'>(Apenas numeros)<\/div><\/div><div id=\"field_2_14\" class=\"gfield gfield--type-select gfield--input-type-select gfield--width-full gfield_contains_required field_sublabel_below gfield--no-description field_description_below field_validation_below gfield_visibility_visible\"  ><label class='gfield_label gform-field-label' for='input_2_14'>Como deseja que entremos em contato?<span class=\"gfield_required\"><span class=\"gfield_required gfield_required_text\">(Required)<\/span><\/span><\/label><div class='ginput_container ginput_container_select'><select name='input_14' id='input_2_14' class='large gfield_select'    aria-required=\"true\" aria-invalid=\"false\" ><option value='' selected='selected' class='gf_placeholder'>Selecione<\/option><option value='Telefone Fixo' >Telefone Fixo<\/option><option value='Whatsapp' >Whatsapp<\/option><option value='Email' >Email<\/option><option value='Outro' >Outro<\/option><\/select><\/div><\/div><div id=\"field_2_15\" class=\"gfield gfield--type-text gfield--input-type-text gfield--width-full field_sublabel_below gfield--no-description field_description_below field_validation_below gfield_visibility_visible\"  ><label class='gfield_label gform-field-label' for='input_2_15'>Qual outro meio de contato?<\/label><div class='ginput_container ginput_container_text'><input name='input_15' id='input_2_15' type='text' value='' class='large'      aria-invalid=\"false\"   \/><\/div><\/div><div id=\"field_2_9\" class=\"gfield gfield--type-text gfield--input-type-text gfield--width-half gfield_contains_required field_sublabel_below gfield--no-description field_description_below field_validation_below gfield_visibility_visible\"  ><label class='gfield_label gform-field-label' for='input_2_9'>Cidade<span class=\"gfield_required\"><span class=\"gfield_required gfield_required_text\">(Required)<\/span><\/span><\/label><div class='ginput_container ginput_container_text'><input name='input_9' id='input_2_9' type='text' value='' class='large'     aria-required=\"true\" aria-invalid=\"false\"   \/><\/div><\/div><div id=\"field_2_10\" class=\"gfield gfield--type-select gfield--input-type-select gfield--width-half gfield_contains_required field_sublabel_below gfield--no-description field_description_below field_validation_below gfield_visibility_visible\"  ><label class='gfield_label gform-field-label' for='input_2_10'>Estado<span class=\"gfield_required\"><span class=\"gfield_required gfield_required_text\">(Required)<\/span><\/span><\/label><div class='ginput_container ginput_container_select'><select name='input_10' id='input_2_10' class='large gfield_select'    aria-required=\"true\" aria-invalid=\"false\" ><option value='AC' >AC<\/option><option value='AL' >AL<\/option><option value='AP' >AP<\/option><option value='AM' >AM<\/option><option value='BA' >BA<\/option><option value='CE' >CE<\/option><option value='DF' >DF<\/option><option value='ES' >ES<\/option><option value='GO' >GO<\/option><option value='MA' >MA<\/option><option value='MT' >MT<\/option><option value='MS' >MS<\/option><option value='MG' >MG<\/option><option value='PA' >PA<\/option><option value='PB' >PB<\/option><option value='PR' >PR<\/option><option value='PE' >PE<\/option><option value='PI' >PI<\/option><option value='RJ' >RJ<\/option><option value='RN' >RN<\/option><option value='RS' >RS<\/option><option value='RO' >RO<\/option><option value='RR' >RR<\/option><option value='SC' >SC<\/option><option value='SP' >SP<\/option><option value='SE' >SE<\/option><option value='TO' >TO<\/option><\/select><\/div><\/div><div id=\"field_2_13\" class=\"gfield gfield--type-select gfield--input-type-select gfield--width-full gfield_contains_required field_sublabel_below gfield--no-description field_description_below field_validation_below gfield_visibility_visible\"  ><label class='gfield_label gform-field-label' for='input_2_13'>Or\u00e7amento<span class=\"gfield_required\"><span class=\"gfield_required gfield_required_text\">(Required)<\/span><\/span><\/label><div class='ginput_container ginput_container_select'><select name='input_13' id='input_2_13' class='large gfield_select'    aria-required=\"true\" aria-invalid=\"false\" ><option value='' selected='selected' class='gf_placeholder'>Selecione o Produto<\/option><option value='Ret\u00edfica Manual para corpo de provas \u2013 SET 50 linha PRO' >Ret\u00edfica Manual para corpo de provas \u2013 SET 50 linha PRO<\/option><option value='Ret\u00edfica Semi-Manual para corpo de provas \u2013 SET 50P Linha PRO' >Ret\u00edfica Semi-Manual para corpo de provas \u2013 SET 50P Linha PRO<\/option><option value='Ret\u00edfica para Corpo de provas FULL' >Ret\u00edfica para Corpo de provas FULL<\/option><option value='Ret\u00edfica Autom\u00e1tica para Corpo de Provas \u2013 Multi CP Linha PRO' >Ret\u00edfica Autom\u00e1tica para Corpo de Provas \u2013 Multi CP Linha PRO<\/option><option value='Ret\u00edfica Autom\u00e1tica para Corpo de Provas \u2013 SET 100 Linha PRO' >Ret\u00edfica Autom\u00e1tica para Corpo de Provas \u2013 SET 100 Linha PRO<\/option><option value='Ret\u00edfica Autom\u00e1tica para Corpo de Provas \u2013 SET 100P Linha PRO' >Ret\u00edfica Autom\u00e1tica para Corpo de Provas \u2013 SET 100P Linha PRO<\/option><option value='Ret\u00edfica Manual para Corpo de Provas \u2013 SET 40 Linha Compacta' >Ret\u00edfica Manual para Corpo de Provas \u2013 SET 40 Linha Compacta<\/option><option value='Retificadora para Pisos Intertravados Semi-Manual Horizontal SET PAVER \u2013 Linha PRO \u2013 Precis\u00e3o, Desempenho e Robustez para Profissionais' >Retificadora para Pisos Intertravados Semi-Manual Horizontal SET PAVER \u2013 Linha PRO \u2013 Precis\u00e3o, Desempenho e Robustez para Profissionais<\/option><option value='Ret\u00edfica Autom\u00e1tica para Blocos de concreto e Cer\u00e2micos \u2013 SET 1000HP Linha PRO' >Ret\u00edfica Autom\u00e1tica para Blocos de concreto e Cer\u00e2micos \u2013 SET 1000HP Linha PRO<\/option><option value='Ret\u00edfica para Blocos de Concreto SET 1012' >Ret\u00edfica para Blocos de Concreto SET 1012<\/option><\/select><\/div><\/div><div id=\"field_2_16\" class=\"gfield gfield--type-textarea gfield--input-type-textarea gfield--width-full gfield_contains_required field_sublabel_below gfield--no-description field_description_below field_validation_below gfield_visibility_visible\"  ><label class='gfield_label gform-field-label' for='input_2_16'>Mensagem<span class=\"gfield_required\"><span class=\"gfield_required gfield_required_text\">(Required)<\/span><\/span><\/label><div class='ginput_container ginput_container_textarea'><textarea name='input_16' id='input_2_16' class='textarea large'     aria-required=\"true\" aria-invalid=\"false\"   rows='10' cols='50'><\/textarea><\/div><\/div><div id=\"field_2_17\" class=\"gfield gfield--type-hcaptcha gfield--input-type-hcaptcha gfield--width-full field_sublabel_below gfield--no-description field_description_below hidden_label field_validation_below gfield_visibility_visible\"  ><label class='gfield_label gform-field-label' for='input_2_17'>hCaptcha<\/label>\t\t<input\n\t\t\t\ttype=\"hidden\"\n\t\t\t\tclass=\"hcaptcha-widget-id\"\n\t\t\t\tname=\"hcaptcha-widget-id\"\n\t\t\t\tvalue=\"eyJzb3VyY2UiOlsiZ3Jhdml0eWZvcm1zXC9ncmF2aXR5Zm9ybXMucGhwIl0sImZvcm1faWQiOjJ9-c22316a5b61454dc17119512ff5cdfca\">\n\t\t\t\t<h-captcha\n\t\t\tclass=\"h-captcha\" id=\"input_2_17\" data-tabindex=\"0\"\n\t\t\tdata-sitekey=\"0d0a525e-feb0-4244-9ebe-53b66e428842\"\n\t\t\tdata-theme=\"light\"\n\t\t\tdata-size=\"normal\"\n\t\t\tdata-auto=\"false\"\n\t\t\tdata-ajax=\"false\"\n\t\t\tdata-force=\"false\">\n\t\t<\/h-captcha>\n\t\t<input type=\"hidden\" id=\"gravity_forms_nonce\" name=\"gravity_forms_nonce\" value=\"e63c375299\" \/><input type=\"hidden\" name=\"_wp_http_referer\" value=\"\/en\/wp-json\/wp\/v2\/pages\/5156\" \/><\/div><\/div><\/div>\n        <div class='gform-footer gform_footer top_label'> <input type='submit' id='gform_submit_button_2' class='gform_button button' onclick='gform.submission.handleButtonClick(this);' data-submission-type='submit' value='Enviar'  \/> \n            <input type='hidden' class='gform_hidden' name='gform_submission_method' data-js='gform_submission_method_2' value='postback' \/>\n            <input type='hidden' class='gform_hidden' name='gform_theme' data-js='gform_theme_2' id='gform_theme_2' value='gravity-theme' \/>\n            <input type='hidden' class='gform_hidden' name='gform_style_settings' data-js='gform_style_settings_2' id='gform_style_settings_2' value='[]' \/>\n            <input type='hidden' class='gform_hidden' name='is_submit_2' value='1' \/>\n            <input type='hidden' class='gform_hidden' name='gform_submit' value='2' \/>\n            \n            <input type='hidden' class='gform_hidden' name='gform_unique_id' value='' \/>\n            <input type='hidden' class='gform_hidden' name='state_2' value='WyJ7XCIxMlwiOltcIjc5ZmUyMjA5YjcwYzEzNmZiNWI0MGZjZGU5OGEwZDE4XCIsXCI4ZTM4NGRkNmJkZTRjYTI4YjViYjhmMGQyNGNlYWExZVwiXSxcIjE0XCI6W1wiOGUzODRkZDZiZGU0Y2EyOGI1YmI4ZjBkMjRjZWFhMWVcIixcIjc5ZmUyMjA5YjcwYzEzNmZiNWI0MGZjZGU5OGEwZDE4XCIsXCIzY2YwZmFmMzM5NTI1ZmUyMThiZTQ3ZjFkNGUyYTVmMVwiLFwiZmNmMDQ0MjY5ZWQwM2NmNTVlOTNlYWQxMzg4YTUxYzNcIl0sXCIxMFwiOltcImJlODA1NWQ0M2JkN2U1ZTI5ZWZlN2NmMmYyZDZmYzUzXCIsXCIwZjQ4ZTZmZDEyOThlM2M4ZTczNTU4ZTgxNjVlOGIzOVwiLFwiNzhmNmM4NThlMjY2YTI3MzIzZGMxNjA4ZDc4ZGFmOThcIixcIjg3NDQxN2EzYjFjNThhZmE2MDVlZTBkZWI4YjNjMWMyXCIsXCI3YTg2NWNkZjk2ZjMxOTc2MzUyMWZkMDJhMDJmNDFjYlwiLFwiNTU1NzJkMjgxZTkwZDIyZTJjNDcyODg4NGEyNjBhNjFcIixcIjMzYTRmZWM2YzEwNGJmMjRmM2I4ZWRhNzllYjJjOTMyXCIsXCI0ZWVjMDNmOTQwMzRjZWU0ZDZhZGQ2Zjk3MmVkNzhkMFwiLFwiODZlZGM3OTU5OWYwNmMwMGVjNGRmYmVlMGY0ZTk0ZTdcIixcIjA5M2E1YmI2YmRlOWRmNzJjN2VjNGVlOWE4ZWFlMThmXCIsXCIxYWFmOGViMTJiYmY4NDU0ZTliZTc0OTIxYzAwN2IxZlwiLFwiYWFkNmRiNWUwOTM4ZjU4ZGE5M2U3YmJhYjRmMDkxYzdcIixcIjA4OGQxZWU4ZjVjNjM3YjcxNWEyNDAzMWQ4MjgzNWM0XCIsXCIyNzA4ZmEyNmUwNDFlZjVmMzI1ODNlYjAwYzExZjE5ZVwiLFwiNzFmYTM5OGY5MjU0NTQwZTgyNmUxZDY4MTZlMGYzYjFcIixcIjk2NmJkYTAxZTdiNWZmZDc4MjZhZjE5OTg1N2M1NTY2XCIsXCIzMTMwNjUyMzJkMDhkOGEzNjNlMzg2MDhhY2Y2Yjk5YlwiLFwiODQ4MmE1NjdjNmMzZWZhNmYwZWUzOTk4YTIwMjg4OTNcIixcIjI5Y2MwOWI5Yjc0ZmM3ODZjMDM2NTU3OTA0M2VhNDEzXCIsXCJkZmIzNmQ5ZWI3YjMwYjcyZjBkODBiYmY3YmNlYzZkYlwiLFwiZTFiMTg4MTE4Y2I1NTZmMmJjNjg0YjVjZWRhMWI1ZjFcIixcImRhODg2Y2U4MTRmYzI5ZTE3ZTc5MzM3Y2NlOTk1MzcxXCIsXCJiYzhmYWUzMjg0YTc3YWIwMmY5YWJlMDA3YjRlMDZiMVwiLFwiNDg3YTA0Y2IyMTQzZmM3Y2Y0ZmI2NTk4ZWIyMTVhZjhcIixcImE1MTA0MDc4NzgwYjk4MTdhOWQ0MzI5MmZhNjc4OWQxXCIsXCJmYjZiMjcxYzE2NDcwMTg2N2EyY2U0MjY4OWY3OTg0MFwiLFwiMjI2M2VmYjg3NzVhNTgxZWRkZGQ0YTAzY2I1MDRhNTFcIl0sXCIxM1wiOltcImNkN2RkZTQ2ODg3MjhiMzU4ZTc3N2Q1MzQ5YWQxMWZjXCIsXCJiNDFkMTA0NjdhZTM2ZWNlNzUyNmU5MzEzZTlmNDQzY1wiLFwiNzA1NmQ4NDA4Mzg0ZDRlOTgzYmRhMjA5ZmFiOTYxMzlcIixcIjI2MTI5MzI1NmY5NmNiOTM3MjA3MTExMDUyYjM4M2FmXCIsXCI5MzMyNDhiZjNjMmFiMjY0ZjZmYTNhMDg0ZWRhYWMxNFwiLFwiYTI1ZTU4OTlkNmFjOWU3YTRhNDI1YTQ5YWEwYzY1MzJcIixcImZkMTZjMDBlZDEwM2NkMTk5ZmQ3MGMyZDYzZjJjYzMzXCIsXCJkN2ExNjMyMWQ0OTA5OGVlNTQxNjk2NTk2M2YzYjNmZlwiLFwiOTc4OWMwZjkyNGZmMTg4ZmY2NmZmMjcxMmFlZTc0OTdcIixcIjBkZmVkMDEyYmM0ZWEwOWJiYmRjMDZkNWRkMDlmYjdiXCJdfSIsIjMzNDViZGZmYmZkN2MzMWE2NTc1ZDg2MzU5ZDgzOWJlIl0=' \/>\n            <input type='hidden' autocomplete='off' class='gform_hidden' name='gform_target_page_number_2' id='gform_target_page_number_2' value='0' \/>\n            <input type='hidden' autocomplete='off' class='gform_hidden' name='gform_source_page_number_2' id='gform_source_page_number_2' value='1' \/>\n            <input type='hidden' name='gform_field_values' value='' \/>\n            \n        <\/div>\n                        <\/form>\n                        <\/div><script type=\"text\/javascript\">\n\/* <![CDATA[ *\/\n gform.initializeOnLoaded( function() {gformInitSpinner( 2, 'https:\/\/setorindustria.com.br\/wp-content\/plugins\/gravityforms\/images\/spinner.svg', true );jQuery('#gform_ajax_frame_2').on('load',function(){var contents = jQuery(this).contents().find('*').html();var is_postback = contents.indexOf('GF_AJAX_POSTBACK') >= 0;if(!is_postback){return;}var form_content = jQuery(this).contents().find('#gform_wrapper_2');var is_confirmation = jQuery(this).contents().find('#gform_confirmation_wrapper_2').length > 0;var is_redirect = contents.indexOf('gformRedirect(){') >= 0;var is_form = form_content.length > 0 && ! is_redirect && ! is_confirmation;var mt = parseInt(jQuery('html').css('margin-top'), 10) + parseInt(jQuery('body').css('margin-top'), 10) + 100;if(is_form){form_content.find('form').css('opacity', 0);jQuery('#gform_wrapper_2').html(form_content.html());if(form_content.hasClass('gform_validation_error')){jQuery('#gform_wrapper_2').addClass('gform_validation_error');} else {jQuery('#gform_wrapper_2').removeClass('gform_validation_error');}setTimeout( function() { \/* delay the scroll by 50 milliseconds to fix a bug in chrome *\/  }, 50 );if(window['gformInitDatepicker']) {gformInitDatepicker();}if(window['gformInitPriceFields']) {gformInitPriceFields();}var current_page = jQuery('#gform_source_page_number_2').val();gformInitSpinner( 2, 'https:\/\/setorindustria.com.br\/wp-content\/plugins\/gravityforms\/images\/spinner.svg', true );jQuery(document).trigger('gform_page_loaded', [2, current_page]);window['gf_submitting_2'] = false;}else if(!is_redirect){var confirmation_content = jQuery(this).contents().find('.GF_AJAX_POSTBACK').html();if(!confirmation_content){confirmation_content = contents;}jQuery('#gform_wrapper_2').replaceWith(confirmation_content);jQuery(document).trigger('gform_confirmation_loaded', [2]);window['gf_submitting_2'] = false;wp.a11y.speak(jQuery('#gform_confirmation_message_2').text());}else{jQuery('#gform_2').append(contents);if(window['gformRedirect']) {gformRedirect();}}jQuery(document).trigger(\"gform_pre_post_render\", [{ formId: \"2\", currentPage: \"current_page\", abort: function() { this.preventDefault(); } }]);        if (event && event.defaultPrevented) {                return;        }        const gformWrapperDiv = document.getElementById( \"gform_wrapper_2\" );        if ( gformWrapperDiv ) {            const visibilitySpan = document.createElement( \"span\" );            visibilitySpan.id = \"gform_visibility_test_2\";            gformWrapperDiv.insertAdjacentElement( \"afterend\", visibilitySpan );        }        const visibilityTestDiv = document.getElementById( \"gform_visibility_test_2\" );        let postRenderFired = false;        function triggerPostRender() {            if ( postRenderFired ) {                return;            }            postRenderFired = true;            gform.core.triggerPostRenderEvents( 2, current_page );            if ( visibilityTestDiv ) {                visibilityTestDiv.parentNode.removeChild( visibilityTestDiv );            }        }        function debounce( func, wait, immediate ) {            var timeout;            return function() {                var context = this, args = arguments;                var later = function() {                    timeout = null;                    if ( !immediate ) func.apply( context, args );                };                var callNow = immediate && !timeout;                clearTimeout( timeout );                timeout = setTimeout( later, wait );                if ( callNow ) func.apply( context, args );            };        }        const debouncedTriggerPostRender = debounce( function() {            triggerPostRender();        }, 200 );        if ( visibilityTestDiv && visibilityTestDiv.offsetParent === null ) {            const observer = new MutationObserver( ( mutations ) => {                mutations.forEach( ( mutation ) => {                    if ( mutation.type === 'attributes' && visibilityTestDiv.offsetParent !== null ) {                        debouncedTriggerPostRender();                        observer.disconnect();                    }                });            });            observer.observe( document.body, {                attributes: true,                childList: false,                subtree: true,                attributeFilter: [ 'style', 'class' ],            });        } else {            triggerPostRender();        }    } );} ); \n\/* ]]> *\/\n<\/script>\n[\/vc_column_text][\/vc_column_inner][vc_column_inner width=&#8221;1\/3&#8243;][vc_column_text]<\/p>\n<h4 class=\"nomargin\" style=\"text-align: center;\">Realize um or\u00e7amento atrav\u00e9s do formul\u00e1rio ao lado ou venha realizar pessoalmente atrav\u00e9s de um visita, ser\u00e1 um prazer receb\u00ea-lo!<\/h4>\n<p>&nbsp;<\/p>\n<p><strong>Nosso Endere\u00e7o:\u00a0<\/strong>Rua Jurandir Ferraz de Campos, 405, Nova Aparecida \u2013 Campinas\/SP<\/p>\n<p><strong>Telefone:<\/strong> (19) 3281-2981 \/ 3281-0621[\/vc_column_text][\/vc_column_inner][\/vc_row_inner][\/vc_column][\/vc_row]<\/p>\n<\/div>","protected":false},"excerpt":{"rendered":"<p>[vc_row expanded=&#8221;2&#8243; css=&#8221;.vc_custom_1411019753291{margin-top: -60px !important;padding-top: 60px !important;padding-bottom: 60px !important;background-color: #f6f6f6 !important;}&#8221;][vc_column][section_header use_decoration=&#8221;1&#8243; layout_type=&#8221;section-heading-thin-border&#8221; separator_position=&#8221;left&#8221; main_heading=&#8221;Fa\u00e7a um or\u00e7amento conosco&#8221; text_align=&#8221;left&#8221;][vc_column_text] Entre em contato conosco para realizar um or\u00e7amento! [\/vc_column_text][vc_row_inner][vc_column_inner width=&#8221;2\/3&#8243;][vc_column_text][\/vc_column_text][\/vc_column_inner][vc_column_inner width=&#8221;1\/3&#8243;][vc_column_text] Realize um or\u00e7amento atrav\u00e9s do formul\u00e1rio ao lado ou venha realizar pessoalmente atrav\u00e9s de um visita, ser\u00e1 um prazer receb\u00ea-lo! &nbsp; Nosso Endere\u00e7o:\u00a0Rua Jurandir Ferraz&hellip;<\/p>\n","protected":false},"author":1,"featured_media":15,"parent":0,"menu_order":0,"comment_status":"open","ping_status":"open","template":"fullwidth.php","meta":{"_joinchat":[],"footnotes":""},"class_list":["post-5156","page","type-page","status-publish","has-post-thumbnail","hentry"],"_links":{"self":[{"href":"https:\/\/setorindustria.com.br\/en\/wp-json\/wp\/v2\/pages\/5156","targetHints":{"allow":["GET"]}}],"collection":[{"href":"https:\/\/setorindustria.com.br\/en\/wp-json\/wp\/v2\/pages"}],"about":[{"href":"https:\/\/setorindustria.com.br\/en\/wp-json\/wp\/v2\/types\/page"}],"author":[{"embeddable":true,"href":"https:\/\/setorindustria.com.br\/en\/wp-json\/wp\/v2\/users\/1"}],"replies":[{"embeddable":true,"href":"https:\/\/setorindustria.com.br\/en\/wp-json\/wp\/v2\/comments?post=5156"}],"version-history":[{"count":4,"href":"https:\/\/setorindustria.com.br\/en\/wp-json\/wp\/v2\/pages\/5156\/revisions"}],"predecessor-version":[{"id":10864,"href":"https:\/\/setorindustria.com.br\/en\/wp-json\/wp\/v2\/pages\/5156\/revisions\/10864"}],"wp:featuredmedia":[{"embeddable":true,"href":"https:\/\/setorindustria.com.br\/en\/wp-json\/wp\/v2\/media\/15"}],"wp:attachment":[{"href":"https:\/\/setorindustria.com.br\/en\/wp-json\/wp\/v2\/media?parent=5156"}],"curies":[{"name":"wp","href":"https:\/\/api.w.org\/{rel}","templated":true}]}}