{"id":9955,"date":"2016-11-23T13:17:35","date_gmt":"2016-11-23T16:17:35","guid":{"rendered":"http:\/\/setorindustria.com.br\/?page_id=9955"},"modified":"2025-05-28T11:09:28","modified_gmt":"2025-05-28T14:09:28","slug":"retifica-automatica-para-blocos-de-concreto-e-ceramicos-set-1000-hp-linha-pro","status":"publish","type":"page","link":"https:\/\/setorindustria.com.br\/en\/maquinas\/retifica-automatica-para-blocos-de-concreto-e-ceramicos-set-1000-hp-linha-pro\/","title":{"rendered":"Ret\u00edfica Autom\u00e1tica para Blocos de Concreto  SET 1000 HP &#8211; Linha PRO"},"content":{"rendered":"<p class=\"qtranxs-available-languages-message qtranxs-available-languages-message-en\">Sorry, this entry is only available in <a href=\"https:\/\/setorindustria.com.br\/pb\/wp-json\/wp\/v2\/pages\/9955\" class=\"qtranxs-available-language-link qtranxs-available-language-link-pb\" title=\"Portugu\u00eas do Brasil\">Portugu\u00eas do Brasil<\/a>. For the sake of viewer convenience, the content is shown below in the alternative language. You may click the link to switch the active language.<\/p><div class=\"wpb-content-wrapper\"><p>[vc_row css=&#8221;.vc_custom_1495210976635{margin-top: -144px !important;margin-bottom: -24px !important;background-color: #ffffff !important;}&#8221; expanded=&#8221;&#8221; background_type=&#8221;image&#8221; background_style=&#8221;cover&#8221; el_class=&#8221;aba-horizontal&#8221; el_id=&#8221;PaginaRetifica&#8221;][vc_column width=&#8221;1\/1&#8243;][vc_empty_space height=&#8221;32px&#8221;][vc_row_inner][vc_column_inner width=&#8221;1\/1&#8243;][vc_column_text]<\/p>\n<h2 class=\"page-title\">Ret\u00edfica Autom\u00e1tica para Blocos de concreto e Cer\u00e2micos \u2013 SET 1000HP Linha PRO<\/h2>\n<hr style=\"height: 2px; background: #a7a7a7; margin-top: -35px; margin-bottom: 20px;\" \/>\n<p>[\/vc_column_text][\/vc_column_inner][\/vc_row_inner][vc_row_inner][vc_column_inner width=&#8221;1\/2&#8243;][vc_column_text]<\/p>\n<h3 style=\"text-align: left;\"><strong>Marca:<\/strong> <span style=\"font-weight: 400;\">Setor Ind\u00fastria\u00ae<\/span><\/h3>\n<h3 style=\"text-align: left;\"><strong>Modelo:<\/strong> SET 1000HP Linha PRO<\/h3>\n<h3 style=\"text-align: left;\"><strong>Tens\u00e3o:<\/strong> Trif\u00e1sica 220V\/380V<\/h3>\n<h3 style=\"text-align: left;\"><strong>Garantia:<\/strong>\u00a012 Meses<\/h3>\n<p>[\/vc_column_text][vc_empty_space height=&#8221;32px&#8221;][vc_column_text]<a class=\"botao-pdf\" href=\"\/arquivos\/2016\/11\/Ret\u00edfica-para-Blocos-de-Concreto-SET-1000.pdf\">FOLDER<\/a><\/p>\n<p><a class=\"botao-pdf botaoOrcamento\" href=\"http:\/\/setorindustria.com.br\/orcamento\/\">OR\u00c7AMENTO<\/a>[\/vc_column_text][\/vc_column_inner][vc_column_inner width=&#8221;1\/2&#8243;][vc_gallery type=&#8221;flexslider_slide&#8221; interval=&#8221;3&#8243; onclick=&#8221;link_image&#8221; custom_links_target=&#8221;_self&#8221; img_size=&#8221;700&#215;400 &#8221; images=&#8221;10569,10573&#8243;][vc_column_text]<br \/>\n[\/vc_column_text][\/vc_column_inner][\/vc_row_inner][vc_tabs interval=&#8221;0&#8243; el_class=&#8221;aba-horizontal&#8221;][vc_tab title=&#8221;DESCRI\u00c7\u00c3O&#8221; tab_id=&#8221;5216b294-bbf5-9&#8243;][vc_column_text]<\/p>\n<p><span style=\"font-weight: 400;\">Projetada para substituir o processo de capeamento das amostras, a Ret\u00edfica para Blocos e Pisos de Concreto <\/span><b>SET 1000HP<\/b><span style=\"font-weight: 400;\"> entrega um processo mais limpo, r\u00e1pido e padronizado, garantindo efici\u00eancia e precis\u00e3o nos ensaios laboratoriais. Essa retificadora autom\u00e1tica foi desenvolvida para blocos, prismas e pisos intertravados de concreto*, cer\u00e2micos ou materiais rochosos, com dimens\u00f5es entre 7&#215;19 cm e 19&#215;54 cm. Seu sistema avan\u00e7ado de fixa\u00e7\u00e3o pneum\u00e1tica dupla assegura um posicionamento firme e seguro da amostra, garantindo um acabamento de alt\u00edssima qualidade.<\/span><\/p>\n<p><span style=\"font-weight: 400;\">Com um potente motor de 5 hp e sistema automatizado de movimenta\u00e7\u00e3o do disco, a SET 1000HP proporciona um desbaste uniforme, linear e preciso, eliminando falhas e desperd\u00edcios. Seu ajuste de espessura \u00e9 feito atrav\u00e9s de uma r\u00e9gua pneum\u00e1tica de regula\u00e7\u00e3o simples e eficiente. O acionamento autom\u00e1tico do sistema de refrigera\u00e7\u00e3o reduz o consumo de \u00e1gua, promovendo sustentabilidade sem comprometer a performance.<\/span><\/p>\n<p><span style=\"font-weight: 400;\">A exclusiva tecnologia Flatland Process\u2122 presente em todos os equipamentos da SETOR\u00ae garante uma superf\u00edcie planificada de alta precis\u00e3o, dispensando regulagens manuais frequentes e evitando perda prematura da aferi\u00e7\u00e3o. Al\u00e9m disso, a SET 1000 conta com sistema de lubrifica\u00e7\u00e3o centralizado e prote\u00e7\u00f5es de seguran\u00e7a em conformidade com as normas de seguran\u00e7a, oferecendo um ambiente de trabalho mais seguro e confi\u00e1vel.<\/span><\/p>\n<p>&nbsp;<\/p>\n<p><b>DIFERENCIAIS EXCLUSIVOS:<\/b><\/p>\n<ul>\n<li style=\"font-weight: 400;\"><b>Pot\u00eancia do Motor:\u00a0 <\/b><span style=\"font-weight: 400;\">Equipado com <\/span><b>motor de 5 HP trif\u00e1sico<\/b><span style=\"font-weight: 400;\"><span style=\"font-weight: 400;\"> (220V ou 380V), o mais potente da categoria, garantindo performance superior;<\/span><\/span><\/li>\n<li style=\"font-weight: 400;\"><b>Retifica\u00e7\u00e3o autom\u00e1tica: <\/b><span style=\"font-weight: 400;\"><span style=\"font-weight: 400;\">Movimenta\u00e7\u00e3o do disco com ajuste de velocidade, proporcionando efici\u00eancia e precis\u00e3o;<\/span><\/span><\/li>\n<li style=\"font-weight: 400;\"><b>Modos de opera\u00e7\u00e3o:<\/b><span style=\"font-weight: 400;\"> Possui<\/span><b> dois modos de opera\u00e7\u00e3o, manual ou autom\u00e1tica<\/b><span style=\"font-weight: 400;\"><span style=\"font-weight: 400;\">, com controle total no painel trazendo mais flexibilidade e possibilidades de adequa\u00e7\u00e3o para cada tipo de trabalho.<\/span><\/span><\/li>\n<li style=\"font-weight: 400;\"><b>Acabamento Profissional:<\/b><span style=\"font-weight: 400;\"> Equipado com <\/span><b>disco\/rebolo diamantado<\/b><span style=\"font-weight: 400;\"><span style=\"font-weight: 400;\"> de alto desempenho para desbastes de extrema qualidade.<\/span><\/span><\/li>\n<li style=\"font-weight: 400;\"><b>Fixa\u00e7\u00e3o Segura e Estrutura Premium: <\/b><span style=\"font-weight: 400;\">Sistema de fixa\u00e7\u00e3o autom\u00e1tico pneum\u00e1tico trazendo agilidade e praticidade, aliado a uma robusta mesa\/ber\u00e7o de apoio com chapa temperada de 13mm capaz de acondicionar <\/span><b>blocos e prismas cheios de at\u00e9 54cm<\/b><span style=\"font-weight: 400;\">, garantindo a aferi\u00e7\u00e3o, estabilidade absoluta e maior durabilidade.<\/span><\/li>\n<li style=\"font-weight: 400;\"><b>Pisos Intertravados (PAVER):<\/b><span style=\"font-weight: 400;\"><span style=\"font-weight: 400;\"> Possui acess\u00f3rios e dispositivos opcionais que possibilitam fixar com total precis\u00e3o e seguran\u00e7a amostras de pisos intertravados de concreto, os pavers, de formatos variados.<\/span><\/span><\/li>\n<li style=\"font-weight: 400;\"><b>Ajuste de espessura de desbaste pneum\u00e1tico:<\/b><span style=\"font-weight: 400;\"><span style=\"font-weight: 400;\"> Permite um ajuste f\u00e1cil, pr\u00e1tico e preciso para total controle no processo.;<\/span><\/span><\/li>\n<li style=\"font-weight: 400;\"><b>Constru\u00e7\u00e3o Refor\u00e7ada:<\/b><span style=\"font-weight: 400;\"><span style=\"font-weight: 400;\"> Possui o chassi monobloco, o mais robusto da categoria, garantindo resist\u00eancia extrema e longa vida \u00fatil.<\/span><\/span><\/li>\n<li style=\"font-weight: 400;\"><b>Processo Exclusivo Flatland Process\u2122:<\/b><span style=\"font-weight: 400;\"> Todas as bases planificadas com tecnologia de fabrica\u00e7\u00e3o avan\u00e7ada, eliminando necessidade de ajustes constantes. Al\u00e9m disso, a m\u00e1quina <\/span><b>n\u00e3o possui parafusos de regulagem de esquadro<\/b><span style=\"font-weight: 400;\"><span style=\"font-weight: 400;\">, garantindo uma estrutura r\u00edgida e imut\u00e1vel, evitando a perda da aferi\u00e7\u00e3o ao longo do tempo.<\/span><\/span><\/li>\n<li style=\"font-weight: 400;\"><b>Sistema de Refrigera\u00e7\u00e3o Autom\u00e1tica Inteligente:<\/b><span style=\"font-weight: 400;\"><span style=\"font-weight: 400;\"> Entrada de \u00e1gua com acionamento autom\u00e1tico, otimizando o consumo e prolongando a vida \u00fatil do rebolo diamantado.<\/span><\/span><\/li>\n<li style=\"font-weight: 400;\"><b>Lubrifica\u00e7\u00e3o: <\/b><span style=\"font-weight: 400;\">Equipada com moderno sistema de lubrifica\u00e7\u00e3o \u00e0 \u00f3leo centralizado autom\u00e1tico, reduzindo manuten\u00e7\u00e3o e aumentando a vida \u00fatil dos componentes;<\/span><\/li>\n<\/ul>\n<h4><strong><br \/>\nOpcional: <\/strong><\/h4>\n<p>Dispositivo para fixa\u00e7\u00e3o de CP 005&#215;10 cms<\/p>\n<p>&#8211; Dispositivo para fixa\u00e7\u00e3o de CP 0 05&#215;10<br \/>\n&#8211; Compat\u00edvel com: SET 50, SET 50P, SET 100, SET 100P e Full.[\/vc_column_text][\/vc_tab][vc_tab title=&#8221;CARACTER\u00cdSTICAS T\u00c9CNICA&#8221; tab_id=&#8221;1491403363625-2-2&#8243;][vc_column_text]<b>D<\/b><b>imens\u00f5es das Amostras Suportadas:<\/b><span style=\"font-weight: 400;\"> Blocos ou Prismas entre 7&#215;19 cm e 19&#215;54 cm<\/span><\/p>\n<p><b>Dimens\u00f5es dos Pisos Intertravados Suportados:<\/b><span style=\"font-weight: 400;\"> Retangular, 16 faces e outros (Consulte dimens\u00f5es)<\/span><\/p>\n<p><b>Sistema de Fixa\u00e7\u00e3o:<\/b><span style=\"font-weight: 400;\"> Autom\u00e1tico Pneum\u00e1tico<\/span><\/p>\n<p><b>Refrigera\u00e7\u00e3o<\/b><span style=\"font-weight: 400;\">: Acionamento autom\u00e1tico<\/span><\/p>\n<p><b>Disco\/Rebolo:<\/b><span style=\"font-weight: 400;\"> Disco\/Rebolo diamantado Alto acabamento<\/span><\/p>\n<p><b>Sistema de Ajuste de Espessura:<\/b><span style=\"font-weight: 400;\"> Autom\u00e1tico Pneum\u00e1tico\u00a0<\/span><\/p>\n<p><b>Processo de Retifica\u00e7\u00e3o:<\/b><span style=\"font-weight: 400;\"> Autom\u00e1tico<\/span><\/p>\n<p><b>Tecnologia Exclusiva: <\/b><span style=\"font-weight: 400;\">Flatland Process\u2122\u00a0<\/span><\/p>\n<p><b>Sistema de Lubrifica\u00e7\u00e3o:<\/b><span style=\"font-weight: 400;\"> Centralizado Autom\u00e1tico<\/span><\/p>\n<p><b>Seguran\u00e7a:<\/b><span style=\"font-weight: 400;\"> Capa de prote\u00e7\u00e3o para o motor, disco e ber\u00e7o\u00a0<\/span><\/p>\n<p><b>Dimens\u00f5es F\u00edsicas do Equipamento (AxCxL):<\/b><span style=\"font-weight: 400;\"> 785 x 1320 x 910 (mm)<\/span><\/p>\n<p><b>Peso Total<\/b><span style=\"font-weight: 400;\">: 280 k<\/span><\/p>\n<p><b>Acess\u00f3rios Inclusos<\/b><span style=\"font-weight: 400;\">: Rebolo diamantado e manual de instru\u00e7\u00f5es em portugu\u00eas.<\/span><\/p>\n<p><b>N\u00e3o Incluso<\/b><span style=\"font-weight: 400;\">: Compressor de ar n\u00e3o incluso, dispositivos opcionais, treinamento e instala\u00e7\u00e3o<\/span>[\/vc_column_text][\/vc_tab][vc_tab title=&#8221;V\u00cdDEO&#8221; tab_id=&#8221;7c582eb1-75f7-5&#8243;][vc_column_text]<\/p>\n<p style=\"text-align: left;\"><span style=\"color: #333333;\"><strong>Ret\u00edfica para blocos de concreto<\/strong><\/span><\/p>\n<p><iframe loading=\"lazy\" src=\"https:\/\/www.youtube.com\/embed\/-aXti9vRJbo?rel=0\" width=\"560\" height=\"315\" frameborder=\"0\" allowfullscreen=\"allowfullscreen\"><\/iframe>[\/vc_column_text][\/vc_tab][\/vc_tabs][vc_empty_space height=&#8221;32px&#8221;][\/vc_column][\/vc_row]<\/p>\n<\/div>","protected":false},"excerpt":{"rendered":"<p>Sorry, this entry is only available in Portugu\u00eas do Brasil. For the sake of viewer convenience, the content is shown below in the alternative language. You may click the link to switch the active language.[vc_row css=&#8221;.vc_custom_1495210976635{margin-top: -144px !important;margin-bottom: -24px !important;background-color: #ffffff !important;}&#8221; expanded=&#8221;&#8221; background_type=&#8221;image&#8221; background_style=&#8221;cover&#8221; el_class=&#8221;aba-horizontal&#8221; el_id=&#8221;PaginaRetifica&#8221;][vc_column width=&#8221;1\/1&#8243;][vc_empty_space height=&#8221;32px&#8221;][vc_row_inner][vc_column_inner width=&#8221;1\/1&#8243;][vc_column_text] Ret\u00edfica Autom\u00e1tica para Blocos de&hellip;<\/p>\n","protected":false},"author":1,"featured_media":0,"parent":7780,"menu_order":0,"comment_status":"closed","ping_status":"closed","template":"fullwidth.php","meta":{"_joinchat":[],"footnotes":""},"class_list":["post-9955","page","type-page","status-publish","hentry"],"_links":{"self":[{"href":"https:\/\/setorindustria.com.br\/en\/wp-json\/wp\/v2\/pages\/9955","targetHints":{"allow":["GET"]}}],"collection":[{"href":"https:\/\/setorindustria.com.br\/en\/wp-json\/wp\/v2\/pages"}],"about":[{"href":"https:\/\/setorindustria.com.br\/en\/wp-json\/wp\/v2\/types\/page"}],"author":[{"embeddable":true,"href":"https:\/\/setorindustria.com.br\/en\/wp-json\/wp\/v2\/users\/1"}],"replies":[{"embeddable":true,"href":"https:\/\/setorindustria.com.br\/en\/wp-json\/wp\/v2\/comments?post=9955"}],"version-history":[{"count":3,"href":"https:\/\/setorindustria.com.br\/en\/wp-json\/wp\/v2\/pages\/9955\/revisions"}],"predecessor-version":[{"id":10669,"href":"https:\/\/setorindustria.com.br\/en\/wp-json\/wp\/v2\/pages\/9955\/revisions\/10669"}],"up":[{"embeddable":true,"href":"https:\/\/setorindustria.com.br\/en\/wp-json\/wp\/v2\/pages\/7780"}],"wp:attachment":[{"href":"https:\/\/setorindustria.com.br\/en\/wp-json\/wp\/v2\/media?parent=9955"}],"curies":[{"name":"wp","href":"https:\/\/api.w.org\/{rel}","templated":true}]}}