{"id":9978,"date":"2016-11-23T14:46:13","date_gmt":"2016-11-23T17:46:13","guid":{"rendered":"http:\/\/setorindustria.com.br\/?page_id=9978"},"modified":"2025-03-25T15:09:11","modified_gmt":"2025-03-25T18:09:11","slug":"retifica-automatica-para-blocos-de-concreto-set-1012-hp-linha-pro","status":"publish","type":"page","link":"https:\/\/setorindustria.com.br\/en\/maquinas\/retifica-automatica-para-blocos-de-concreto-set-1012-hp-linha-pro\/","title":{"rendered":"(Portugu\u00eas do Brasil) Ret\u00edfica Autom\u00e1tica para Blocos de Concreto  SET 1012 HP &#8211; Linha PRO"},"content":{"rendered":"<p class=\"qtranxs-available-languages-message qtranxs-available-languages-message-en\">Sorry, this entry is only available in <a href=\"https:\/\/setorindustria.com.br\/pb\/wp-json\/wp\/v2\/pages\/9978\" class=\"qtranxs-available-language-link qtranxs-available-language-link-pb\" title=\"Portugu\u00eas do Brasil\">Portugu\u00eas do Brasil<\/a>. For the sake of viewer convenience, the content is shown below in the alternative language. You may click the link to switch the active language.<\/p><div class=\"wpb-content-wrapper\"><p>[vc_row css=&#8221;.vc_custom_1491406319414{margin-top: 0px !important;}&#8221; expanded=&#8221;&#8221; background_type=&#8221;image&#8221; background_style=&#8221;cover&#8221;][vc_column width=&#8221;1\/1&#8243;][vc_column_text]<\/p>\n<h2 class=\"page-title\"><strong>Ret\u00edfica para Blocos de Concreto SET 1012<\/strong><\/h2>\n<hr style=\"height: 2px; background: #a7a7a7; margin-top: -35px; margin-bottom: 20px;\" \/>\n<p>[\/vc_column_text][\/vc_column][\/vc_row][vc_row][vc_column width=&#8221;1\/2&#8243; css=&#8221;.vc_custom_1479919203340{border-bottom-width: 60px !important;}&#8221;][vc_column_text]<\/p>\n<h3 style=\"text-align: left;\"><strong>Marca:<\/strong> Setor Ind\u00ae<\/h3>\n<h3 style=\"text-align: left;\"><strong>Modelo:<\/strong> SET 1012<\/h3>\n<h3 style=\"text-align: left;\"><strong>Tens\u00e3o:<\/strong> 220 ou 380 Volts Trif\u00e1sico<\/h3>\n<h3 style=\"text-align: left;\"><strong>Garantia:<\/strong> 12 meses<\/h3>\n<p>[\/vc_column_text][vc_column_text]<a class=\"botao-pdf\" href=\"\/arquivos\/2016\/11\/Ret\u00edfica-para-Blocos-de-Concreto-SET-1012.pdf\">FOLDER<\/a><\/p>\n<p><a class=\"botao-pdf botaoOrcamento\" href=\"http:\/\/setorindustria.com.br\/orcamento\/\">OR\u00c7AMENTO<\/a>[\/vc_column_text][vc_empty_space height=&#8221;12px&#8221;][\/vc_column][vc_column width=&#8221;1\/2&#8243; el_class=&#8221;produtos-slider&#8221; css=&#8221;.vc_custom_1491400473706{margin-top: 7% !important;}&#8221;][vc_gallery type=&#8221;flexslider_slide&#8221; interval=&#8221;3&#8243; images=&#8221;10214&#8243; onclick=&#8221;link_image&#8221; custom_links_target=&#8221;_self&#8221; img_size=&#8221;386&#215;400&#8243;][vc_column_text]<br \/>\n[\/vc_column_text][\/vc_column][\/vc_row][vc_row el_class=&#8221;aba-horizontal&#8221; expanded=&#8221;&#8221; background_type=&#8221;image&#8221; background_style=&#8221;cover&#8221;][vc_column width=&#8221;1\/1&#8243;][vc_tabs interval=&#8221;0&#8243;][vc_tab title=&#8221;DESCRI\u00c7\u00c3O&#8221; tab_id=&#8221;5216b294-bbf5-9&#8243;][vc_column_text]Retificadora Horizontal Autom\u00e1tica para Blocos, prismas e pisos intertravados de concreto, cer\u00e2micos ou materiais rochosos com dimens\u00f5es entre 7x19cm e 19x54cm. Equipamento com carenagem e totalmente adequado quanto \u00e0s normas de seguran\u00e7a do trabalho com certificados e componentes homologados NR 10 e NR 12. Equipado com disco\/rebolo diamantado, motor de 5 hp para o disco e 0,5 hp para a movimenta\u00e7\u00e3o do carrinho do disco, fixa\u00e7\u00e3o pneum\u00e1tica vertical e horizontal dos blocos e corpos de provas, r\u00e9gua posicionadora pneum\u00e1tica para regular a espessura do desbaste, capa met\u00e1lica de prote\u00e7\u00e3o para o disco e motor, sistema de entrada de \u00e1gua para refrigera\u00e7\u00e3o do disco com acionamento autom\u00e1tico, avan\u00e7o e retorno do disco diamantado automatizado por meio de redutores, mancais, rosca sem fim e guias lineares duplas garantindo maior for\u00e7a, linearidade e const\u00e2ncia no movimento , ber\u00e7o em a\u00e7o SAE 1045 temperado, cortinas de luz frontal, sensores magn\u00e9ticos nas portas laterais, grades na parte superior e traseira e painel el\u00e9trico obedecendo normativa NR 10 e NR 12.<\/p>\n<h3><strong>Mais detalhes:<\/strong><\/h3>\n<p>\u2013 Motor 5 hp.<br \/>\n\u2013 Retifica\u00e7\u00e3o Autom\u00e1tica.<br \/>\n\u2013 Fixador de amostras pneum\u00e1tico.<br \/>\n\u2013 Ajuste de espessura de desbaste pneum\u00e1tico.<br \/>\n\u2013 Necessita de rede de ar comprimido.<br \/>\n\u2013 Bases planificadas por Flatland Process\u2122.<br \/>\n\u2013 Mancais fabricados em a\u00e7o ASTM A36 c\/ retentores e rolamentos blindados.<br \/>\n\u2013 Acionamento de refrigera\u00e7\u00e3o a \u00e1gua autom\u00e1tico.<br \/>\n\u2013 Movimenta\u00e7\u00e3o por guias lineares<br \/>\n\u2013 Ber\u00e7os de apoio de amostras temperado.<br \/>\n\u2013 Atende as dimens\u00f5es desde: 7\u00d719(cm) e 19\u00d754(cm).<br \/>\n\u2013 Certificada NR 10 \/ NR 12 e CE<br \/>\n\u2013 Cortina de luz frontal monitorada<br \/>\n\u2013 Sensores magn\u00e9ticos monitorados nas portas m\u00f3veis.<br \/>\n\u2013 Bot\u00e3o de emerg\u00eancia monitorado<br \/>\n\u2013 Sistema de fixa\u00e7\u00e3o de componentes \u2018one way\u2019<br \/>\n\u2013 Reles de seguran\u00e7a.<br \/>\n\u2013 LED\u2019s de indica\u00e7\u00e3o operacional<br \/>\n\u2013 Acionamento eletropneum\u00e1tico dos cilindros fixadores.<br \/>\n\u2013 Portas translucidas em policarbonato<br \/>\n\u2013 Grades de prote\u00e7\u00e3o NR 12<br \/>\n\u2013 Acompanha rebolo diamantado.<br \/>\n\u2013 N\u00e3o acompanha compressor de ar<\/p>\n<h3><strong>Opcional: <\/strong><\/h3>\n<p>Dispositivo para fixa\u00e7\u00e3o de CP 005&#215;10 cms<\/p>\n<p>&#8211; Dispositivo para fixa\u00e7\u00e3o de CP 0 05&#215;10<br \/>\n&#8211; Compat\u00edvel com: SET 50, SET 50P, SET 100, SET 100P e Full.<\/p>\n<p>[\/vc_column_text][\/vc_tab][vc_tab title=&#8221;CARACTER\u00cdSTICAS T\u00c9CNICA&#8221; tab_id=&#8221;1491404503456-2-2&#8243;]<br \/>\n[\/vc_tab][vc_tab title=&#8221;V\u00cdDEO&#8221; tab_id=&#8221;7c582eb1-75f7-5&#8243;]<br \/>\n[\/vc_tab][\/vc_tabs][\/vc_column][\/vc_row]<\/p>\n<\/div>","protected":false},"excerpt":{"rendered":"<p>Sorry, this entry is only available in Portugu\u00eas do Brasil. For the sake of viewer convenience, the content is shown below in the alternative language. You may click the link to switch the active language.[vc_row css=&#8221;.vc_custom_1491406319414{margin-top: 0px !important;}&#8221; expanded=&#8221;&#8221; background_type=&#8221;image&#8221; background_style=&#8221;cover&#8221;][vc_column width=&#8221;1\/1&#8243;][vc_column_text] Ret\u00edfica para Blocos de Concreto SET 1012 [\/vc_column_text][\/vc_column][\/vc_row][vc_row][vc_column width=&#8221;1\/2&#8243; css=&#8221;.vc_custom_1479919203340{border-bottom-width: 60px !important;}&#8221;][vc_column_text] Marca:&hellip;<\/p>\n","protected":false},"author":1,"featured_media":0,"parent":7780,"menu_order":0,"comment_status":"closed","ping_status":"closed","template":"fullwidth.php","meta":{"_joinchat":[],"footnotes":""},"class_list":["post-9978","page","type-page","status-publish","hentry"],"_links":{"self":[{"href":"https:\/\/setorindustria.com.br\/en\/wp-json\/wp\/v2\/pages\/9978","targetHints":{"allow":["GET"]}}],"collection":[{"href":"https:\/\/setorindustria.com.br\/en\/wp-json\/wp\/v2\/pages"}],"about":[{"href":"https:\/\/setorindustria.com.br\/en\/wp-json\/wp\/v2\/types\/page"}],"author":[{"embeddable":true,"href":"https:\/\/setorindustria.com.br\/en\/wp-json\/wp\/v2\/users\/1"}],"replies":[{"embeddable":true,"href":"https:\/\/setorindustria.com.br\/en\/wp-json\/wp\/v2\/comments?post=9978"}],"version-history":[{"count":3,"href":"https:\/\/setorindustria.com.br\/en\/wp-json\/wp\/v2\/pages\/9978\/revisions"}],"predecessor-version":[{"id":10567,"href":"https:\/\/setorindustria.com.br\/en\/wp-json\/wp\/v2\/pages\/9978\/revisions\/10567"}],"up":[{"embeddable":true,"href":"https:\/\/setorindustria.com.br\/en\/wp-json\/wp\/v2\/pages\/7780"}],"wp:attachment":[{"href":"https:\/\/setorindustria.com.br\/en\/wp-json\/wp\/v2\/media?parent=9978"}],"curies":[{"name":"wp","href":"https:\/\/api.w.org\/{rel}","templated":true}]}}