{"id":9987,"date":"2016-11-28T14:12:50","date_gmt":"2016-11-28T17:12:50","guid":{"rendered":"http:\/\/setorindustria.com.br\/?page_id=9987"},"modified":"2025-05-28T13:47:27","modified_gmt":"2025-05-28T16:47:27","slug":"retifica-para-corpo-de-provas-full","status":"publish","type":"page","link":"https:\/\/setorindustria.com.br\/en\/maquinas\/retifica-para-corpo-de-provas-full\/","title":{"rendered":"(Portugu\u00eas do Brasil) Ret\u00edfica para corpo de provas Full"},"content":{"rendered":"<p class=\"qtranxs-available-languages-message qtranxs-available-languages-message-en\">Sorry, this entry is only available in <a href=\"https:\/\/setorindustria.com.br\/pb\/wp-json\/wp\/v2\/pages\/9987\" class=\"qtranxs-available-language-link qtranxs-available-language-link-pb\" title=\"Portugu\u00eas do Brasil\">Portugu\u00eas do Brasil<\/a>. For the sake of viewer convenience, the content is shown below in the alternative language. You may click the link to switch the active language.<\/p><div class=\"wpb-content-wrapper\"><p>[vc_row css=&#8221;.vc_custom_1491406329414{margin-top: 0px !important;}&#8221; expanded=&#8221;&#8221; background_type=&#8221;image&#8221; background_style=&#8221;cover&#8221;][vc_column width=&#8221;1\/1&#8243;][vc_column_text]<\/p>\n<h2 class=\"page-title\"><strong>Ret\u00edfica para Corpo de provas FULL<\/strong><\/h2>\n<hr style=\"height: 2px; background: #a7a7a7; margin-top: -35px; margin-bottom: 20px;\" \/>\n<p>[\/vc_column_text][\/vc_column][\/vc_row][vc_row][vc_column width=&#8221;1\/3&#8243; css=&#8221;.vc_custom_1748450473043{border-bottom-width: 60px !important;}&#8221;][vc_column_text]<\/p>\n<h3 style=\"text-align: left;\"><strong>Marca:<\/strong> Setor Ind\u00ae<\/h3>\n<h3 style=\"text-align: left;\"><strong>Modelo:<\/strong> FULL<\/h3>\n<h3 style=\"text-align: left;\"><strong>Tens\u00e3o:<\/strong> 220 ou <strong>380*<\/strong> Volts Trif\u00e1sico<\/h3>\n<h3 style=\"text-align: left;\"><strong>Garantia:<\/strong> 12 meses<\/h3>\n<p><strong>* Para ret\u00edfica FULL e Multi CP na tens\u00e3o de 380 Volts \u00e9 preciso acrescentar valor de conversor de voltagem.<\/strong>[\/vc_column_text][vc_column_text]<a class=\"botao-pdf\" href=\"\/arquivos\/2016\/11\/Ret\u00edfica-para-Corpo-de-Provas-Full.pdf\">FOLDER<\/a><\/p>\n<p><a class=\"botao-pdf botaoOrcamento\" href=\"http:\/\/setorindustria.com.br\/orcamento\/\">OR\u00c7AMENTO<\/a>[\/vc_column_text][vc_empty_space height=&#8221;12px&#8221;][\/vc_column][vc_column width=&#8221;2\/3&#8243; el_class=&#8221;produtos-slider&#8221; css=&#8221;.vc_custom_1748450481963{margin-top: 0px !important;}&#8221;][vc_raw_html]JTNDJTIxLS0lMjBTTElERVIlMjAtLSUzRSUwQSUzQ2RpdiUyMGNsYXNzJTNEJTIyc2xpZGVyX3Byb2Rfd3JhcHBlciUyMiUzRSUwQSUyMCUyMCUzQ2RpdiUyMGNsYXNzJTNEJTIyc2xpZGVyX3Byb2Rfc2xpZGVzJTIyJTNFJTBBJTIwJTIwJTIwJTIwJTNDZGl2JTIwY2xhc3MlM0QlMjJzbGlkZXJfY2FyZCUyMiUzRSUwQSUyMCUyMCUyMCUyMCUyMCUyMCUzQ2ltZyUyMHNyYyUzRCUyMmh0dHBzJTNBJTJGJTJGc2V0b3JpbmR1c3RyaWEuY29tLmJyJTJGYXJxdWl2b3MlMkYyMDE2JTJGMTElMkY0LnBuZyUyMiUyMGFsdCUzRCUyMkltYWdlbSUyMDElMjIlM0UlMEElMjAlMjAlMjAlMjAlM0MlMkZkaXYlM0UlMEElMjAlMjAlMjAlMjAlM0NkaXYlMjBjbGFzcyUzRCUyMnNsaWRlcl9jYXJkJTIyJTNFJTBBJTIwJTIwJTIwJTIwJTIwJTIwJTNDaW1nJTIwc3JjJTNEJTIyaHR0cHMlM0ElMkYlMkZzZXRvcmluZHVzdHJpYS5jb20uYnIlMkZhcnF1aXZvcyUyRjIwMTYlMkYxMSUyRjIuanBnJTIyJTIwYWx0JTNEJTIySW1hZ2VtJTIwMiUyMiUzRSUwQSUyMCUyMCUyMCUyMCUzQyUyRmRpdiUzRSUwQSUyMCUyMCUyMCUyMCUzQ2RpdiUyMGNsYXNzJTNEJTIyc2xpZGVyX2NhcmQlMjIlM0UlMEElMjAlMjAlMjAlMjAlMjAlMjAlM0NpbWclMjBzcmMlM0QlMjJodHRwcyUzQSUyRiUyRnNldG9yaW5kdXN0cmlhLmNvbS5iciUyRmFycXVpdm9zJTJGMjAxNiUyRjExJTJGMy5qcGclMjIlMjBhbHQlM0QlMjJJbWFnZW0lMjAzJTIyJTNFJTBBJTIwJTIwJTIwJTIwJTNDJTJGZGl2JTNFJTBBJTNDZGl2JTIwY2xhc3MlM0QlMjJzbGlkZXJfY2FyZCUyMiUzRSUwQSUyMCUyMCUyMCUyMCUyMCUyMCUzQ2ltZyUyMHNyYyUzRCUyMmh0dHBzJTNBJTJGJTJGc2V0b3JpbmR1c3RyaWEuY29tLmJyJTJGYXJxdWl2b3MlMkYyMDE2JTJGMTElMkY0LmpwZyUyMiUyMGFsdCUzRCUyMkltYWdlbSUyMDMlMjIlM0UlMEElMjAlMjAlMjAlMjAlM0MlMkZkaXYlM0UlMEElMjAlMjAlM0MlMkZkaXYlM0UlMEElMjAlMjAlM0NidXR0b24lMjBjbGFzcyUzRCUyMnNsaWRlcl9uYXYlMjBwcmV2JTIyJTNFJTI2JTIzMTAwOTQlM0IlM0MlMkZidXR0b24lM0UlMEElMjAlMjAlM0NidXR0b24lMjBjbGFzcyUzRCUyMnNsaWRlcl9uYXYlMjBuZXh0JTIyJTNFJTI2JTIzMTAwOTUlM0IlM0MlMkZidXR0b24lM0UlMEElM0MlMkZkaXYlM0UlMEElMEElM0MlMjEtLSUyMEJVTExFVFMlMjAtLSUzRSUwQSUzQ2RpdiUyMGNsYXNzJTNEJTIyc2xpZGVyX2J1bGxldHMlMjIlM0UlM0MlMkZkaXYlM0UlMEElMEElM0MlMjEtLSUyMExJR0hUQk9YJTIwLS0lM0UlMEElM0NkaXYlMjBpZCUzRCUyMmxpZ2h0Ym94X292ZXJsYXklMjIlM0UlMEElMjAlMjAlM0NzcGFuJTIwY2xhc3MlM0QlMjJjbG9zZV9saWdodGJveCUyMiUzRSUyNnRpbWVzJTNCJTNDJTJGc3BhbiUzRSUwQSUyMCUyMCUzQ2ltZyUyMGNsYXNzJTNEJTIybGlnaHRib3hfaW1nJTIyJTIwc3JjJTNEJTIyJTIyJTIwYWx0JTNEJTIySW1hZ2VtJTIwQW1wbGlhZGElMjIlM0UlMEElM0MlMkZkaXYlM0UlMEElMEElMEElMEElMEElM0MlMjEtLSUyMFNDUklQVCUyMC0tJTNFJTBBJTNDc2NyaXB0JTNFJTBBJTIwJTIwY29uc3QlMjBzbGlkZXMlMjAlM0QlMjBkb2N1bWVudC5xdWVyeVNlbGVjdG9yJTI4JTI3LnNsaWRlcl9wcm9kX3NsaWRlcyUyNyUyOSUzQiUwQSUyMCUyMGNvbnN0JTIwY2FyZHMlMjAlM0QlMjBzbGlkZXMucXVlcnlTZWxlY3RvckFsbCUyOCUyNy5zbGlkZXJfY2FyZCUyNyUyOSUzQiUwQSUyMCUyMGNvbnN0JTIwYnVsbGV0c0NvbnRhaW5lciUyMCUzRCUyMGRvY3VtZW50LnF1ZXJ5U2VsZWN0b3IlMjglMjcuc2xpZGVyX2J1bGxldHMlMjclMjklM0IlMEElMjAlMjBsZXQlMjBpbmRleCUyMCUzRCUyMDAlM0IlMEElMEElMjAlMjAlMkYlMkYlMjBDcmlhJTIwb3MlMjBidWxsZXRzJTBBJTIwJTIwY2FyZHMuZm9yRWFjaCUyOCUyOF8lMkMlMjBpJTI5JTIwJTNEJTNFJTIwJTdCJTBBJTIwJTIwJTIwJTIwY29uc3QlMjBkb3QlMjAlM0QlMjBkb2N1bWVudC5jcmVhdGVFbGVtZW50JTI4JTI3c3BhbiUyNyUyOSUzQiUwQSUyMCUyMCUyMCUyMGlmJTIwJTI4aSUyMCUzRCUzRCUzRCUyMDAlMjklMjBkb3QuY2xhc3NMaXN0LmFkZCUyOCUyN2FjdGl2ZSUyNyUyOSUzQiUwQSUyMCUyMCUyMCUyMGRvdC5hZGRFdmVudExpc3RlbmVyJTI4JTI3Y2xpY2slMjclMkMlMjAlMjglMjklMjAlM0QlM0UlMjAlN0IlMEElMjAlMjAlMjAlMjAlMjAlMjBpbmRleCUyMCUzRCUyMGklM0IlMEElMjAlMjAlMjAlMjAlMjAlMjB1cGRhdGVTbGlkZSUyOCUyOSUzQiUwQSUyMCUyMCUyMCUyMCU3RCUyOSUzQiUwQSUyMCUyMCUyMCUyMGJ1bGxldHNDb250YWluZXIuYXBwZW5kQ2hpbGQlMjhkb3QlMjklM0IlMEElMjAlMjAlN0QlMjklM0IlMEElMEElMjAlMjBmdW5jdGlvbiUyMHVwZGF0ZVNsaWRlJTI4JTI5JTIwJTdCJTBBJTIwJTIwJTIwJTIwc2xpZGVzLnN0eWxlLnRyYW5zZm9ybSUyMCUzRCUyMCU2MHRyYW5zbGF0ZVglMjgtJTI0JTdCaW5kZXglMjAlMkElMjAxMDAlN0QlMjUlMjklNjAlM0IlMEElMjAlMjAlMjAlMjBkb2N1bWVudC5xdWVyeVNlbGVjdG9yQWxsJTI4JTI3LnNsaWRlcl9idWxsZXRzJTIwc3BhbiUyNyUyOS5mb3JFYWNoJTI4JTI4YiUyQyUyMGklMjklMjAlM0QlM0UlMjAlN0IlMEElMjAlMjAlMjAlMjAlMjAlMjBiLmNsYXNzTGlzdC50b2dnbGUlMjglMjdhY3RpdmUlMjclMkMlMjBpJTIwJTNEJTNEJTNEJTIwaW5kZXglMjklM0IlMEElMjAlMjAlMjAlMjAlN0QlMjklM0IlMEElMjAlMjAlN0QlMEElMEElMjAlMjBkb2N1bWVudC5xdWVyeVNlbGVjdG9yJTI4JTI3LnNsaWRlcl9uYXYubmV4dCUyNyUyOS5hZGRFdmVudExpc3RlbmVyJTI4JTI3Y2xpY2slMjclMkMlMjAlMjglMjklMjAlM0QlM0UlMjAlN0IlMEElMjAlMjAlMjAlMjBpbmRleCUyMCUzRCUyMCUyOGluZGV4JTIwJTJCJTIwMSUyOSUyMCUyNSUyMGNhcmRzLmxlbmd0aCUzQiUwQSUyMCUyMCUyMCUyMHVwZGF0ZVNsaWRlJTI4JTI5JTNCJTBBJTIwJTIwJTdEJTI5JTNCJTBBJTBBJTIwJTIwZG9jdW1lbnQucXVlcnlTZWxlY3RvciUyOCUyNy5zbGlkZXJfbmF2LnByZXYlMjclMjkuYWRkRXZlbnRMaXN0ZW5lciUyOCUyN2NsaWNrJTI3JTJDJTIwJTI4JTI5JTIwJTNEJTNFJTIwJTdCJTBBJTIwJTIwJTIwJTIwaW5kZXglMjAlM0QlMjAlMjhpbmRleCUyMC0lMjAxJTIwJTJCJTIwY2FyZHMubGVuZ3RoJTI5JTIwJTI1JTIwY2FyZHMubGVuZ3RoJTNCJTBBJTIwJTIwJTIwJTIwdXBkYXRlU2xpZGUlMjglMjklM0IlMEElMjAlMjAlN0QlMjklM0IlMEElMEElMjAlMjAlMkYlMkYlMjBMaWdodGJveCUwQSUyMCUyMHNsaWRlcy5xdWVyeVNlbGVjdG9yQWxsJTI4JTI3aW1nJTI3JTI5LmZvckVhY2glMjhpbWclMjAlM0QlM0UlMjAlN0IlMEElMjAlMjAlMjAlMjBpbWcuYWRkRXZlbnRMaXN0ZW5lciUyOCUyN2NsaWNrJTI3JTJDJTIwJTI4JTI5JTIwJTNEJTNFJTIwJTdCJTBBJTIwJTIwJTIwJTIwJTIwJTIwZG9jdW1lbnQucXVlcnlTZWxlY3RvciUyOCUyNy5saWdodGJveF9pbWclMjclMjkuc3JjJTIwJTNEJTIwaW1nLnNyYyUzQiUwQSUyMCUyMCUyMCUyMCUyMCUyMGRvY3VtZW50LmdldEVsZW1lbnRCeUlkJTI4JTI3bGlnaHRib3hfb3ZlcmxheSUyNyUyOS5zdHlsZS5kaXNwbGF5JTIwJTNEJTIwJTI3ZmxleCUyNyUzQiUwQSUyMCUyMCUyMCUyMCU3RCUyOSUzQiUwQSUyMCUyMCU3RCUyOSUzQiUwQSUwQSUyMCUyMGRvY3VtZW50LnF1ZXJ5U2VsZWN0b3IlMjglMjcuY2xvc2VfbGlnaHRib3glMjclMjkuYWRkRXZlbnRMaXN0ZW5lciUyOCUyN2NsaWNrJTI3JTJDJTIwJTI4JTI5JTIwJTNEJTNFJTIwJTdCJTBBJTIwJTIwJTIwJTIwZG9jdW1lbnQuZ2V0RWxlbWVudEJ5SWQlMjglMjdsaWdodGJveF9vdmVybGF5JTI3JTI5LnN0eWxlLmRpc3BsYXklMjAlM0QlMjAlMjdub25lJTI3JTNCJTBBJTIwJTIwJTdEJTI5JTNCJTBBJTBBJTIwJTIwZG9jdW1lbnQuZ2V0RWxlbWVudEJ5SWQlMjglMjdsaWdodGJveF9vdmVybGF5JTI3JTI5LmFkZEV2ZW50TGlzdGVuZXIlMjglMjdjbGljayUyNyUyQyUyMCUyOGUlMjklMjAlM0QlM0UlMjAlN0IlMEElMjAlMjAlMjAlMjBpZiUyMCUyOGUudGFyZ2V0JTIwJTNEJTNEJTNEJTIwZS5jdXJyZW50VGFyZ2V0JTI5JTIwJTdCJTBBJTIwJTIwJTIwJTIwJTIwJTIwZS5jdXJyZW50VGFyZ2V0LnN0eWxlLmRpc3BsYXklMjAlM0QlMjAlMjdub25lJTI3JTNCJTBBJTIwJTIwJTIwJTIwJTdEJTBBJTIwJTIwJTdEJTI5JTNCJTBBJTNDJTJGc2NyaXB0JTNFJTBB<\/p>\n<p>[\/vc_raw_html][\/vc_column][\/vc_row][vc_row el_class=&#8221;aba-horizontal&#8221; expanded=&#8221;&#8221; background_type=&#8221;image&#8221; background_style=&#8221;cover&#8221;][vc_column width=&#8221;1\/1&#8243;][vc_tabs interval=&#8221;0&#8243;][vc_tab title=&#8221;DESCRI\u00c7\u00c3O&#8221; tab_id=&#8221;5216b294-bbf5-9&#8243;][vc_column_text]Retificadora Autom\u00e1tica Horizontal para corpo de provas cil\u00edndricos de concreto \u00d805\u00d710, \u00d810\u00d720 e \u00d815\u00d730 (cm) ou materiais rochosos nesses di\u00e2metros. Equipado com motor 3hp 220 ou 380 Volts trif\u00e1sico, disco\/rebolo diamantado, fixa\u00e7\u00e3o pneum\u00e1tica dos corpos de provas, posicionador pneum\u00e1tico para regular a espessura do desbaste, capa met\u00e1lica de prote\u00e7\u00e3o para o disco e motor, sistema de entrada de \u00e1gua para refrigera\u00e7\u00e3o do disco com acionamento autom\u00e1tico, descida e retorno do disco diamantado automatizado por meio de moto-redutores garantindo maior for\u00e7a, const\u00e2ncia e precis\u00e3o no movimento, velocidade de avan\u00e7o ajust\u00e1vel atrav\u00e9s de controle eletr\u00f4nico, mancais especiais fabricados em a\u00e7o ASTM A36 com retentores e rolamentos blindados, ber\u00e7o com refil em a\u00e7o SAE 1045 temperado e bandeja para recolhimento de res\u00edduos. N\u00e3o possui parafusos de regulagem de esquadro sendo todos componentes fixados sobre uma superf\u00edcie r\u00edgida e sem o risco de perda da aferi\u00e7\u00e3o precocemente.<\/p>\n<h3><\/h3>\n<p>[\/vc_column_text][\/vc_tab][vc_tab title=&#8221;CARACTER\u00cdSTICAS T\u00c9CNICA&#8221; tab_id=&#8221;1491404515938-2-2&#8243;][vc_column_text]<\/p>\n<h3><strong>Mais detalhes:<\/strong><\/h3>\n<p>\u2013 Motor 3 hp.<br \/>\n\u2013 Retifica\u00e7\u00e3o Autom\u00e1tica.<br \/>\n\u2013 Duplo ajuste de velocidade de retifica\u00e7\u00e3o.<br \/>\n\u2013 Fixador de CP pneum\u00e1tico.<br \/>\n\u2013 Ajuste de espessura de desbaste pneum\u00e1tico.<br \/>\n\u2013 Necessita de rede de ar comprimido.<br \/>\n\u2013 Bases planificadas por Flatland Process\u2122.<br \/>\n\u2013 Mancais fabricados em a\u00e7o ASTM A36 c\/ retentores e rolamentos blindados.<br \/>\n\u2013 Acionamento de refrigera\u00e7\u00e3o a \u00e1gua autom\u00e1tico.<br \/>\n\u2013 Bandeja de recolhimento de res\u00edduos.<br \/>\n\u2013 Prisma\/Ber\u00e7o de corpo de provas com refil retificado em a\u00e7o SAE 1045 temperado.<br \/>\n\u2013 Di\u00e2metros de CP: \u00d8 05\u00d710*, \u00d810\u00d720, \u00d815\u00d730 (cm).<br \/>\n\u2013 Acompanha rebolo diamantado.<br \/>\n-N\u00e3o acompanha compressor de ar<\/p>\n<h3><strong>Opcional:<\/strong><\/h3>\n<p>Dispositivo para fixa\u00e7\u00e3o de CP \u00d805\u00d710 cm<\/p>\n<p>\u2013 Dispositivo para fixa\u00e7\u00e3o de CP \u00d8 05\u00d710<br \/>\n\u2013 Compat\u00edvel com: SET 50, SET 50P, SET 100, SET 100P e Full.[\/vc_column_text][\/vc_tab][vc_tab title=&#8221;V\u00cdDEO&#8221; tab_id=&#8221;7c582eb1-75f7-5&#8243;][vc_column_text]<\/p>\n<p style=\"text-align: left;\"><span style=\"color: #333333;\"><strong>Retifica Polidora Automatica Full para Corpo de Provas de Concreto &#8211; Setor Ind\u00fastria\u00ae End Grinder<\/strong><\/span><\/p>\n<p><iframe loading=\"lazy\" src=\"https:\/\/www.youtube.com\/embed\/gtOTM6OaP_c\" width=\"560\" height=\"315\" frameborder=\"0\" allowfullscreen=\"allowfullscreen\"><\/iframe>[\/vc_column_text][\/vc_tab][\/vc_tabs][\/vc_column][\/vc_row]<\/p>\n<\/div>","protected":false},"excerpt":{"rendered":"<p>Sorry, this entry is only available in Portugu\u00eas do Brasil. For the sake of viewer convenience, the content is shown below in the alternative language. You may click the link to switch the active language.[vc_row css=&#8221;.vc_custom_1491406329414{margin-top: 0px !important;}&#8221; expanded=&#8221;&#8221; background_type=&#8221;image&#8221; background_style=&#8221;cover&#8221;][vc_column width=&#8221;1\/1&#8243;][vc_column_text] Ret\u00edfica para Corpo de provas FULL [\/vc_column_text][\/vc_column][\/vc_row][vc_row][vc_column width=&#8221;1\/3&#8243; css=&#8221;.vc_custom_1748450473043{border-bottom-width: 60px !important;}&#8221;][vc_column_text] Marca: Setor&hellip;<\/p>\n","protected":false},"author":1,"featured_media":0,"parent":7780,"menu_order":0,"comment_status":"closed","ping_status":"closed","template":"fullwidth.php","meta":{"_joinchat":[],"footnotes":""},"class_list":["post-9987","page","type-page","status-publish","hentry"],"_links":{"self":[{"href":"https:\/\/setorindustria.com.br\/en\/wp-json\/wp\/v2\/pages\/9987","targetHints":{"allow":["GET"]}}],"collection":[{"href":"https:\/\/setorindustria.com.br\/en\/wp-json\/wp\/v2\/pages"}],"about":[{"href":"https:\/\/setorindustria.com.br\/en\/wp-json\/wp\/v2\/types\/page"}],"author":[{"embeddable":true,"href":"https:\/\/setorindustria.com.br\/en\/wp-json\/wp\/v2\/users\/1"}],"replies":[{"embeddable":true,"href":"https:\/\/setorindustria.com.br\/en\/wp-json\/wp\/v2\/comments?post=9987"}],"version-history":[{"count":3,"href":"https:\/\/setorindustria.com.br\/en\/wp-json\/wp\/v2\/pages\/9987\/revisions"}],"predecessor-version":[{"id":10727,"href":"https:\/\/setorindustria.com.br\/en\/wp-json\/wp\/v2\/pages\/9987\/revisions\/10727"}],"up":[{"embeddable":true,"href":"https:\/\/setorindustria.com.br\/en\/wp-json\/wp\/v2\/pages\/7780"}],"wp:attachment":[{"href":"https:\/\/setorindustria.com.br\/en\/wp-json\/wp\/v2\/media?parent=9987"}],"curies":[{"name":"wp","href":"https:\/\/api.w.org\/{rel}","templated":true}]}}