{"id":10451,"date":"2017-05-22T14:39:50","date_gmt":"2017-05-22T17:39:50","guid":{"rendered":"http:\/\/setorindustria.com.br\/?page_id=10451"},"modified":"2025-05-28T13:17:03","modified_gmt":"2025-05-28T16:17:03","slug":"retifica-automatica-para-corpo-de-provas-multi-cp-linha-pro","status":"publish","type":"page","link":"https:\/\/setorindustria.com.br\/es\/maquinas\/retifica-automatica-para-corpo-de-provas-multi-cp-linha-pro\/","title":{"rendered":"(Portugu\u00eas do Brasil) Ret\u00edfica Autom\u00e1tica para Corpo de Provas \u2013 Multi CP Linha PRO"},"content":{"rendered":"<p class=\"qtranxs-available-languages-message qtranxs-available-languages-message-es\">Disculpa, pero esta entrada est\u00e1 disponible s\u00f3lo en <a href=\"https:\/\/setorindustria.com.br\/pb\/wp-json\/wp\/v2\/pages\/10451\" class=\"qtranxs-available-language-link qtranxs-available-language-link-pb\" title=\"Portugu\u00eas do Brasil\">Portugu\u00eas do Brasil<\/a>. For the sake of viewer convenience, the content is shown below in the alternative language. You may click the link to switch the active language.<\/p><div class=\"wpb-content-wrapper\"><p>[vc_row][vc_column width=\u00bb1\/1&#8243;][vc_column_text]<\/p>\n<h2 class=\"page-title\">Ret\u00edfica Autom\u00e1tica para Corpo de Provas \u2013 Multi CP Linha PRO<\/h2>\n<hr style=\"height: 2px; background: #a7a7a7; margin-top: -35px; margin-bottom: 20px;\" \/>\n<p>[\/vc_column_text][\/vc_column][\/vc_row][vc_row full_width=\u00bbstretch_row\u00bb expanded=\u00bb\u00bb background_type=\u00bbimage\u00bb background_style=\u00bbcover\u00bb][vc_column width=\u00bb1\/3&#8243;][vc_column_text]<\/p>\n<h3 style=\"text-align: left;\"><strong>Marca:<\/strong> Setor Ind\u00ae<\/h3>\n<h3 style=\"text-align: left;\"><strong>Modelo:<\/strong>\u00a0Multi CP Linha PRO<\/h3>\n<h3 style=\"text-align: left;\"><strong>Tens\u00e3o:<\/strong> Trif\u00e1sica 220V\/380V<\/h3>\n<h3 style=\"text-align: left;\"><strong>Garantia:<\/strong> 12 meses<\/h3>\n<p>[\/vc_column_text][vc_column_text]<a class=\"botao-pdf\" href=\"\/arquivos\/2017\/05\/Ret\u00edfica-para-Corpo-de-Provas-Multi-CP.pdf\">FOLDER<\/a><\/p>\n<p><a class=\"botao-pdf botaoOrcamento\" href=\"http:\/\/setorindustria.com.br\/orcamento\/\">OR\u00c7AMENTO<\/a>[\/vc_column_text][vc_empty_space height=\u00bb32px\u00bb][\/vc_column][vc_column width=\u00bb2\/3&#8243;][vc_raw_html]<\/p>\n<p>JTNDJTIxLS0lMjBTTElERVIlMjAtLSUzRSUwQSUzQ2RpdiUyMGNsYXNzJTNEJTIyc2xpZGVyX3Byb2Rfd3JhcHBlciUyMiUzRSUwQSUyMCUyMCUzQ2RpdiUyMGNsYXNzJTNEJTIyc2xpZGVyX3Byb2Rfc2xpZGVzJTIyJTNFJTBBJTIwJTIwJTIwJTIwJTNDZGl2JTIwY2xhc3MlM0QlMjJzbGlkZXJfY2FyZCUyMiUzRSUwQSUyMCUyMCUyMCUyMCUyMCUyMCUzQ2ltZyUyMHNyYyUzRCUyMmh0dHBzJTNBJTJGJTJGc2V0b3JpbmR1c3RyaWEuY29tLmJyJTJGYXJxdWl2b3MlMkYyMDE3JTJGMDUlMkZSZXQlQzMlQURmaWNhLWZhY2VhZG9yYS1wYXJhLWNvcnBvLWRlLXByb3Zhcy1kZS1jb25jcmV0by1NVUxUSS1DUC0xLlMuanBlZyUyMiUyMGFsdCUzRCUyMkltYWdlbSUyMDElMjIlM0UlMEElMjAlMjAlMjAlMjAlM0MlMkZkaXYlM0UlMEElMjAlMjAlMjAlMjAlM0NkaXYlMjBjbGFzcyUzRCUyMnNsaWRlcl9jYXJkJTIyJTNFJTBBJTIwJTIwJTIwJTIwJTIwJTIwJTNDaW1nJTIwc3JjJTNEJTIyaHR0cHMlM0ElMkYlMkZzZXRvcmluZHVzdHJpYS5jb20uYnIlMkZhcnF1aXZvcyUyRjIwMTclMkYwNSUyRlJldCVDMyVBRGZpY2EtZmFjZWFkb3JhLXBhcmEtY29ycG8tZGUtcHJvdmFzLWRlLWNvbmNyZXRvLU1VTFRJLUNQLTIucy5qcGVnJTIyJTIwYWx0JTNEJTIySW1hZ2VtJTIwMiUyMiUzRSUwQSUyMCUyMCUyMCUyMCUzQyUyRmRpdiUzRSUwQSUyMCUyMCUyMCUyMCUzQ2RpdiUyMGNsYXNzJTNEJTIyc2xpZGVyX2NhcmQlMjIlM0UlMEElMjAlMjAlMjAlMjAlMjAlMjAlM0NpbWclMjBzcmMlM0QlMjJodHRwcyUzQSUyRiUyRnNldG9yaW5kdXN0cmlhLmNvbS5iciUyRmFycXVpdm9zJTJGMjAxNyUyRjA1JTJGUmV0JUMzJUFEZmljYS1mYWNlYWRvcmEtcGFyYS1jb3Jwby1kZS1wcm92YXMtZGUtY29uY3JldG8tTVVMVEktQ1AtNC5zLmpwZWclMjIlMjBhbHQlM0QlMjJJbWFnZW0lMjAzJTIyJTNFJTBBJTIwJTIwJTIwJTIwJTNDJTJGZGl2JTNFJTBBJTIwJTIwJTNDJTJGZGl2JTNFJTBBJTIwJTIwJTNDYnV0dG9uJTIwY2xhc3MlM0QlMjJzbGlkZXJfbmF2JTIwcHJldiUyMiUzRSUyNiUyMzEwMDk0JTNCJTNDJTJGYnV0dG9uJTNFJTBBJTIwJTIwJTNDYnV0dG9uJTIwY2xhc3MlM0QlMjJzbGlkZXJfbmF2JTIwbmV4dCUyMiUzRSUyNiUyMzEwMDk1JTNCJTNDJTJGYnV0dG9uJTNFJTBBJTNDJTJGZGl2JTNFJTBBJTBBJTNDJTIxLS0lMjBCVUxMRVRTJTIwLS0lM0UlMEElM0NkaXYlMjBjbGFzcyUzRCUyMnNsaWRlcl9idWxsZXRzJTIyJTNFJTNDJTJGZGl2JTNFJTBBJTBBJTNDJTIxLS0lMjBMSUdIVEJPWCUyMC0tJTNFJTBBJTNDZGl2JTIwaWQlM0QlMjJsaWdodGJveF9vdmVybGF5JTIyJTNFJTBBJTIwJTIwJTNDc3BhbiUyMGNsYXNzJTNEJTIyY2xvc2VfbGlnaHRib3glMjIlM0UlMjZ0aW1lcyUzQiUzQyUyRnNwYW4lM0UlMEElMjAlMjAlM0NpbWclMjBjbGFzcyUzRCUyMmxpZ2h0Ym94X2ltZyUyMiUyMHNyYyUzRCUyMiUyMiUyMGFsdCUzRCUyMkltYWdlbSUyMEFtcGxpYWRhJTIyJTNFJTBBJTNDJTJGZGl2JTNFJTBBJTBBJTBBJTBBJTNDJTIxLS0lMjBTQ1JJUFQlMjAtLSUzRSUwQSUzQ3NjcmlwdCUzRSUwQSUyMCUyMGNvbnN0JTIwc2xpZGVzJTIwJTNEJTIwZG9jdW1lbnQucXVlcnlTZWxlY3RvciUyOCUyNy5zbGlkZXJfcHJvZF9zbGlkZXMlMjclMjklM0IlMEElMjAlMjBjb25zdCUyMGNhcmRzJTIwJTNEJTIwc2xpZGVzLnF1ZXJ5U2VsZWN0b3JBbGwlMjglMjcuc2xpZGVyX2NhcmQlMjclMjklM0IlMEElMjAlMjBjb25zdCUyMGJ1bGxldHNDb250YWluZXIlMjAlM0QlMjBkb2N1bWVudC5xdWVyeVNlbGVjdG9yJTI4JTI3LnNsaWRlcl9idWxsZXRzJTI3JTI5JTNCJTBBJTIwJTIwbGV0JTIwaW5kZXglMjAlM0QlMjAwJTNCJTBBJTBBJTIwJTIwJTJGJTJGJTIwQXBsaWNhJTIwbGV2ZSUyMHpvb20lMjBhcGVuYXMlMjBuYXMlMjBpbWFnZW5zJTIwdmVydGljYWlzJTBBJTIwJTIwY2FyZHMuZm9yRWFjaCUyOGNhcmQlMjAlM0QlM0UlMjAlN0IlMEElMjAlMjAlMjAlMjBjb25zdCUyMGltZyUyMCUzRCUyMGNhcmQucXVlcnlTZWxlY3RvciUyOCUyN2ltZyUyNyUyOSUzQiUwQSUyMCUyMCUyMCUyMGltZy5vbmxvYWQlMjAlM0QlMjAlMjglMjklMjAlM0QlM0UlMjAlN0IlMEElMjAlMjAlMjAlMjAlMjAlMjBpZiUyMCUyOGltZy5uYXR1cmFsSGVpZ2h0JTIwJTNFJTIwaW1nLm5hdHVyYWxXaWR0aCUyOSUyMCU3QiUwQSUyMCUyMCUyMCUyMCUyMCUyMCUyMCUyMGltZy5jbGFzc0xpc3QuYWRkJTI4JTI3em9vbS12ZXJ0aWNhbCUyNyUyOSUzQiUwQSUyMCUyMCUyMCUyMCUyMCUyMCU3RCUwQSUyMCUyMCUyMCUyMCU3RCUzQiUwQSUyMCUyMCU3RCUyOSUzQiUwQSUwQSUyMCUyMCUyRiUyRiUyMENyaWElMjBidWxsZXRzJTBBJTIwJTIwY2FyZHMuZm9yRWFjaCUyOCUyOF8lMkMlMjBpJTI5JTIwJTNEJTNFJTIwJTdCJTBBJTIwJTIwJTIwJTIwY29uc3QlMjBkb3QlMjAlM0QlMjBkb2N1bWVudC5jcmVhdGVFbGVtZW50JTI4JTI3c3BhbiUyNyUyOSUzQiUwQSUyMCUyMCUyMCUyMGlmJTIwJTI4aSUyMCUzRCUzRCUzRCUyMDAlMjklMjBkb3QuY2xhc3NMaXN0LmFkZCUyOCUyN2FjdGl2ZSUyNyUyOSUzQiUwQSUyMCUyMCUyMCUyMGRvdC5hZGRFdmVudExpc3RlbmVyJTI4JTI3Y2xpY2slMjclMkMlMjAlMjglMjklMjAlM0QlM0UlMjAlN0IlMEElMjAlMjAlMjAlMjAlMjAlMjBpbmRleCUyMCUzRCUyMGklM0IlMEElMjAlMjAlMjAlMjAlMjAlMjB1cGRhdGVTbGlkZSUyOCUyOSUzQiUwQSUyMCUyMCUyMCUyMCU3RCUyOSUzQiUwQSUyMCUyMCUyMCUyMGJ1bGxldHNDb250YWluZXIuYXBwZW5kQ2hpbGQlMjhkb3QlMjklM0IlMEElMjAlMjAlN0QlMjklM0IlMEElMEElMjAlMjBmdW5jdGlvbiUyMHVwZGF0ZVNsaWRlJTI4JTI5JTIwJTdCJTBBJTIwJTIwJTIwJTIwc2xpZGVzLnN0eWxlLnRyYW5zZm9ybSUyMCUzRCUyMCU2MHRyYW5zbGF0ZVglMjgtJTI0JTdCaW5kZXglMjAlMkElMjAxMDAlN0QlMjUlMjklNjAlM0IlMEElMjAlMjAlMjAlMjBkb2N1bWVudC5xdWVyeVNlbGVjdG9yQWxsJTI4JTI3LnNsaWRlcl9idWxsZXRzJTIwc3BhbiUyNyUyOS5mb3JFYWNoJTI4JTI4YiUyQyUyMGklMjklMjAlM0QlM0UlMjAlN0IlMEElMjAlMjAlMjAlMjAlMjAlMjBiLmNsYXNzTGlzdC50b2dnbGUlMjglMjdhY3RpdmUlMjclMkMlMjBpJTIwJTNEJTNEJTNEJTIwaW5kZXglMjklM0IlMEElMjAlMjAlMjAlMjAlN0QlMjklM0IlMEElMjAlMjAlN0QlMEElMEElMjAlMjBkb2N1bWVudC5xdWVyeVNlbGVjdG9yJTI4JTI3LnNsaWRlcl9uYXYubmV4dCUyNyUyOS5hZGRFdmVudExpc3RlbmVyJTI4JTI3Y2xpY2slMjclMkMlMjAlMjglMjklMjAlM0QlM0UlMjAlN0IlMEElMjAlMjAlMjAlMjBpbmRleCUyMCUzRCUyMCUyOGluZGV4JTIwJTJCJTIwMSUyOSUyMCUyNSUyMGNhcmRzLmxlbmd0aCUzQiUwQSUyMCUyMCUyMCUyMHVwZGF0ZVNsaWRlJTI4JTI5JTNCJTBBJTIwJTIwJTdEJTI5JTNCJTBBJTBBJTIwJTIwZG9jdW1lbnQucXVlcnlTZWxlY3RvciUyOCUyNy5zbGlkZXJfbmF2LnByZXYlMjclMjkuYWRkRXZlbnRMaXN0ZW5lciUyOCUyN2NsaWNrJTI3JTJDJTIwJTI4JTI5JTIwJTNEJTNFJTIwJTdCJTBBJTIwJTIwJTIwJTIwaW5kZXglMjAlM0QlMjAlMjhpbmRleCUyMC0lMjAxJTIwJTJCJTIwY2FyZHMubGVuZ3RoJTI5JTIwJTI1JTIwY2FyZHMubGVuZ3RoJTNCJTBBJTIwJTIwJTIwJTIwdXBkYXRlU2xpZGUlMjglMjklM0IlMEElMjAlMjAlN0QlMjklM0IlMEElMEElMjAlMjAlMkYlMkYlMjBMaWdodGJveCUwQSUyMCUyMHNsaWRlcy5xdWVyeVNlbGVjdG9yQWxsJTI4JTI3aW1nJTI3JTI5LmZvckVhY2glMjhpbWclMjAlM0QlM0UlMjAlN0IlMEElMjAlMjAlMjAlMjBpbWcuYWRkRXZlbnRMaXN0ZW5lciUyOCUyN2NsaWNrJTI3JTJDJTIwJTI4JTI5JTIwJTNEJTNFJTIwJTdCJTBBJTIwJTIwJTIwJTIwJTIwJTIwZG9jdW1lbnQucXVlcnlTZWxlY3RvciUyOCUyNy5saWdodGJveF9pbWclMjclMjkuc3JjJTIwJTNEJTIwaW1nLnNyYyUzQiUwQSUyMCUyMCUyMCUyMCUyMCUyMGRvY3VtZW50LmdldEVsZW1lbnRCeUlkJTI4JTI3bGlnaHRib3hfb3ZlcmxheSUyNyUyOS5zdHlsZS5kaXNwbGF5JTIwJTNEJTIwJTI3ZmxleCUyNyUzQiUwQSUyMCUyMCUyMCUyMCU3RCUyOSUzQiUwQSUyMCUyMCU3RCUyOSUzQiUwQSUwQSUyMCUyMGRvY3VtZW50LnF1ZXJ5U2VsZWN0b3IlMjglMjcuY2xvc2VfbGlnaHRib3glMjclMjkuYWRkRXZlbnRMaXN0ZW5lciUyOCUyN2NsaWNrJTI3JTJDJTIwJTI4JTI5JTIwJTNEJTNFJTIwJTdCJTBBJTIwJTIwJTIwJTIwZG9jdW1lbnQuZ2V0RWxlbWVudEJ5SWQlMjglMjdsaWdodGJveF9vdmVybGF5JTI3JTI5LnN0eWxlLmRpc3BsYXklMjAlM0QlMjAlMjdub25lJTI3JTNCJTBBJTIwJTIwJTdEJTI5JTNCJTBBJTBBJTIwJTIwZG9jdW1lbnQuZ2V0RWxlbWVudEJ5SWQlMjglMjdsaWdodGJveF9vdmVybGF5JTI3JTI5LmFkZEV2ZW50TGlzdGVuZXIlMjglMjdjbGljayUyNyUyQyUyMCUyOGUlMjklMjAlM0QlM0UlMjAlN0IlMEElMjAlMjAlMjAlMjBpZiUyMCUyOGUudGFyZ2V0JTIwJTNEJTNEJTNEJTIwZS5jdXJyZW50VGFyZ2V0JTI5JTIwJTdCJTBBJTIwJTIwJTIwJTIwJTIwJTIwZS5jdXJyZW50VGFyZ2V0LnN0eWxlLmRpc3BsYXklMjAlM0QlMjAlMjdub25lJTI3JTNCJTBBJTIwJTIwJTIwJTIwJTdEJTBBJTIwJTIwJTdEJTI5JTNCJTBBJTNDJTJGc2NyaXB0JTNFJTBB<\/p>\n<p>[\/vc_raw_html][\/vc_column][\/vc_row][vc_row el_class=\u00bbaba-horizontal\u00bb expanded=\u00bb\u00bb background_type=\u00bbimage\u00bb background_style=\u00bbcover\u00bb][vc_column width=\u00bb1\/1&#8243;][vc_tabs interval=\u00bb0&#8243; el_class=\u00bbaba-horizontal\u00bb][vc_tab title=\u00bbDESCRI\u00c7\u00c3O\u00bb tab_id=\u00bb1495475556973-2-10&#8243;][vc_column_text]<span style=\"font-weight: 400;\">A Ret\u00edfica para Corpo de Provas de Concreto <\/span><b>MULTI CP <\/b><span style=\"font-weight: 400;\">\u00e9 a mais avan\u00e7ada e robusta retificadora autom\u00e1tica horizontal da linha PRO, projetada para alto desempenho e produtividade inigual\u00e1veis. Desenvolvida para retificar at\u00e9 <\/span><b>quatro corpos de provas cil\u00edndricos<\/b><span style=\"font-weight: 400;\"> simultaneamente nos di\u00e2metros <\/span><b>\u00d805&#215;10, \u00d810&#215;20 e \u00d815&#215;30 cm<\/b><span style=\"font-weight: 400;\">, al\u00e9m de materiais rochosos nesses di\u00e2metros, a <\/span><b>MULTI CP<\/b><span style=\"font-weight: 400;\"> \u00e9 sin\u00f4nimo de robustez, tecnologia e efici\u00eancia.<\/span><\/p>\n<p><span style=\"font-weight: 400;\">Equipada com um potente <\/span><b>motor de 5 hp<\/b><span style=\"font-weight: 400;\">, possui um sistema de alta precis\u00e3o para a movimenta\u00e7\u00e3o do disco diamantado, garantindo uniformidade e qualidade superior no acabamento. Seus <\/span><b>fixadores pneum\u00e1ticos verticais<\/b><span style=\"font-weight: 400;\">, acionados diretamente no painel, permite maior seguran\u00e7a e estabilidade dos corpos de provas, enquanto o <\/span><b>ajuste de espessura pneum\u00e1tico<\/b><span style=\"font-weight: 400;\"> proporciona padroniza\u00e7\u00e3o absoluta do desbaste.<\/span><\/p>\n<p><span style=\"font-weight: 400;\">Sua estrutura foi projetada para <\/span><b>m\u00e1xima durabilidade<\/b><span style=\"font-weight: 400;\">, contando com <\/span><b>guias lineares duplas<\/b><span style=\"font-weight: 400;\">, que asseguram movimenta\u00e7\u00e3o precisa e constante do disco, e um <\/span><b>ber\u00e7o quadruplo em \u00abV\u00bb com refis de a\u00e7o SAE 1045 temperado<\/b><span style=\"font-weight: 400;\">, garantindo a aferi\u00e7\u00e3o, estabilidade absoluta e maior durabilidade aos desgastes. O sistema de <\/span><b>refrigera\u00e7\u00e3o autom\u00e1tica<\/b><span style=\"font-weight: 400;\"> otimiza o consumo de \u00e1gua e conserva os componentes por muito mais tempo.<\/span><\/p>\n<p><span style=\"font-weight: 400;\">Com <\/span><b>op\u00e7\u00e3o de opera\u00e7\u00e3o nos modos manual ou autom\u00e1tico<\/b><span style=\"font-weight: 400;\">, atrav\u00e9s de um painel intuitivo e ergon\u00f4mico, a <\/span><b>MULTI CP<\/b><span style=\"font-weight: 400;\"> entrega <\/span><b>padroniza\u00e7\u00e3o e produtividade incompar\u00e1veis<\/b><span style=\"font-weight: 400;\">, sem comprometer a seguran\u00e7a j\u00e1 que conta com carenagens de prote\u00e7\u00e3o, obedecendo a rigorosos padr\u00f5es de prote\u00e7\u00e3o do trabalho.<\/span><\/p>\n<p><b>DIFERENCIAIS EXCLUSIVOS:<\/b><\/p>\n<ul>\n<li style=\"font-weight: 400;\"><b>Pot\u00eancia do Motor:\u00a0 <\/b><span style=\"font-weight: 400;\">Equipado com <\/span><b>motor de 5 HP trif\u00e1sico<\/b><span style=\"font-weight: 400;\"> (220V ou 380V), o mais potente da categoria, garantindo performance superior;<\/span><\/li>\n<li style=\"font-weight: 400;\"><b>Retifica\u00e7\u00e3o autom\u00e1tica: <\/b><span style=\"font-weight: 400;\">Movimenta\u00e7\u00e3o do disco com ajuste de velocidade, proporcionando efici\u00eancia e precis\u00e3o;<\/span><\/li>\n<li style=\"font-weight: 400;\"><b>Modos de opera\u00e7\u00e3o: Possui dois modos de opera\u00e7\u00e3o, manual ou autom\u00e1tica<\/b><span style=\"font-weight: 400;\">, com controle total no painel trazendo mais flexibilidade e possibilidades de adequa\u00e7\u00e3o para cada tipo de trabalho.<\/span><\/li>\n<li style=\"font-weight: 400;\"><b>Acabamento Profissional:<\/b><span style=\"font-weight: 400;\"> Equipado com <\/span><b>disco\/rebolo diamantado<\/b> <b>silencioso <\/b><span style=\"font-weight: 400;\">e de alto desempenho para desbastes de extrema qualidade.<\/span><\/li>\n<li style=\"font-weight: 400;\"><b>Fixa\u00e7\u00e3o Segura e Estrutura Premium: <\/b><span style=\"font-weight: 400;\">Sistema de fixa\u00e7\u00e3o autom\u00e1tico pneum\u00e1tico trazendo agilidade e praticidade, aliado a um robusto <\/span><b>prisma\/ber\u00e7o em \u201cV\u201d quadruplo monobloco<\/b><span style=\"font-weight: 400;\"> com refis retificados em a\u00e7o SAE 1045 temperado, garantindo a aferi\u00e7\u00e3o, estabilidade absoluta e maior durabilidade.<\/span><b>\u00a0<\/b><\/li>\n<li style=\"font-weight: 400;\"><b>Ajuste de espessura de desbaste pneum\u00e1tico:<\/b><span style=\"font-weight: 400;\"> Permite um ajuste f\u00e1cil, pr\u00e1tico e preciso para total controle no processo.;<\/span><\/li>\n<li style=\"font-weight: 400;\"><b>Constru\u00e7\u00e3o Refor\u00e7ada:<\/b><span style=\"font-weight: 400;\"> Possui o chassi monobloco, o mais robusto da categoria, garantindo resist\u00eancia extrema e longa vida \u00fatil.<\/span><\/li>\n<li style=\"font-weight: 400;\"><b>Processo Exclusivo Flatland Process\u2122 3D:<\/b><span style=\"font-weight: 400;\"> Todas as bases planificadas com tecnologia de fabrica\u00e7\u00e3o avan\u00e7ada, eliminando necessidade de ajustes constantes. Al\u00e9m disso, a m\u00e1quina <\/span><b>n\u00e3o possui parafusos de regulagem de esquadro<\/b><span style=\"font-weight: 400;\">, garantindo uma estrutura r\u00edgida e imut\u00e1vel, evitando a perda da aferi\u00e7\u00e3o ao longo do tempo.<\/span><\/li>\n<li style=\"font-weight: 400;\"><b>Sistema de Refrigera\u00e7\u00e3o Autom\u00e1tica Inteligente:<\/b><span style=\"font-weight: 400;\"> Entrada de \u00e1gua com acionamento autom\u00e1tico, otimizando o consumo e prolongando a vida \u00fatil do rebolo diamantado.<\/span><\/li>\n<li style=\"font-weight: 400;\"><b>Lubrifica\u00e7\u00e3o: <\/b><span style=\"font-weight: 400;\">Equipada com moderno sistema de lubrifica\u00e7\u00e3o \u00e0 \u00f3leo centralizado autom\u00e1tico, reduzindo manuten\u00e7\u00e3o e aumentando a vida \u00fatil dos componentes;<\/span><\/li>\n<\/ul>\n<p><span style=\"font-weight: 400;\">A Ret\u00edfica Faceadora para CP <\/span><b>MULTI CP<\/b><span style=\"font-weight: 400;\"> foi projetada para quem busca <\/span><b>produtividade, precis\u00e3o e tecnologia de ponta<\/b><span style=\"font-weight: 400;\">. Eleve seus padr\u00f5es de qualidade com a melhor retificadora da categoria.<\/span>[\/vc_column_text][\/vc_tab][vc_tab title=\u00bbCARACTER\u00cdSTICAS T\u00c9CNICAS\u00bb tab_id=\u00bb1495475562888-2-1&#8243;][vc_column_text]<b>Especifica\u00e7\u00f5es T\u00e9cnicas:<\/b><\/p>\n<ol>\n<li style=\"font-weight: 400;\"><b>Marca<\/b><span style=\"font-weight: 400;\">: Setor Ind\u00fastria\u00ae<\/span><\/li>\n<li style=\"font-weight: 400;\"><b>Modelo<\/b><span style=\"font-weight: 400;\">: Multi CP<\/span><\/li>\n<li style=\"font-weight: 400;\"><b>Linha<\/b><span style=\"font-weight: 400;\">: Linha PRO<\/span><\/li>\n<li style=\"font-weight: 400;\"><b>Tipo de Equipamento<\/b><span style=\"font-weight: 400;\">: Retificadora Horizontal Autom\u00e1tica\u00a0<\/span><\/li>\n<li style=\"font-weight: 400;\"><b>Motoriza\u00e7\u00e3o<\/b><span style=\"font-weight: 400;\">: 5 hp trif\u00e1sico 220V 60Hz ou 380V 60Hz\u00a0<\/span><\/li>\n<li style=\"font-weight: 400;\"><b>Materiais Compat\u00edveis<\/b><span style=\"font-weight: 400;\">: Concreto, Argamassa, Rochas e outros materiais cer\u00e2micos<\/span><\/li>\n<li style=\"font-weight: 400;\"><b>Dimens\u00f5es das Amostras Suportadas:<\/b><span style=\"font-weight: 400;\"> \u00d805&#215;10 cm, \u00d810&#215;20 cm e \u00d815&#215;30 cm<\/span><\/li>\n<li style=\"font-weight: 400;\"><b>Quantidade de amostras por vez:<\/b><span style=\"font-weight: 400;\"> 4 Corpos de Provas\u00a0<\/span><\/li>\n<li style=\"font-weight: 400;\"><b>Sistema de Fixa\u00e7\u00e3o:<\/b><span style=\"font-weight: 400;\"> Autom\u00e1tico Pneum\u00e1tico<\/span><\/li>\n<li style=\"font-weight: 400;\"><b>Refrigera\u00e7\u00e3o<\/b><span style=\"font-weight: 400;\">: Acionamento autom\u00e1tico<\/span><\/li>\n<li style=\"font-weight: 400;\"><b>Disco\/Rebolo:<\/b><span style=\"font-weight: 400;\"> Disco\/Rebolo diamantado linha GOLD Alto acabamento de f\u00e1cil remo\u00e7\u00e3o e baixo ru\u00eddo<\/span><\/li>\n<li style=\"font-weight: 400;\"><b>Sistema de Ajuste de Espessura:<\/b><span style=\"font-weight: 400;\"> Autom\u00e1tico Pneum\u00e1tico\u00a0<\/span><\/li>\n<li style=\"font-weight: 400;\"><b>Processo de Retifica\u00e7\u00e3o:<\/b><span style=\"font-weight: 400;\"> Autom\u00e1tico<\/span><\/li>\n<li style=\"font-weight: 400;\"><b>Tecnologia Exclusiva: <\/b><span style=\"font-weight: 400;\">Flatland Process\u2122 3D<\/span><\/li>\n<li style=\"font-weight: 400;\"><b>Sistema de Lubrifica\u00e7\u00e3o:<\/b><span style=\"font-weight: 400;\"> Centralizado Autom\u00e1tico<\/span><\/li>\n<li style=\"font-weight: 400;\"><b>Seguran\u00e7a:<\/b><span style=\"font-weight: 400;\"> Capa de prote\u00e7\u00e3o para o motor, disco e ber\u00e7o em \u201cV\u201d<\/span><\/li>\n<li style=\"font-weight: 400;\"><b>Dimens\u00f5es F\u00edsicas do Equipamento (AxCxL):<\/b><span style=\"font-weight: 400;\">\u00a0 670 x 1320 x 730 (mm)<\/span><\/li>\n<li style=\"font-weight: 400;\"><b>\u00a0Peso Total<\/b><span style=\"font-weight: 400;\">: 280 kg<\/span><\/li>\n<li style=\"font-weight: 400;\"><b>\u00a0Acess\u00f3rios Inclusos<\/b><span style=\"font-weight: 400;\">: Rebolo diamantado e manual de instru\u00e7\u00f5es em portugu\u00eas.<\/span><\/li>\n<li style=\"font-weight: 400;\"><b>N\u00e3o Incluso<\/b><span style=\"font-weight: 400;\">: Compressor de ar n\u00e3o incluso, disco \u00d8220mm para CP \u00d815&#215;30 n\u00e3o incluso, treinamento e instala\u00e7\u00e3o<\/span><\/li>\n<li style=\"font-weight: 400;\"><b>Garantia<\/b><span style=\"font-weight: 400;\">: 12 meses<\/span><\/li>\n<\/ol>\n<p>[\/vc_column_text][\/vc_tab][vc_tab title=\u00bbV\u00cdDEO\u00bb tab_id=\u00bb1495475594195-2-3&#8243;][vc_column_text]<\/p>\n<p style=\"text-align: left;\"><span style=\"color: #333333;\"><strong>Retifica Polidora Automatica Full para Corpo de Provas de Concreto Multi CP &#8211; Setor Ind\u00fastria\u00ae End Grinder<\/strong><\/span><\/p>\n<p><iframe loading=\"lazy\" src=\"https:\/\/www.youtube.com\/embed\/guCEiMOJJWA?rel=0\" width=\"560\" height=\"315\" frameborder=\"0\" allowfullscreen=\"allowfullscreen\"><\/iframe>[\/vc_column_text][\/vc_tab][\/vc_tabs][vc_tabs interval=\u00bb0&#8243;]<br \/>\n[\/vc_tabs][\/vc_column][\/vc_row]<\/p>\n<\/div>","protected":false},"excerpt":{"rendered":"<p>Disculpa, pero esta entrada est\u00e1 disponible s\u00f3lo en Portugu\u00eas do Brasil. For the sake of viewer convenience, the content is shown below in the alternative language. You may click the link to switch the active language.[vc_row][vc_column width=\u00bb1\/1&#8243;][vc_column_text] Ret\u00edfica Autom\u00e1tica para Corpo de Provas \u2013 Multi CP Linha PRO [\/vc_column_text][\/vc_column][\/vc_row][vc_row full_width=\u00bbstretch_row\u00bb expanded=\u00bb\u00bb background_type=\u00bbimage\u00bb background_style=\u00bbcover\u00bb][vc_column width=\u00bb1\/3&#8243;][vc_column_text] Marca:&hellip;<\/p>\n","protected":false},"author":1,"featured_media":0,"parent":7780,"menu_order":0,"comment_status":"closed","ping_status":"closed","template":"fullwidth.php","meta":{"_joinchat":[],"footnotes":""},"class_list":["post-10451","page","type-page","status-publish","hentry"],"_links":{"self":[{"href":"https:\/\/setorindustria.com.br\/es\/wp-json\/wp\/v2\/pages\/10451","targetHints":{"allow":["GET"]}}],"collection":[{"href":"https:\/\/setorindustria.com.br\/es\/wp-json\/wp\/v2\/pages"}],"about":[{"href":"https:\/\/setorindustria.com.br\/es\/wp-json\/wp\/v2\/types\/page"}],"author":[{"embeddable":true,"href":"https:\/\/setorindustria.com.br\/es\/wp-json\/wp\/v2\/users\/1"}],"replies":[{"embeddable":true,"href":"https:\/\/setorindustria.com.br\/es\/wp-json\/wp\/v2\/comments?post=10451"}],"version-history":[{"count":4,"href":"https:\/\/setorindustria.com.br\/es\/wp-json\/wp\/v2\/pages\/10451\/revisions"}],"predecessor-version":[{"id":10712,"href":"https:\/\/setorindustria.com.br\/es\/wp-json\/wp\/v2\/pages\/10451\/revisions\/10712"}],"up":[{"embeddable":true,"href":"https:\/\/setorindustria.com.br\/es\/wp-json\/wp\/v2\/pages\/7780"}],"wp:attachment":[{"href":"https:\/\/setorindustria.com.br\/es\/wp-json\/wp\/v2\/media?parent=10451"}],"curies":[{"name":"wp","href":"https:\/\/api.w.org\/{rel}","templated":true}]}}